{"id":48,"date":"2017-08-09T16:46:13","date_gmt":"2017-08-09T14:46:13","guid":{"rendered":"http:\/\/localhost\/lavori\/allco\/?page_id=48"},"modified":"2020-02-17T16:18:55","modified_gmt":"2020-02-17T15:18:55","slug":"energiasolare","status":"publish","type":"page","link":"https:\/\/allco.tesecom.net\/en\/allco-group\/vi-aiutiamo-a-sostenere-lenergia-solare\/","title":{"rendered":"Exploiting solar energy"},"content":{"rendered":"<p class=\"qtranxs-available-languages-message qtranxs-available-languages-message-en\">Sorry, this entry is only available in <a href=\"https:\/\/allco.tesecom.net\/it\/wp-json\/wp\/v2\/pages\/48\" class=\"qtranxs-available-language-link qtranxs-available-language-link-it\" title=\"Italiano\">Italiano<\/a> and <a href=\"https:\/\/allco.tesecom.net\/de\/wp-json\/wp\/v2\/pages\/48\" class=\"qtranxs-available-language-link qtranxs-available-language-link-de\" title=\"Deutsch\">Deutsch<\/a>. For the sake of viewer convenience, the content is shown below in this site default language. You may click one of the links to switch the site language to another available language.<\/p><p class=\"lead\"><\/p>\n<p><span style=\"font-size: 20px;\">All.co \u00e8 il partner ideale di chi vuol mettere a frutto la forza del sole.<\/span><\/p>\n<p style=\"text-align: justify;\"><span style=\"font-size: 14px; font-family: arial, helvetica, sans-serif; color: #808080;\">All.co sostiene la rivoluzione solare. Perch\u00e9 anche la pi\u00f9 grande fra tutte le rivoluzioni ha bisogno di stabilit\u00e0. \u00c8 grazie ad un cuore di silicio che la forza del sole diventa energia e valore. Ma \u00e8 sull\u2019alluminio che poggia la resistenza e l\u2019efficienza del sistema. All.co realizza ottime infrastrutture in alluminio per impianti fotovoltaici. Lo fa dall\u2019alto di una quarantennale esperienza nell\u2019estrusione dei metalli, nello studio delle migliori leghe, nella progettazione di profili sempre pi\u00f9 efficienti e tecnologicamente avanzati.\u00a0I sistemi All.co per il fotovoltaico coprono tutte le esigenze di un mercato in rapidissima evoluzione: dalle cornici e dai telai per i singoli moduli solari ai profili per l\u2019integrazione dei pannelli in strutture \u2013 anche molto articolate \u2013 di ombreggiamento e schermatura, dai supporti per la creazione di impianti residenziali alle strutture per estese installazioni in aziende, insediamenti produttivi o parchi solari. La massima flessibilit\u00e0 nella personalizzazione dei profili (disegni, finiture, tagli) consente ad All.co di offrire soluzioni in linea con la richiesta di sempre maggiore efficienza degli impianti, di facilit\u00e0, rapidit\u00e0 e versatilit\u00e0 di montaggio, di speciali adattamenti tecnologici, architettonici, estetici.<\/span><\/p>\n<p style=\"text-align: justify;\"><span style=\"font-size: 14px; font-family: arial, helvetica, sans-serif; color: #808080;\">Scegliere All.co significa scegliere un partner che conosce tutti i segreti dell\u2019alluminio, un metallo dalle ottime doti di leggerezza e resistenza, riciclabile al cento per cento, inattaccabile dagli agenti atmosferici, a bassissimo impatto ambientale e quindi perfetto in ambiti progettuali finalizzati al rispetto delle risorse naturali ed al recupero delle energie.<\/span><\/p>\n<p><\/p>","protected":false},"excerpt":{"rendered":"<p>We support the solar revolution. Because even the greatest revolutions need stability.<\/p>\n","protected":false},"author":1,"featured_media":884,"parent":5,"menu_order":0,"comment_status":"closed","ping_status":"closed","template":"page-left-sidebar.php","meta":{"footnotes":""},"class_list":["post-48","page","type-page","status-publish","has-post-thumbnail","hentry"],"aioseo_notices":[],"_links":{"self":[{"href":"https:\/\/allco.tesecom.net\/en\/wp-json\/wp\/v2\/pages\/48","targetHints":{"allow":["GET"]}}],"collection":[{"href":"https:\/\/allco.tesecom.net\/en\/wp-json\/wp\/v2\/pages"}],"about":[{"href":"https:\/\/allco.tesecom.net\/en\/wp-json\/wp\/v2\/types\/page"}],"author":[{"embeddable":true,"href":"https:\/\/allco.tesecom.net\/en\/wp-json\/wp\/v2\/users\/1"}],"replies":[{"embeddable":true,"href":"https:\/\/allco.tesecom.net\/en\/wp-json\/wp\/v2\/comments?post=48"}],"version-history":[{"count":18,"href":"https:\/\/allco.tesecom.net\/en\/wp-json\/wp\/v2\/pages\/48\/revisions"}],"predecessor-version":[{"id":2617,"href":"https:\/\/allco.tesecom.net\/en\/wp-json\/wp\/v2\/pages\/48\/revisions\/2617"}],"up":[{"embeddable":true,"href":"https:\/\/allco.tesecom.net\/en\/wp-json\/wp\/v2\/pages\/5"}],"wp:featuredmedia":[{"embeddable":true,"href":"https:\/\/allco.tesecom.net\/en\/wp-json\/wp\/v2\/media\/884"}],"wp:attachment":[{"href":"https:\/\/allco.tesecom.net\/en\/wp-json\/wp\/v2\/media?parent=48"}],"curies":[{"name":"wp","href":"https:\/\/api.w.org\/{rel}","templated":true}]}}