{"id":4533,"date":"2023-12-06T17:32:49","date_gmt":"2023-12-06T16:32:49","guid":{"rendered":"https:\/\/allco.tesecom.net\/?page_id=4533"},"modified":"2023-12-07T09:02:39","modified_gmt":"2023-12-07T08:02:39","slug":"parita-di-genere","status":"publish","type":"page","link":"https:\/\/allco.tesecom.net\/en\/parita-di-genere\/","title":{"rendered":"Parit\u00e0 di genere All.co"},"content":{"rendered":"<p class=\"qtranxs-available-languages-message qtranxs-available-languages-message-en\">Sorry, this entry is only available in <a href=\"https:\/\/allco.tesecom.net\/it\/wp-json\/wp\/v2\/pages\/4533\" class=\"qtranxs-available-language-link qtranxs-available-language-link-it\" title=\"Italiano\">Italiano<\/a>. For the sake of viewer convenience, the content is shown below in the alternative language. You may click the link to switch the active language.<\/p><p class=\"lead\"><\/p>\n<hr \/>\n<p class=\"lead\" style=\"text-align: justify;\">Misure per garantire\u00a0<strong>la parit\u00e0 di genere<\/strong>\u00a0nel contesto lavorativo nell\u2019ambito della progettazione, produzione e lavorazione di profilati estrusi in alluminio, destinati all\u2019edilizia e all\u2019industria.<strong>\u00a0La certificazione PDR 125:2022 attesta che All.Co<\/strong>\u00a0sta adottando pratiche idonee a garantire a tutti la parit\u00e0 di opportunit\u00e0 e di trattamento affinch\u00e9 ogni dipendente, indipendentemente dal genere, abbia le stesse possibilit\u00e0 di crescita personale e sviluppo professionale.<\/p>\n<p style=\"text-align: justify;\">\u00c8 doveroso sottolineare che questo risultato \u00e8 anche frutto del contributo di ciascuno di noi.\u00a0<strong>La All.Co \u00e8 una squadra e tutti insieme stiamo costruendo un ambiente di lavoro in cui ognuno \u00e8 e si sente valorizzato e rispettato.<\/strong>\u00a0\u00c8 cos\u00ec che l\u2019impegno quotidiano di tutti a operare nel rispetto dell\u2019etica e dei valori di parit\u00e0 e inclusione costituisce il fondamento di concretezza e sostanza per i principi ispiratori della certificazione, che in All.Co va ben oltre l\u2019aspetto puramente formale e assume un valore fortemente sostanziale.<\/p>\n<p style=\"text-align: justify;\">Questa certificazione non \u00e8 solo un riconoscimento per quanto abbiamo fatto fino ad adesso; \u00e8 soprattutto un forte stimolo a proseguire nell\u2019impegno a mantenere e a migliorare le pratiche con cui\u00a0<strong>abbiamo costruito la nostra eccellenza e abbiamo garantito che in All.Co la parit\u00e0 di genere fosse una realt\u00e0 concreta in ogni ambito.<\/strong><\/p>\n<hr \/>\n<table style=\"border-collapse: collapse; width: 100%; height: 120px;\">\n<tbody>\n<tr style=\"height: 120px;\">\n<td style=\"width: 33.3333%; height: 120px; text-align: center;\">\n<a href=\"https:\/\/allco.tesecom.net\/wp-content\/uploads\/Politica-per-la-parita-di-genere-ALLCO-2023-1.pdf\"><img decoding=\"async\" class=\"alignnone wp-image-4524 size-medium\" src=\"https:\/\/allco.tesecom.net\/wp-content\/uploads\/Schermata-2023-12-06-alle-17.20.37-209x300.png\" alt=\"\" width=\"209\" height=\"300\" srcset=\"https:\/\/allco.tesecom.net\/wp-content\/uploads\/Schermata-2023-12-06-alle-17.20.37-209x300.png 209w, https:\/\/allco.tesecom.net\/wp-content\/uploads\/Schermata-2023-12-06-alle-17.20.37-713x1024.png 713w, https:\/\/allco.tesecom.net\/wp-content\/uploads\/Schermata-2023-12-06-alle-17.20.37-768x1103.png 768w, https:\/\/allco.tesecom.net\/wp-content\/uploads\/Schermata-2023-12-06-alle-17.20.37.png 862w\" sizes=\"(max-width: 209px) 100vw, 209px\" \/><\/a>\n<p><a href=\"https:\/\/allco.tesecom.net\/wp-content\/uploads\/Politica-per-la-parita-di-genere-ALLCO-2023-1.pdf\"><span style=\"color: #3366ff;\"><strong>scopri di pi\u00f9<\/strong><\/span><\/a><\/p>\n<\/td>\n<td style=\"width: 33.3333%; height: 120px; text-align: center;\"><img decoding=\"async\" class=\"alignnone wp-image-4546 size-medium\" src=\"https:\/\/allco.tesecom.net\/wp-content\/uploads\/Kiwa_Accredia-Blu-SISTEMA-300x197.jpg\" alt=\"\" width=\"300\" height=\"197\" srcset=\"https:\/\/allco.tesecom.net\/wp-content\/uploads\/Kiwa_Accredia-Blu-SISTEMA-300x197.jpg 300w, https:\/\/allco.tesecom.net\/wp-content\/uploads\/Kiwa_Accredia-Blu-SISTEMA-1024x671.jpg 1024w, https:\/\/allco.tesecom.net\/wp-content\/uploads\/Kiwa_Accredia-Blu-SISTEMA-768x504.jpg 768w, https:\/\/allco.tesecom.net\/wp-content\/uploads\/Kiwa_Accredia-Blu-SISTEMA-1536x1007.jpg 1536w, https:\/\/allco.tesecom.net\/wp-content\/uploads\/Kiwa_Accredia-Blu-SISTEMA.jpg 1670w\" sizes=\"(max-width: 300px) 100vw, 300px\" \/><\/td>\n<td style=\"width: 33.3333%; height: 120px; text-align: center;\">\n<a href=\"https:\/\/allco.tesecom.net\/wp-content\/uploads\/Politica-per-la-parita-di-genere-ALLCO-2023-2.pdf\"><img decoding=\"async\" class=\"alignnone wp-image-4525 size-medium\" src=\"https:\/\/allco.tesecom.net\/wp-content\/uploads\/Schermata-2023-12-06-alle-17.20.45-208x300.png\" alt=\"\" width=\"208\" height=\"300\" srcset=\"https:\/\/allco.tesecom.net\/wp-content\/uploads\/Schermata-2023-12-06-alle-17.20.45-208x300.png 208w, https:\/\/allco.tesecom.net\/wp-content\/uploads\/Schermata-2023-12-06-alle-17.20.45-709x1024.png 709w, https:\/\/allco.tesecom.net\/wp-content\/uploads\/Schermata-2023-12-06-alle-17.20.45-768x1109.png 768w, https:\/\/allco.tesecom.net\/wp-content\/uploads\/Schermata-2023-12-06-alle-17.20.45.png 852w\" sizes=\"(max-width: 208px) 100vw, 208px\" \/><\/a>\n<p><a href=\"https:\/\/allco.tesecom.net\/wp-content\/uploads\/Politica-per-la-parita-di-genere-ALLCO-2023-2.pdf\"><span style=\"color: #3366ff;\"><strong>scopri di pi\u00f9<\/strong><\/span><\/a><\/p>\n<\/td>\n<\/tr>\n<\/tbody>\n<\/table>\n<hr \/>\n<p><\/p>","protected":false},"excerpt":{"rendered":"<p>Sorry, this entry is only available in Italiano. For the sake of viewer convenience, the content is shown below in the alternative language. You may click the link to switch the active language. Misure per garantire\u00a0la parit\u00e0 di genere\u00a0nel contesto lavorativo nell\u2019ambito della progettazione, produzione e lavorazione di profilati estrusi in alluminio, destinati all\u2019edilizia e&#8230;<\/p>\n","protected":false},"author":1,"featured_media":0,"parent":0,"menu_order":0,"comment_status":"closed","ping_status":"closed","template":"","meta":{"footnotes":""},"class_list":["post-4533","page","type-page","status-publish","hentry"],"aioseo_notices":[],"_links":{"self":[{"href":"https:\/\/allco.tesecom.net\/en\/wp-json\/wp\/v2\/pages\/4533","targetHints":{"allow":["GET"]}}],"collection":[{"href":"https:\/\/allco.tesecom.net\/en\/wp-json\/wp\/v2\/pages"}],"about":[{"href":"https:\/\/allco.tesecom.net\/en\/wp-json\/wp\/v2\/types\/page"}],"author":[{"embeddable":true,"href":"https:\/\/allco.tesecom.net\/en\/wp-json\/wp\/v2\/users\/1"}],"replies":[{"embeddable":true,"href":"https:\/\/allco.tesecom.net\/en\/wp-json\/wp\/v2\/comments?post=4533"}],"version-history":[{"count":9,"href":"https:\/\/allco.tesecom.net\/en\/wp-json\/wp\/v2\/pages\/4533\/revisions"}],"predecessor-version":[{"id":4550,"href":"https:\/\/allco.tesecom.net\/en\/wp-json\/wp\/v2\/pages\/4533\/revisions\/4550"}],"wp:attachment":[{"href":"https:\/\/allco.tesecom.net\/en\/wp-json\/wp\/v2\/media?parent=4533"}],"curies":[{"name":"wp","href":"https:\/\/api.w.org\/{rel}","templated":true}]}}