{"id":90,"date":"2017-08-09T17:40:02","date_gmt":"2017-08-09T15:40:02","guid":{"rendered":"http:\/\/localhost\/lavori\/allco\/?page_id=90"},"modified":"2022-05-30T14:54:06","modified_gmt":"2022-05-30T12:54:06","slug":"lavora-con-noi","status":"publish","type":"page","link":"https:\/\/allco.tesecom.net\/de\/allco-group\/arbeite-mit-uns\/","title":{"rendered":"Arbeite mit uns"},"content":{"rendered":"<p class=\"lead\"><\/p>\n<p>Wir sind stets auf der Suche nach kompetenten und begeisterungsf\u00e4higen jungen Mitarbeitern, die sich in ein dynamisches, innovatives und stimulierendes Arbeitsumfeld eingliedern m\u00f6chten.<\/p>\n<p>Die Auswahl des Personals wird laufend in ganz Italien vorgenommen, wobei der Evaluierungsprozess der Kandidaten unter Ber\u00fccksichtigung ihrer jeweiligen pers\u00f6nlichen und fachlichen Qualifikationen und ihres Entwicklungspotenzials erfolgt. Dieses Auswahl- und Beurteilungsverfahren ist in mehrere Phasen gegliedert und umfasst ein Vorgespr\u00e4ch mit den f\u00fcr die Personalselektion verantwortlichen Fachleuten der All.co Gruppe, ein anschlie\u00dfendes Gespr\u00e4ch mit der Technischen Leitung und\/oder Team sowie eine abschlie\u00dfende Beurteilung.<\/p>\n<p>F\u00fcr die neuen Mitarbeiter f\u00fchrt das Unternehmen ferner individuelle \u201cCounseling Periods\u201d (Wege der Selbsterkenntnis) durch, um ihre Bestrebungen und Ambitionen wie auch ihre tats\u00e4chliche Eignung f\u00fcr die ihnen zugedachte Position zu begreifen, da ein st\u00e4rkeres Bewusstsein eine volle Realisierung sowohl der pers\u00f6nlichen Aspirationen als auch der Unternehmenserwartungen mit sich bringt.<\/p>\n<p>Sie k\u00f6nnen uns Ihre Bewerbung und Ihren Lebenslauf \u2013 gern auch ohne spezielle Stellenausschreibung \u2013 an unsere E-Mail-Adresse\u00a0<span id=\"eeEncEmail_HHOTnhupMd\"><a href=\"mailto:ufficiopersonale@allco.it\">ufficiopersonale@allco.it<\/a><\/span>\u00a0oder durch Verwendung des nachfolgenden Formulars zugehen lassen.<\/p>\n<p>F\u00fcr weitere Infos:\u00a0<span id=\"eeEncEmail_APDkgclkyt\"><a href=\"mailto:ufficiopersonale@allco.it\">ufficiopersonale@allco.it<\/a><\/span><\/p>\n<p><\/p>","protected":false},"excerpt":{"rendered":"<p>Wir sind stets auf der Suche nach kompetenten und begeisterungsf\u00e4higen jungen Mitarbeitern, die sich in ein dynamisches, innovatives und stimulierendes Arbeitsumfeld eingliedern m\u00f6chten. Die Auswahl des Personals wird laufend in ganz Italien vorgenommen, wobei der Evaluierungsprozess der Kandidaten unter Ber\u00fccksichtigung ihrer jeweiligen pers\u00f6nlichen und fachlichen Qualifikationen und ihres Entwicklungspotenzials erfolgt. Dieses Auswahl- und Beurteilungsverfahren ist&#8230;<\/p>\n","protected":false},"author":1,"featured_media":895,"parent":5,"menu_order":0,"comment_status":"closed","ping_status":"closed","template":"page-left-sidebar.php","meta":{"footnotes":""},"class_list":["post-90","page","type-page","status-publish","has-post-thumbnail","hentry"],"aioseo_notices":[],"_links":{"self":[{"href":"https:\/\/allco.tesecom.net\/de\/wp-json\/wp\/v2\/pages\/90","targetHints":{"allow":["GET"]}}],"collection":[{"href":"https:\/\/allco.tesecom.net\/de\/wp-json\/wp\/v2\/pages"}],"about":[{"href":"https:\/\/allco.tesecom.net\/de\/wp-json\/wp\/v2\/types\/page"}],"author":[{"embeddable":true,"href":"https:\/\/allco.tesecom.net\/de\/wp-json\/wp\/v2\/users\/1"}],"replies":[{"embeddable":true,"href":"https:\/\/allco.tesecom.net\/de\/wp-json\/wp\/v2\/comments?post=90"}],"version-history":[{"count":5,"href":"https:\/\/allco.tesecom.net\/de\/wp-json\/wp\/v2\/pages\/90\/revisions"}],"predecessor-version":[{"id":4305,"href":"https:\/\/allco.tesecom.net\/de\/wp-json\/wp\/v2\/pages\/90\/revisions\/4305"}],"up":[{"embeddable":true,"href":"https:\/\/allco.tesecom.net\/de\/wp-json\/wp\/v2\/pages\/5"}],"wp:featuredmedia":[{"embeddable":true,"href":"https:\/\/allco.tesecom.net\/de\/wp-json\/wp\/v2\/media\/895"}],"wp:attachment":[{"href":"https:\/\/allco.tesecom.net\/de\/wp-json\/wp\/v2\/media?parent=90"}],"curies":[{"name":"wp","href":"https:\/\/api.w.org\/{rel}","templated":true}]}}