{"id":84,"date":"2017-08-09T17:39:01","date_gmt":"2017-08-09T15:39:01","guid":{"rendered":"http:\/\/localhost\/lavori\/allco\/?page_id=84"},"modified":"2021-09-23T13:27:22","modified_gmt":"2021-09-23T11:27:22","slug":"specifiche-tecniche","status":"publish","type":"page","link":"https:\/\/allco.tesecom.net\/de\/industrie\/technische-spezifikationen\/","title":{"rendered":"Technische Dateien"},"content":{"rendered":"<p class=\"lead\"><\/p>\n<p>Alles rund um All.co Aluprofile.<\/p>\n<p>Hier finden Sie n\u00e4here Informationen \u00fcber die verf\u00fcgbaren Legierungen mit deren chemischen, physischen, mechanischen und technologischen Eigenschaften. Lassen Sie sich \u00fcber pressbare Abmessungen, die Extrusionsf\u00e4higkeit der ganzen Gruppe und die mechanischen Bearbeitungen informieren.<\/p>\n<p><\/p>","protected":false},"excerpt":{"rendered":"<p>Alles rund um All.co Aluprofile. Hier finden Sie n\u00e4here Informationen \u00fcber die verf\u00fcgbaren Legierungen mit deren chemischen, physischen, mechanischen und technologischen Eigenschaften. Lassen Sie sich \u00fcber pressbare Abmessungen, die Extrusionsf\u00e4higkeit der ganzen Gruppe und die mechanischen Bearbeitungen informieren.<\/p>\n","protected":false},"author":1,"featured_media":1104,"parent":17,"menu_order":0,"comment_status":"closed","ping_status":"closed","template":"page-left-sidebar-child .php","meta":{"footnotes":""},"class_list":["post-84","page","type-page","status-publish","has-post-thumbnail","hentry"],"aioseo_notices":[],"_links":{"self":[{"href":"https:\/\/allco.tesecom.net\/de\/wp-json\/wp\/v2\/pages\/84","targetHints":{"allow":["GET"]}}],"collection":[{"href":"https:\/\/allco.tesecom.net\/de\/wp-json\/wp\/v2\/pages"}],"about":[{"href":"https:\/\/allco.tesecom.net\/de\/wp-json\/wp\/v2\/types\/page"}],"author":[{"embeddable":true,"href":"https:\/\/allco.tesecom.net\/de\/wp-json\/wp\/v2\/users\/1"}],"replies":[{"embeddable":true,"href":"https:\/\/allco.tesecom.net\/de\/wp-json\/wp\/v2\/comments?post=84"}],"version-history":[{"count":8,"href":"https:\/\/allco.tesecom.net\/de\/wp-json\/wp\/v2\/pages\/84\/revisions"}],"predecessor-version":[{"id":4139,"href":"https:\/\/allco.tesecom.net\/de\/wp-json\/wp\/v2\/pages\/84\/revisions\/4139"}],"up":[{"embeddable":true,"href":"https:\/\/allco.tesecom.net\/de\/wp-json\/wp\/v2\/pages\/17"}],"wp:featuredmedia":[{"embeddable":true,"href":"https:\/\/allco.tesecom.net\/de\/wp-json\/wp\/v2\/media\/1104"}],"wp:attachment":[{"href":"https:\/\/allco.tesecom.net\/de\/wp-json\/wp\/v2\/media?parent=84"}],"curies":[{"name":"wp","href":"https:\/\/api.w.org\/{rel}","templated":true}]}}