{"id":82,"date":"2017-08-09T17:38:30","date_gmt":"2017-08-09T15:38:30","guid":{"rendered":"http:\/\/localhost\/lavori\/allco\/?page_id=82"},"modified":"2023-11-13T16:33:02","modified_gmt":"2023-11-13T15:33:02","slug":"profilati-standard","status":"publish","type":"page","link":"https:\/\/allco.tesecom.net\/de\/industrie\/profile-in-standardausfuhrung\/","title":{"rendered":"Standardprofile"},"content":{"rendered":"<p class=\"lead\"><\/p>\n<p>Barren und Standardprofile mit verschiedenen Wanddicken und Abmessungen &#8211; Rund-, Vierkant- und Flachbarren \u2013 in verschiedenen Legierungen und Zust\u00e4nden, die in diversen Bereichen verwendet sind.<\/p>\n<p>Ein Katalog in stetiger Entwicklung reich an Produkte, die f\u00fcr jeder Anwendungsbereiche passen. Standardprofile mit besonderen Leistungen.<\/p>\n<p>All.co bietet eine gro\u00dfe Vielfalt an bedarfsgerechten Produkten an, die durch einen fl\u00e4chendeckenden H\u00e4ndlernetz immer zur Verf\u00fcgung der Kunden stehen. Die Strangpressprofile von All.co erf\u00fcllen die brennende Nachfrage eines steigenden Markts: Rundrohre mit verschiedenen Abmessungen und Wanddicken, Rund-, Vierkant- und Winkelprofile; Einrichtungsteile, Anlagen- und Strukturunterst\u00fctzungen; Halbzeuge f\u00fcr die Mechanik, Automation, Mechatronik.<\/p>\n<p>Die Standardprofile von All.co haben zahlreichende Einsatzbereiche, einschlie\u00dflich Sport-, Design-, Schiffbaubranche. Die untergenannten Kategorien stellen nur Anwendungsbeispiele dar.<\/p>\n<p><\/p>","protected":false},"excerpt":{"rendered":"<p>Barren und Standardprofile mit verschiedenen Wanddicken und Abmessungen &#8211; Rund-, Vierkant- und Flachbarren \u2013 in verschiedenen Legierungen und Zust\u00e4nden, die in diversen Bereichen verwendet sind. Ein Katalog in stetiger Entwicklung reich an Produkte, die f\u00fcr jeder Anwendungsbereiche passen. Standardprofile mit besonderen Leistungen. All.co bietet eine gro\u00dfe Vielfalt an bedarfsgerechten Produkten an, die durch einen fl\u00e4chendeckenden&#8230;<\/p>\n","protected":false},"author":1,"featured_media":1087,"parent":17,"menu_order":0,"comment_status":"closed","ping_status":"closed","template":"page-left-sidebar.php","meta":{"footnotes":""},"class_list":["post-82","page","type-page","status-publish","has-post-thumbnail","hentry"],"aioseo_notices":[],"_links":{"self":[{"href":"https:\/\/allco.tesecom.net\/de\/wp-json\/wp\/v2\/pages\/82","targetHints":{"allow":["GET"]}}],"collection":[{"href":"https:\/\/allco.tesecom.net\/de\/wp-json\/wp\/v2\/pages"}],"about":[{"href":"https:\/\/allco.tesecom.net\/de\/wp-json\/wp\/v2\/types\/page"}],"author":[{"embeddable":true,"href":"https:\/\/allco.tesecom.net\/de\/wp-json\/wp\/v2\/users\/1"}],"replies":[{"embeddable":true,"href":"https:\/\/allco.tesecom.net\/de\/wp-json\/wp\/v2\/comments?post=82"}],"version-history":[{"count":10,"href":"https:\/\/allco.tesecom.net\/de\/wp-json\/wp\/v2\/pages\/82\/revisions"}],"predecessor-version":[{"id":4138,"href":"https:\/\/allco.tesecom.net\/de\/wp-json\/wp\/v2\/pages\/82\/revisions\/4138"}],"up":[{"embeddable":true,"href":"https:\/\/allco.tesecom.net\/de\/wp-json\/wp\/v2\/pages\/17"}],"wp:featuredmedia":[{"embeddable":true,"href":"https:\/\/allco.tesecom.net\/de\/wp-json\/wp\/v2\/media\/1087"}],"wp:attachment":[{"href":"https:\/\/allco.tesecom.net\/de\/wp-json\/wp\/v2\/media?parent=82"}],"curies":[{"name":"wp","href":"https:\/\/api.w.org\/{rel}","templated":true}]}}