{"id":78,"date":"2017-08-09T17:37:28","date_gmt":"2017-08-09T15:37:28","guid":{"rendered":"http:\/\/localhost\/lavori\/allco\/?page_id=78"},"modified":"2020-03-26T17:48:39","modified_gmt":"2020-03-26T16:48:39","slug":"accessori","status":"publish","type":"page","link":"https:\/\/allco.tesecom.net\/de\/architettura-2\/accessori\/","title":{"rendered":"Zubeh\u00f6re"},"content":{"rendered":"<p class=\"lead\"><\/p>\n<p>F\u00fcr alle von uns angebotenen Profile bieten wir Ihnen das richtige Zubeh\u00f6r an, damit Ihr Projekt ein Erfolg wird. Bei den Verbindern k\u00f6nnen Sie das Angebot an Schrauben und Winkeln wahrnehmen.<\/p>\n<p>Weiter unten haben Sie die M\u00f6glichkeit, profilbezogen Ihr Wunschsystem anzuklicken und Produkte wie Fenster- und T\u00fcrgriffe oder Winkel zu durchst\u00f6bern.<\/p>\n<p><\/p>","protected":false},"excerpt":{"rendered":"<p>F\u00fcr alle von uns angebotenen Profile bieten wir Ihnen das richtige Zubeh\u00f6r an, damit Ihr Projekt ein Erfolg wird. Bei den Verbindern k\u00f6nnen Sie das Angebot an Schrauben und Winkeln wahrnehmen. Weiter unten haben Sie die M\u00f6glichkeit, profilbezogen Ihr Wunschsystem anzuklicken und Produkte wie Fenster- und T\u00fcrgriffe oder Winkel zu durchst\u00f6bern.<\/p>\n","protected":false},"author":1,"featured_media":911,"parent":15,"menu_order":8,"comment_status":"closed","ping_status":"closed","template":"page-left-sidebar.php","meta":{"footnotes":""},"class_list":["post-78","page","type-page","status-publish","has-post-thumbnail","hentry"],"aioseo_notices":[],"_links":{"self":[{"href":"https:\/\/allco.tesecom.net\/de\/wp-json\/wp\/v2\/pages\/78","targetHints":{"allow":["GET"]}}],"collection":[{"href":"https:\/\/allco.tesecom.net\/de\/wp-json\/wp\/v2\/pages"}],"about":[{"href":"https:\/\/allco.tesecom.net\/de\/wp-json\/wp\/v2\/types\/page"}],"author":[{"embeddable":true,"href":"https:\/\/allco.tesecom.net\/de\/wp-json\/wp\/v2\/users\/1"}],"replies":[{"embeddable":true,"href":"https:\/\/allco.tesecom.net\/de\/wp-json\/wp\/v2\/comments?post=78"}],"version-history":[{"count":8,"href":"https:\/\/allco.tesecom.net\/de\/wp-json\/wp\/v2\/pages\/78\/revisions"}],"predecessor-version":[{"id":3357,"href":"https:\/\/allco.tesecom.net\/de\/wp-json\/wp\/v2\/pages\/78\/revisions\/3357"}],"up":[{"embeddable":true,"href":"https:\/\/allco.tesecom.net\/de\/wp-json\/wp\/v2\/pages\/15"}],"wp:featuredmedia":[{"embeddable":true,"href":"https:\/\/allco.tesecom.net\/de\/wp-json\/wp\/v2\/media\/911"}],"wp:attachment":[{"href":"https:\/\/allco.tesecom.net\/de\/wp-json\/wp\/v2\/media?parent=78"}],"curies":[{"name":"wp","href":"https:\/\/api.w.org\/{rel}","templated":true}]}}