{"id":59,"date":"2017-08-09T16:54:54","date_gmt":"2017-08-09T14:54:54","guid":{"rendered":"http:\/\/localhost\/lavori\/allco\/?page_id=59"},"modified":"2024-01-03T14:40:49","modified_gmt":"2024-01-03T13:40:49","slug":"ambiente-si-puo-ambiente-si-deve","status":"publish","type":"page","link":"https:\/\/allco.tesecom.net\/de\/allco-group\/ambiente-si-puo-ambiente-si-deve\/","title":{"rendered":"Umweltschutz ist unser Leitbild."},"content":{"rendered":"<p class=\"lead\"><\/p>\n<p style=\"text-align: justify;\">Umwelt liegt uns am Herzen. Uns bezauber aus diesem Grund haben wir uns f\u00fcr Aluminium entschieden, das umweltfreundliche Metall schlechthin. Ein lebendiges und immerw\u00e4hrendes, ein kostbares und einzigartiges Material, das man unz\u00e4hlige Male wiederverwerten kann, bei dessen Bearbeitung wenig Energie verbraucht wird, das nicht verschmutzt, das die Erde und all ihre Lebensformen respektiert. Sich f\u00fcr unsere Erzeugnisse zu entscheiden hei\u00dft, unser Engagement zu teilen: Industrie und Umwelt im neuen Jahrtausend miteinander in Einklang zu bringen, um den k\u00fcnftigen Generationen eine heile Zukunft \u00fcbergeben zu k\u00f6nnen.<\/p>\n<p>&nbsp;<\/p>\n<img decoding=\"async\" class=\"wp-image-1217 aligncenter\" src=\"https:\/\/allco.tesecom.net\/wp-content\/uploads\/2017\/12\/Allco_Spa_web_site_testata_AmbienteRiciclo.jpg\" alt=\"\" width=\"549\" height=\"350\" srcset=\"https:\/\/allco.tesecom.net\/wp-content\/uploads\/2017\/12\/Allco_Spa_web_site_testata_AmbienteRiciclo.jpg 878w, https:\/\/allco.tesecom.net\/wp-content\/uploads\/2017\/12\/Allco_Spa_web_site_testata_AmbienteRiciclo-300x191.jpg 300w, https:\/\/allco.tesecom.net\/wp-content\/uploads\/2017\/12\/Allco_Spa_web_site_testata_AmbienteRiciclo-768x490.jpg 768w\" sizes=\"(max-width: 549px) 100vw, 549px\" \/>\n<p><\/p>","protected":false},"excerpt":{"rendered":"<p>Die Erhaltung unserer Umwelt liegt uns am Herzen. Uns fasziniert die Vorstellung, dass in der Natur nichts erschaffen und nichts zerst\u00f6rt wird.<\/p>\n","protected":false},"author":1,"featured_media":880,"parent":5,"menu_order":0,"comment_status":"closed","ping_status":"closed","template":"page-left-sidebar.php","meta":{"footnotes":""},"class_list":["post-59","page","type-page","status-publish","has-post-thumbnail","hentry"],"aioseo_notices":[],"_links":{"self":[{"href":"https:\/\/allco.tesecom.net\/de\/wp-json\/wp\/v2\/pages\/59","targetHints":{"allow":["GET"]}}],"collection":[{"href":"https:\/\/allco.tesecom.net\/de\/wp-json\/wp\/v2\/pages"}],"about":[{"href":"https:\/\/allco.tesecom.net\/de\/wp-json\/wp\/v2\/types\/page"}],"author":[{"embeddable":true,"href":"https:\/\/allco.tesecom.net\/de\/wp-json\/wp\/v2\/users\/1"}],"replies":[{"embeddable":true,"href":"https:\/\/allco.tesecom.net\/de\/wp-json\/wp\/v2\/comments?post=59"}],"version-history":[{"count":23,"href":"https:\/\/allco.tesecom.net\/de\/wp-json\/wp\/v2\/pages\/59\/revisions"}],"predecessor-version":[{"id":4556,"href":"https:\/\/allco.tesecom.net\/de\/wp-json\/wp\/v2\/pages\/59\/revisions\/4556"}],"up":[{"embeddable":true,"href":"https:\/\/allco.tesecom.net\/de\/wp-json\/wp\/v2\/pages\/5"}],"wp:featuredmedia":[{"embeddable":true,"href":"https:\/\/allco.tesecom.net\/de\/wp-json\/wp\/v2\/media\/880"}],"wp:attachment":[{"href":"https:\/\/allco.tesecom.net\/de\/wp-json\/wp\/v2\/media?parent=59"}],"curies":[{"name":"wp","href":"https:\/\/api.w.org\/{rel}","templated":true}]}}