{"id":52,"date":"2017-08-09T16:47:46","date_gmt":"2017-08-09T14:47:46","guid":{"rendered":"http:\/\/localhost\/lavori\/allco\/?page_id=52"},"modified":"2020-06-25T09:14:39","modified_gmt":"2020-06-25T07:14:39","slug":"finiture","status":"publish","type":"page","link":"https:\/\/allco.tesecom.net\/de\/allco-group\/produzione\/finiture\/","title":{"rendered":"Oberfl\u00e4chenveredelung"},"content":{"rendered":"<p class=\"lead\"><\/p>\n<p>&nbsp;<\/p>\n<p><strong>Oberfl\u00e4chenveredelung<\/strong><\/p>\n<p>Lebendige Farben. Faszination und Sch\u00f6nheit. Unerwartetes Feeling. Wir werten die H\u00fclle unserer Produkte auf. Ausschlie\u00dflich Farben- und Pulver von Spitzqualit\u00e4t wurden von uns verwendet. Dazu unterliegen unserer Anlagen den schwierigsten Pr\u00fcfungsprotokollen zur Kontrolle des Pulverbeschichtungsverfahrens und setzten wir nur h\u00e4rtende Polyesterpulver ein, umso die kleinste Umweltbelastung zu verursachen. Wir bieten die Garantie von Qualit\u00e4tszertifizierungen wie Qualicoat und Seaside. Dar\u00fcber hinaus bieten wir unsern Kunden eine unendliche Farbenpalette von RAL, gotischen und \u201efaltigen\u201c Farben an.<\/p>\n<p><strong>Sublimation<\/strong><\/p>\n<p>Ganz einfach: Herz aus Aluminium, elegante Holzeffekt sichtliche Oberfl\u00e4che. Diese Oberfl\u00e4chenveredelungstechnik wurde mittels spezifisches Thermodruckverfahrens und gepr\u00fcfter Temperatur realisiert, dadurch wurden die elegante Holzflader direkt auf der Profiloberfl\u00e4che treu reproduziert. Mit einer sublimierten Oberfl\u00e4che integrieren sich unsere Profile ganz gut auch in klassischen Architekturen beim Halten seinen Kennzeichen von Technologie, Festigkeit und Haltbarkeit.<\/p>\n<p><strong>Eloxal<\/strong><\/p>\n<p>Die bekannteste, \u00e4lteste und zuverl\u00e4ssigste Oberfl\u00e4chenveredelung f\u00fcr Aluprofile. Es geht sich um ein elektrochemisches Verfahren, das die physischen Eigenschaften des Aluminiums maximiert und kann eine gro\u00dfe Vielfalt an Farben erzeugen: Silber, Bronze, Titanium oder Elektroblau. All.co bietet ihren Kunden mehr als 18 Eloxalfarben an.<\/p>\n<img decoding=\"async\" width=\"878\" height=\"560\" class=\"alignnone size-full wp-image-1337\" src=\"https:\/\/allco.tesecom.net\/wp-content\/uploads\/2018\/01\/Allco_Spa_web_site_testata_verniciaturalegno.jpg\" alt=\"\" srcset=\"https:\/\/allco.tesecom.net\/wp-content\/uploads\/2018\/01\/Allco_Spa_web_site_testata_verniciaturalegno.jpg 878w, https:\/\/allco.tesecom.net\/wp-content\/uploads\/2018\/01\/Allco_Spa_web_site_testata_verniciaturalegno-300x191.jpg 300w, https:\/\/allco.tesecom.net\/wp-content\/uploads\/2018\/01\/Allco_Spa_web_site_testata_verniciaturalegno-768x490.jpg 768w\" sizes=\"(max-width: 878px) 100vw, 878px\" \/>\n<p>&nbsp;<\/p>\n<p><\/p>","protected":false},"excerpt":{"rendered":"<p>In unseren Betriebsanlagen kommen die fortschrittlichsten F\u00e4rbe- und Finish-Techniken zur Anwendung. Wir verkleiden unser Aluminium, damit es f\u00fcr jeden Einsatz im architektonischen und dekorativen Bereich ger\u00fcstet ist.<\/p>\n","protected":false},"author":1,"featured_media":1265,"parent":9,"menu_order":4,"comment_status":"closed","ping_status":"closed","template":"page-left-sidebar.php","meta":{"footnotes":""},"class_list":["post-52","page","type-page","status-publish","has-post-thumbnail","hentry"],"aioseo_notices":[],"_links":{"self":[{"href":"https:\/\/allco.tesecom.net\/de\/wp-json\/wp\/v2\/pages\/52","targetHints":{"allow":["GET"]}}],"collection":[{"href":"https:\/\/allco.tesecom.net\/de\/wp-json\/wp\/v2\/pages"}],"about":[{"href":"https:\/\/allco.tesecom.net\/de\/wp-json\/wp\/v2\/types\/page"}],"author":[{"embeddable":true,"href":"https:\/\/allco.tesecom.net\/de\/wp-json\/wp\/v2\/users\/1"}],"replies":[{"embeddable":true,"href":"https:\/\/allco.tesecom.net\/de\/wp-json\/wp\/v2\/comments?post=52"}],"version-history":[{"count":42,"href":"https:\/\/allco.tesecom.net\/de\/wp-json\/wp\/v2\/pages\/52\/revisions"}],"predecessor-version":[{"id":3456,"href":"https:\/\/allco.tesecom.net\/de\/wp-json\/wp\/v2\/pages\/52\/revisions\/3456"}],"up":[{"embeddable":true,"href":"https:\/\/allco.tesecom.net\/de\/wp-json\/wp\/v2\/pages\/9"}],"wp:featuredmedia":[{"embeddable":true,"href":"https:\/\/allco.tesecom.net\/de\/wp-json\/wp\/v2\/media\/1265"}],"wp:attachment":[{"href":"https:\/\/allco.tesecom.net\/de\/wp-json\/wp\/v2\/media?parent=52"}],"curies":[{"name":"wp","href":"https:\/\/api.w.org\/{rel}","templated":true}]}}