{"id":5,"date":"2017-08-08T16:58:28","date_gmt":"2017-08-08T14:58:28","guid":{"rendered":"http:\/\/localhost\/lavori\/allco\/?page_id=5"},"modified":"2024-05-22T17:25:30","modified_gmt":"2024-05-22T15:25:30","slug":"allco-group","status":"publish","type":"page","link":"https:\/\/allco.tesecom.net\/de\/allco-group\/","title":{"rendered":"Allco-group"},"content":{"rendered":"<p class=\"lead\">Seit 1973 haben wir in Italien die Geschichte der Aluminium Extrusion mitgemacht. Das Unternehmen plant, entwickelt und produziert Profilteile aus Aluminium in jeglichen Formen im Einklang mit den Bed\u00fcrfnissen des Kunden. Aktuell sind wir im Heimatmarkt Italien fest verwurzelt und in 27 L\u00e4ndern aktiv. Aufgrund unserer Philosophie betrachten wir neue Projekte als stetige Wachstumschance in Zusammenarbeit mit unseren Kunden.<\/p>\n<p>Unsere Produktionswerke produzieren mehr als 85.000 Tonnen Aluminium pro Jahr und decken das italienische Gebiet komplett ab. Wir verf\u00fcgen \u00fcber insgesamt 7 Pressen- die gr\u00f6\u00dfere mit einer F\u00e4higkeit von 5000 Tonnen, die uns erlaubt, gr\u00f6\u00dfere und schwierige Strangpressprofilen herzustellen. Eine tiefe Kenntnis der Metallindustrie und unseres Produkts hilft uns, immer neue L\u00f6sungen zu entwickeln, die jede Anforderungen der Kunden v\u00f6llig erf\u00fcllen k\u00f6nnen.<\/p>\n<p>Unser Qualit\u00e4tsmanagementsystem sieht genaueste Kontrollen aller Extrusionsprofilteile vor, bevor diese sorgf\u00e4ltig verpackt und dann verschickt werden. Dar\u00fcber hinaus f\u00fchren wir in s\u00e4mtlichen Produktionsphasen zus\u00e4tzliche Tests durch, um die Qualit\u00e4t des Produktes zu garantieren.<\/p>\n<p>Unsere Kernprodukte sind Zeichnungsprofile f\u00fcr Industriebranche und Bauwesen, daf\u00fcr k\u00fcmmern wir uns um Werkzeugbau und -reparatur, Extrusion, Oberfl\u00e4chenveredelung und eventuelle mechanische Bearbeitungen. Nat\u00fcrlich bieten wir auch eine Vielfalt an Barren und Standardprofilen, deren Werkzeugen haben wir schon im Hause. Dar\u00fcber hinaus bieten wir eine Vielfalt an mechanischen Bearbeitungen &#8211; wie z.B. CNC- Bearbeitungszentern mit 5, 4 und 3 Achsen, Stanzen, Bohren, thermische Trennung, Gewindeschneiden u.\u00e4.- an.<\/p>\n<p>Heutzutage stellt die All.co Gruppe ein f\u00fchrendes Unternehmen im Bereich Produktions- und Einrichtungsf\u00e4higkeit dar und stellt sich als Spitz-Qualit\u00e4t Aluminiumlieferant auf nationaler und internationaler Ebene.<\/p>\n<img decoding=\"async\" width=\"878\" height=\"290\" class=\"alignnone size-full wp-image-376\" src=\"https:\/\/allco.tesecom.net\/wp-content\/uploads\/2017\/08\/TestataAllcoGroupAllumin.jpg\" alt=\"\" srcset=\"https:\/\/allco.tesecom.net\/wp-content\/uploads\/2017\/08\/TestataAllcoGroupAllumin.jpg 878w, https:\/\/allco.tesecom.net\/wp-content\/uploads\/2017\/08\/TestataAllcoGroupAllumin-300x99.jpg 300w, https:\/\/allco.tesecom.net\/wp-content\/uploads\/2017\/08\/TestataAllcoGroupAllumin-768x254.jpg 768w\" sizes=\"(max-width: 878px) 100vw, 878px\" \/>\n<p><\/p>","protected":false},"excerpt":{"rendered":"<p>Seit 1973 haben wir in Italien die Geschichte der Aluminium Extrusion mitgemacht. Das Unternehmen plant, entwickelt und produziert Profilteile aus Aluminium in jeglichen Formen im Einklang mit den Bed\u00fcrfnissen des Kunden. Aktuell sind wir im Heimatmarkt Italien fest verwurzelt und in 27 L\u00e4ndern aktiv. Aufgrund unserer Philosophie betrachten wir neue Projekte als stetige Wachstumschance in&#8230;<\/p>\n","protected":false},"author":1,"featured_media":4000,"parent":0,"menu_order":0,"comment_status":"closed","ping_status":"closed","template":"page-left-sidebar.php","meta":{"footnotes":""},"class_list":["post-5","page","type-page","status-publish","has-post-thumbnail","hentry"],"aioseo_notices":[],"_links":{"self":[{"href":"https:\/\/allco.tesecom.net\/de\/wp-json\/wp\/v2\/pages\/5","targetHints":{"allow":["GET"]}}],"collection":[{"href":"https:\/\/allco.tesecom.net\/de\/wp-json\/wp\/v2\/pages"}],"about":[{"href":"https:\/\/allco.tesecom.net\/de\/wp-json\/wp\/v2\/types\/page"}],"author":[{"embeddable":true,"href":"https:\/\/allco.tesecom.net\/de\/wp-json\/wp\/v2\/users\/1"}],"replies":[{"embeddable":true,"href":"https:\/\/allco.tesecom.net\/de\/wp-json\/wp\/v2\/comments?post=5"}],"version-history":[{"count":17,"href":"https:\/\/allco.tesecom.net\/de\/wp-json\/wp\/v2\/pages\/5\/revisions"}],"predecessor-version":[{"id":4002,"href":"https:\/\/allco.tesecom.net\/de\/wp-json\/wp\/v2\/pages\/5\/revisions\/4002"}],"wp:featuredmedia":[{"embeddable":true,"href":"https:\/\/allco.tesecom.net\/de\/wp-json\/wp\/v2\/media\/4000"}],"wp:attachment":[{"href":"https:\/\/allco.tesecom.net\/de\/wp-json\/wp\/v2\/media?parent=5"}],"curies":[{"name":"wp","href":"https:\/\/api.w.org\/{rel}","templated":true}]}}