{"id":48,"date":"2017-08-09T16:46:13","date_gmt":"2017-08-09T14:46:13","guid":{"rendered":"http:\/\/localhost\/lavori\/allco\/?page_id=48"},"modified":"2020-02-17T16:18:55","modified_gmt":"2020-02-17T15:18:55","slug":"energiasolare","status":"publish","type":"page","link":"https:\/\/allco.tesecom.net\/de\/allco-group\/vi-aiutiamo-a-sostenere-lenergia-solare\/","title":{"rendered":"Nehmen Sie die Energiewende mit uns an."},"content":{"rendered":"<p class=\"lead\"><\/p>\n<p style=\"text-align: justify;\">All.co unterst\u00fctzt die Solarenergi, denn auch die gr\u00f6\u00dfte unter den Revolutionen braucht Stabilit\u00e4t. Dank eines Kerns aus Silizium wird die Kraft der Sonne in Energie umgewandelt. Worauf dieses System aber lagert, ist die Festigkeit und die Effizienz des Aluminiums. All.co realisiert ausgezeichnete Infrastrukturen aus Aluminium f\u00fcr Fotovoltaikanlagen. F\u00fcr die Qualit\u00e4t verb\u00fcrgt sich der vierzigj\u00e4hrige Erfahrungsbackground der Unternehmensgruppe im Bereich des Strangpressens von Metallen, der Untersuchung der besten Legierungen und der Projektierung von immer effizienteren und technologisch extrem fortschrittlichen Profilen. Die All.co-Systeme f\u00fcr Solaranlagen decken s\u00e4mtliche Erfordernisse eines in rascher Entwicklung befindlichen Marktes ab: von den Einfassungen und Zargen f\u00fcr die einzelnen Solarmodule bis hin zu den Profilen f\u00fcr die Integration der Paneele in &#8211; auch sehr komplexe &#8211; Abschirmungs- und Verdunkelungsstrukturen, von den Tr\u00e4gerelementen f\u00fcr die Errichtung von Wohnanlagen bis hin zu Gro\u00dfstrukturen f\u00fcr Firmen, Produktionsanlagen oder Sonnenparks. Ein H\u00f6chstma\u00df an Flexibilit\u00e4t bei der Personalisierung der Profile (Zeichnungen, Oberfl\u00e4chenbehandlungen, Schnitte) erlaubt es All.co, L\u00f6sungen zu offerieren, die den Erfordernissen nach immer gr\u00f6\u00dferer Effizienz der Anlagen und Montagefreundlichkeit entsprechen und die den jeweiligen technologischen, architektonischen und \u00e4sthetischen Anforderungen in immer st\u00e4rkerem Ma\u00dfe Rechnung tragen.<br \/>\nSich f\u00fcr All.co zu entscheiden hei\u00dft, einen Partner zu w\u00e4hlen, der mit allen Geheimnissen des Aluminiums vertraut ist &#8211; ein Metall mit hervorragenden Eigenschaften in puncto Leichtigkeit und Festigkeit, ein Material, das zu hundert Prozent recyclebar ist, dem das Wetter nichts anhaben kann, das eine sehr geringe Umweltbelastung aufweist und damit perfekt f\u00fcr all jene Projekte geeignet ist, die auf die Erhaltung der nat\u00fcrlichen Ressourcen und die R\u00fcckgewinnung der Energie bedacht sind.<br \/>\nF\u00fcr den Download des Katalogs \u201eFotovoltaik&#8220; hier anklicken<\/p>\n<p><\/p>","protected":false},"excerpt":{"rendered":"<p>All.co ist der ideale Partner f\u00fcr diejenigen, welche die Sonnenkraft f\u00fcr sich nutzen m\u00f6chten.<\/p>\n","protected":false},"author":1,"featured_media":884,"parent":5,"menu_order":0,"comment_status":"closed","ping_status":"closed","template":"page-left-sidebar.php","meta":{"footnotes":""},"class_list":["post-48","page","type-page","status-publish","has-post-thumbnail","hentry"],"aioseo_notices":[],"_links":{"self":[{"href":"https:\/\/allco.tesecom.net\/de\/wp-json\/wp\/v2\/pages\/48","targetHints":{"allow":["GET"]}}],"collection":[{"href":"https:\/\/allco.tesecom.net\/de\/wp-json\/wp\/v2\/pages"}],"about":[{"href":"https:\/\/allco.tesecom.net\/de\/wp-json\/wp\/v2\/types\/page"}],"author":[{"embeddable":true,"href":"https:\/\/allco.tesecom.net\/de\/wp-json\/wp\/v2\/users\/1"}],"replies":[{"embeddable":true,"href":"https:\/\/allco.tesecom.net\/de\/wp-json\/wp\/v2\/comments?post=48"}],"version-history":[{"count":18,"href":"https:\/\/allco.tesecom.net\/de\/wp-json\/wp\/v2\/pages\/48\/revisions"}],"predecessor-version":[{"id":2617,"href":"https:\/\/allco.tesecom.net\/de\/wp-json\/wp\/v2\/pages\/48\/revisions\/2617"}],"up":[{"embeddable":true,"href":"https:\/\/allco.tesecom.net\/de\/wp-json\/wp\/v2\/pages\/5"}],"wp:featuredmedia":[{"embeddable":true,"href":"https:\/\/allco.tesecom.net\/de\/wp-json\/wp\/v2\/media\/884"}],"wp:attachment":[{"href":"https:\/\/allco.tesecom.net\/de\/wp-json\/wp\/v2\/media?parent=48"}],"curies":[{"name":"wp","href":"https:\/\/api.w.org\/{rel}","templated":true}]}}