{"id":4572,"date":"2024-03-27T16:19:10","date_gmt":"2024-03-27T15:19:10","guid":{"rendered":"https:\/\/allco.tesecom.net\/?page_id=4572"},"modified":"2024-04-18T15:23:59","modified_gmt":"2024-04-18T13:23:59","slug":"certificazione-carbon-footprint","status":"publish","type":"page","link":"https:\/\/allco.tesecom.net\/de\/zertifizierung-carbon-footprint\/","title":{"rendered":"Zertifizierung des Carbon Footprint All.co"},"content":{"rendered":"<p class=\"lead\"><\/p>\n<hr \/>\n<p class=\"lead\" style=\"text-align: justify;margin-bottom: 10px;\">Im Rahmen unserer T\u00e4tigkeit der Entwicklung, Herstellung, Verarbeitung und Lackierung von Aluminium-Strangpressprofilen f\u00fcr das Bauwesen und die Industrie achten wir besonders auf die Umweltauswirkungen unserer Produktion mit dem st\u00e4ndigen Ziel, die CO2-Emissionen zu reduzieren.<\/p>\n<p class=\"lead\" style=\"text-align: justify;\">Unser Engagement f\u00fcr Nachhaltigkeit wurde vor kurzem durch die <strong>Zertifizierung des Carbon Footprint nach ISO 14064-1:2019 best\u00e4tigt<\/strong>.<\/p>\n<p style=\"text-align: justify;\">Dieser wichtige Meilenstein stellt eine Anerkennung der bisherigen Arbeit von All.Co dar und zeigt unsere Bereitschaft, weiterhin konkrete Praktiken zur Reduzierung von Kohlenstoff- und Treibhausgasemissionen (THG) anzuwenden.<\/p>\n<p style=\"text-align: justify;\">Ein positiver Ansatz, der nicht nur unsere Produktions- und Betriebsprozesse, sondern auch unsere Mitarbeiter und Stakeholder im Allgemeinen einbezieht und eine gemeinsame, auf Umweltschutz ausgerichtete Kultur f\u00f6rdert.<\/p>\n<p style=\"text-align: justify;\">Wir haben uns f\u00fcr den Weg der Nachhaltigkeit entschieden, weil wir der Meinung sind, dass er einen Hebel f\u00fcr unsere Zukunft, f\u00fcr die Gemeinschaft und f\u00fcr das Gebiet darstellt, zu dem wir geh\u00f6ren und das zu sch\u00fctzen unsere Pflicht ist.<\/p>\n<hr \/>\n<div>\n   <img decoding=\"async\" class=\"aligncenter wp-image-4546 size-medium\" src=\"https:\/\/allco.tesecom.net\/wp-content\/uploads\/Kiwa-Accredia-BLU-300x180-1.png\" alt=\"Zertifizierung des Carbon Footprint All.co\" width=\"300\" height=\"180\"><\/p>\n<p style=\"text-align: center;margin-top: 2rem;font-weight: bold;font-size: 18px;\">\n      ISO 14064-1:2019 <br \/>Opinione Nr. VV0106\n   <\/p>\n<\/div>\n<hr \/>\n<p><\/p>","protected":false},"excerpt":{"rendered":"<p>Im Rahmen unserer T\u00e4tigkeit der Entwicklung, Herstellung, Verarbeitung und Lackierung von Aluminium-Strangpressprofilen f\u00fcr das Bauwesen und die Industrie achten wir besonders auf die Umweltauswirkungen unserer Produktion mit dem st\u00e4ndigen Ziel, die CO2-Emissionen zu reduzieren. Unser Engagement f\u00fcr Nachhaltigkeit wurde vor kurzem durch die Zertifizierung des Carbon Footprint nach ISO 14064-1:2019 best\u00e4tigt. Dieser wichtige Meilenstein stellt&#8230;<\/p>\n","protected":false},"author":8,"featured_media":0,"parent":0,"menu_order":0,"comment_status":"closed","ping_status":"closed","template":"","meta":{"footnotes":""},"class_list":["post-4572","page","type-page","status-publish","hentry"],"aioseo_notices":[],"_links":{"self":[{"href":"https:\/\/allco.tesecom.net\/de\/wp-json\/wp\/v2\/pages\/4572","targetHints":{"allow":["GET"]}}],"collection":[{"href":"https:\/\/allco.tesecom.net\/de\/wp-json\/wp\/v2\/pages"}],"about":[{"href":"https:\/\/allco.tesecom.net\/de\/wp-json\/wp\/v2\/types\/page"}],"author":[{"embeddable":true,"href":"https:\/\/allco.tesecom.net\/de\/wp-json\/wp\/v2\/users\/8"}],"replies":[{"embeddable":true,"href":"https:\/\/allco.tesecom.net\/de\/wp-json\/wp\/v2\/comments?post=4572"}],"version-history":[{"count":10,"href":"https:\/\/allco.tesecom.net\/de\/wp-json\/wp\/v2\/pages\/4572\/revisions"}],"predecessor-version":[{"id":4625,"href":"https:\/\/allco.tesecom.net\/de\/wp-json\/wp\/v2\/pages\/4572\/revisions\/4625"}],"wp:attachment":[{"href":"https:\/\/allco.tesecom.net\/de\/wp-json\/wp\/v2\/media?parent=4572"}],"curies":[{"name":"wp","href":"https:\/\/api.w.org\/{rel}","templated":true}]}}