{"id":4499,"date":"2023-10-17T09:09:54","date_gmt":"2023-10-17T07:09:54","guid":{"rendered":"https:\/\/allco.tesecom.net\/?page_id=4499"},"modified":"2023-11-13T16:20:28","modified_gmt":"2023-11-13T15:20:28","slug":"codice-etico","status":"publish","type":"page","link":"https:\/\/allco.tesecom.net\/de\/codice-etico\/","title":{"rendered":"Codice etico"},"content":{"rendered":"<p class=\"qtranxs-available-languages-message qtranxs-available-languages-message-de\">Leider ist der Eintrag nur auf <a href=\"https:\/\/allco.tesecom.net\/it\/wp-json\/wp\/v2\/pages\/4499\" class=\"qtranxs-available-language-link qtranxs-available-language-link-it\" title=\"Italiano\">Italiano<\/a> verf\u00fcgbar. Der Inhalt wird unten in einer verf\u00fcgbaren Sprache angezeigt. Klicken Sie auf den Link, um die aktuelle Sprache zu \u00e4ndern.<\/p><p class=\"lead\"><\/p>\n<div class=\"_df_book df-container df-loading \" id=\"df_4497\"  title=\"codice-etico\" wpoptions=\"true\" thumb=\"https:\/\/allco.tesecom.net\/wp-content\/uploads\/low-Codice-Etico-All-scaled.jpg\" thumbtype=\"bg\" ><\/div><script data-cfasync=\"false\">var option_df_4497 = {\"outline\":[],\"backgroundColor\":\"#fff\",\"forceFit\":\"true\",\"autoEnableOutline\":\"false\",\"autoEnableThumbnail\":\"false\",\"overwritePDFOutline\":\"false\",\"direction\":\"1\",\"pageMode\":\"0\",\"source\":\"https:\\\/\\\/allco.tesecom.net\\\/wp-content\\\/uploads\\\/low-Codice-Etico-All.co-2023-Monografia.pdf\",\"wpOptions\":\"true\"}; if(window.DFLIP && DFLIP.parseBooks){DFLIP.parseBooks();}<\/script>\n<p><\/p>","protected":false},"excerpt":{"rendered":"<p>Leider ist der Eintrag nur auf Italiano verf\u00fcgbar. Der Inhalt wird unten in einer verf\u00fcgbaren Sprache angezeigt. Klicken Sie auf den Link, um die aktuelle Sprache zu \u00e4ndern.<\/p>\n","protected":false},"author":1,"featured_media":0,"parent":0,"menu_order":0,"comment_status":"closed","ping_status":"closed","template":"","meta":{"footnotes":""},"class_list":["post-4499","page","type-page","status-publish","hentry"],"aioseo_notices":[],"_links":{"self":[{"href":"https:\/\/allco.tesecom.net\/de\/wp-json\/wp\/v2\/pages\/4499","targetHints":{"allow":["GET"]}}],"collection":[{"href":"https:\/\/allco.tesecom.net\/de\/wp-json\/wp\/v2\/pages"}],"about":[{"href":"https:\/\/allco.tesecom.net\/de\/wp-json\/wp\/v2\/types\/page"}],"author":[{"embeddable":true,"href":"https:\/\/allco.tesecom.net\/de\/wp-json\/wp\/v2\/users\/1"}],"replies":[{"embeddable":true,"href":"https:\/\/allco.tesecom.net\/de\/wp-json\/wp\/v2\/comments?post=4499"}],"version-history":[{"count":1,"href":"https:\/\/allco.tesecom.net\/de\/wp-json\/wp\/v2\/pages\/4499\/revisions"}],"predecessor-version":[{"id":4500,"href":"https:\/\/allco.tesecom.net\/de\/wp-json\/wp\/v2\/pages\/4499\/revisions\/4500"}],"wp:attachment":[{"href":"https:\/\/allco.tesecom.net\/de\/wp-json\/wp\/v2\/media?parent=4499"}],"curies":[{"name":"wp","href":"https:\/\/api.w.org\/{rel}","templated":true}]}}