{"id":3874,"date":"2021-02-06T15:59:10","date_gmt":"2021-02-06T14:59:10","guid":{"rendered":"https:\/\/allco.tesecom.net\/?page_id=3874"},"modified":"2024-05-08T14:43:26","modified_gmt":"2024-05-08T12:43:26","slug":"all-co-htdoor","status":"publish","type":"page","link":"https:\/\/allco.tesecom.net\/de\/architettura-2\/all-co-ht\/ht-vision\/","title":{"rendered":"ALL.CO HT+ VISION"},"content":{"rendered":"<p class=\"lead\"><\/p>\n<p><span style=\"font-size: 15.5pt; font-family: 'Century Gothic'; color: #6c708d;\">Minimalistisches Schiebesystem mit thermischer Trennung<\/span><\/p>\n<h4><strong>Technisches Datenblatt<\/strong><\/h4>\n<table class=\"table table-bordered\" style=\"height: 192px; width: 513px;\">\n<tbody>\n<tr style=\"height: 24px;\">\n<td class=\"active\" style=\"height: 24px; width: 301px;\">Rahmendichte<\/td>\n<td style=\"height: 24px; width: 196px;\">160 mm<\/td>\n<\/tr>\n<tr style=\"height: 24px;\">\n<td class=\"active\" style=\"height: 24px; width: 301px;\">Fl\u00fcgeldichte<\/td>\n<td style=\"height: 24px; width: 196px;\">70 mm<\/td>\n<\/tr>\n<tr style=\"height: 24px;\">\n<td class=\"active\" style=\"height: 24px; width: 301px;\">Thermische Trennung<\/td>\n<td style=\"height: 24px; width: 196px;\">32 mm<\/td>\n<\/tr>\n<tr style=\"height: 24px;\">\n<td class=\"active\" style=\"height: 24px; width: 301px;\">Max. Glas<\/td>\n<td style=\"height: 24px; width: 196px;\">55 mm<\/td>\n<\/tr>\n<tr style=\"height: 24px;\">\n<td class=\"active\" style=\"height: 24px; width: 301px;\">Zubeh\u00f6re<\/td>\n<td style=\"height: 24px; width: 196px;\">Ma\u00dfgeschneidert<\/td>\n<\/tr>\n<tr style=\"height: 24px;\">\n<td class=\"active\" style=\"height: 24px; width: 301px;\">Max. Tragf\u00e4higkeit Fensterfl\u00fcgel<\/td>\n<td style=\"height: 24px; width: 196px;\">500\/800 Kg<\/td>\n<\/tr>\n<tr style=\"height: 24px;\">\n<td class=\"active\" style=\"height: 24px; width: 301px;\">Uf\u00a0nominal<\/td>\n<td style=\"height: 24px; width: 196px;\">0,92 W\/m\u00b2K<\/td>\n<\/tr>\n<tr style=\"height: 24px;\">\n<td class=\"active\" style=\"height: 24px; width: 301px;\">Andauernleistung<\/td>\n<td style=\"height: 24px; width: 196px;\">4 &#8211; 5A &#8211; B4<\/td>\n<\/tr>\n<\/tbody>\n<\/table>\n<hr \/>\n<p><span style=\"font-size: 15.5pt; font-family: 'Century Gothic'; color: #7dba27;\">Systemsvorteile<\/span><\/p>\n<p><strong>Minimalistische thermische Trennprofile<br \/>\nModernes und elegantes Design<br \/>\nAusgezeichnete Witterungsbest\u00e4ndigkeit<br \/>\nAbgesenkte Schwelle und Spezialrahmen f\u00fcr Festverglasungen<br \/>\nEinfache Montage<br \/>\nBest\u00e4ndigkeit und Zuverl\u00e4ssigkeit im Laufe der Zeit<br \/>\nEinfache Wartung<\/strong><\/p>\n<hr \/>\n<p><span style=\"font-size: 15.5pt; font-family: 'Century Gothic'; color: #7dba27;\">Leistungen<\/span><\/p>\n<p>Luftdurchl\u00e4ssigkeit: <br \/>\n<strong>KLASSE 4<\/strong><br \/>\nWasserdichtigkeit:<br \/>\n<strong>KLASSE 5A<\/strong><br \/>\nWindbelastbarkeit: <br \/>\n<strong>KLASSE B4<br \/>\n<\/strong><\/p>\n<hr \/>\n<p>&nbsp;<\/p>\n<\/p>\n<p><\/p>","protected":false},"excerpt":{"rendered":"<p>Minimalistisches Schiebesystem mit thermischer Trennung Technisches Datenblatt Rahmendichte 160 mm Fl\u00fcgeldichte 70 mm Thermische Trennung 32 mm Max. Glas 55 mm Zubeh\u00f6re Ma\u00dfgeschneidert Max. Tragf\u00e4higkeit Fensterfl\u00fcgel 500\/800 Kg Uf\u00a0nominal 0,92 W\/m\u00b2K Andauernleistung 4 &#8211; 5A &#8211; B4 Systemsvorteile Minimalistische thermische Trennprofile Modernes und elegantes Design Ausgezeichnete Witterungsbest\u00e4ndigkeit Abgesenkte Schwelle und Spezialrahmen f\u00fcr Festverglasungen Einfache Montage&#8230;<\/p>\n","protected":false},"author":1,"featured_media":4475,"parent":3877,"menu_order":1,"comment_status":"closed","ping_status":"closed","template":"page-left-right-sidebar.php","meta":{"footnotes":""},"class_list":["post-3874","page","type-page","status-publish","has-post-thumbnail","hentry"],"aioseo_notices":[],"_links":{"self":[{"href":"https:\/\/allco.tesecom.net\/de\/wp-json\/wp\/v2\/pages\/3874","targetHints":{"allow":["GET"]}}],"collection":[{"href":"https:\/\/allco.tesecom.net\/de\/wp-json\/wp\/v2\/pages"}],"about":[{"href":"https:\/\/allco.tesecom.net\/de\/wp-json\/wp\/v2\/types\/page"}],"author":[{"embeddable":true,"href":"https:\/\/allco.tesecom.net\/de\/wp-json\/wp\/v2\/users\/1"}],"replies":[{"embeddable":true,"href":"https:\/\/allco.tesecom.net\/de\/wp-json\/wp\/v2\/comments?post=3874"}],"version-history":[{"count":30,"href":"https:\/\/allco.tesecom.net\/de\/wp-json\/wp\/v2\/pages\/3874\/revisions"}],"predecessor-version":[{"id":4630,"href":"https:\/\/allco.tesecom.net\/de\/wp-json\/wp\/v2\/pages\/3874\/revisions\/4630"}],"up":[{"embeddable":true,"href":"https:\/\/allco.tesecom.net\/de\/wp-json\/wp\/v2\/pages\/3877"}],"wp:featuredmedia":[{"embeddable":true,"href":"https:\/\/allco.tesecom.net\/de\/wp-json\/wp\/v2\/media\/4475"}],"wp:attachment":[{"href":"https:\/\/allco.tesecom.net\/de\/wp-json\/wp\/v2\/media?parent=3874"}],"curies":[{"name":"wp","href":"https:\/\/api.w.org\/{rel}","templated":true}]}}