{"id":3530,"date":"2020-11-17T09:42:09","date_gmt":"2020-11-17T08:42:09","guid":{"rendered":"https:\/\/allco.tesecom.net\/?page_id=3530"},"modified":"2023-11-13T16:47:35","modified_gmt":"2023-11-13T15:47:35","slug":"allco-tec-72-2","status":"publish","type":"page","link":"https:\/\/allco.tesecom.net\/de\/architettura-2\/sistemi-a-battente\/allco-tec-72-3\/","title":{"rendered":"Serramenti industriali"},"content":{"rendered":"<p class=\"lead\"><\/p>\n<p>T\u00fcren- und Fensterfl\u00fcgelsystem mit thermischer Trennung, \u00f6ffener Fuge und europ\u00e4ischer Kammer.<\/p>\n<h4><strong>Technisches Datenblatt<\/strong><\/h4>\n<table class=\"table table-bordered\" style=\"height: 192px; width: 513px;\">\n<tbody>\n<tr style=\"height: 24px;\">\n<td class=\"active\" style=\"height: 24px; width: 301px;\">Rahmendichte<\/td>\n<td style=\"height: 24px; width: 196px;\">171-400 mm<\/td>\n<\/tr>\n<tr style=\"height: 24px;\">\n<td class=\"active\" style=\"height: 24px; width: 301px;\">Fl\u00fcgeldichte<\/td>\n<td style=\"height: 24px; width: 196px;\">78 mm<\/td>\n<\/tr>\n<tr style=\"height: 24px;\">\n<td class=\"active\" style=\"height: 24px; width: 301px;\">Thermische Trennung<\/td>\n<td style=\"height: 24px; width: 196px;\">33 mm<\/td>\n<\/tr>\n<tr style=\"height: 24px;\">\n<td class=\"active\" style=\"height: 24px; width: 301px;\">Max. Glas<\/td>\n<td style=\"height: 24px; width: 196px;\">54 mm<\/td>\n<\/tr>\n<tr style=\"height: 24px;\">\n<td class=\"active\" style=\"height: 24px; width: 301px;\">Zubeh\u00f6re<\/td>\n<td style=\"height: 24px; width: 196px;\">Europ\u00e4ische Kammer<\/td>\n<\/tr>\n<tr style=\"height: 24px;\">\n<td class=\"active\" style=\"height: 24px; width: 301px;\">Max. Tragf\u00e4higkeit Fensterfl\u00fcgel<\/td>\n<td style=\"height: 24px; width: 196px;\">170 Kg<\/td>\n<\/tr>\n<tr style=\"height: 24px;\">\n<td class=\"active\" style=\"height: 24px; width: 301px;\">Uf\u00a0nominal<\/td>\n<td style=\"height: 24px; width: 196px;\">2,15 W\/m\u00b2K<\/td>\n<\/tr>\n<tr style=\"height: 24px;\">\n<td class=\"active\" style=\"height: 24px; width: 301px;\">Andauernleistung<\/td>\n<td style=\"height: 24px; width: 196px;\">4 &#8211; E1050 &#8211; C5<\/td>\n<\/tr>\n<\/tbody>\n<\/table>\n<hr \/>\n<p><span style=\"font-size: 15.5pt; font-family: 'Century Gothic'; color: #7dba27;\">Systemsvorteile<\/span><\/p>\n<p><strong>Ausgezeichnete thermische und akustische Leistungen<br \/>\nZahlreiche Designvarianten<br \/>\nLeichte Montage und Bearbeitung<br \/>\nVerschiedene \u00d6ffnungstypologien<br \/>\nZeitfestigkeit<br \/>\nLeichte Wartung<br \/>\nEignungszerifikat f\u00fcr die Fluchtwege<\/strong><\/p>\n<hr \/>\n<p><span style=\"font-size: 15.5pt; font-family: 'Century Gothic'; color: #7dba27;\">Leistungen<\/span><\/p>\n<p>Luftdurchl\u00e4ssigkeit: <br \/>\n<strong>KLASSE 4<\/strong><br \/>\nWasserdichtigkeit:<br \/>\n<strong>KLASSE E1050<\/strong><br \/>\nWindbelastbarkeit: <br \/>\n<strong>KLASSE C5<\/strong><\/p>\n<hr \/>\n<p>&nbsp;<\/p>\n<p><\/p>","protected":false},"excerpt":{"rendered":"<p>T\u00fcren- und Fensterfl\u00fcgelsystem mit thermischer Trennung, \u00f6ffener Fuge und europ\u00e4ischer Kammer. Technisches Datenblatt Rahmendichte 171-400 mm Fl\u00fcgeldichte 78 mm Thermische Trennung 33 mm Max. Glas 54 mm Zubeh\u00f6re Europ\u00e4ische Kammer Max. Tragf\u00e4higkeit Fensterfl\u00fcgel 170 Kg Uf\u00a0nominal 2,15 W\/m\u00b2K Andauernleistung 4 &#8211; E1050 &#8211; C5 Systemsvorteile Ausgezeichnete thermische und akustische Leistungen Zahlreiche Designvarianten Leichte Montage und&#8230;<\/p>\n","protected":false},"author":1,"featured_media":3820,"parent":19,"menu_order":4,"comment_status":"closed","ping_status":"closed","template":"page-left-right-sidebar.php","meta":{"footnotes":""},"class_list":["post-3530","page","type-page","status-publish","has-post-thumbnail","hentry"],"aioseo_notices":[],"_links":{"self":[{"href":"https:\/\/allco.tesecom.net\/de\/wp-json\/wp\/v2\/pages\/3530","targetHints":{"allow":["GET"]}}],"collection":[{"href":"https:\/\/allco.tesecom.net\/de\/wp-json\/wp\/v2\/pages"}],"about":[{"href":"https:\/\/allco.tesecom.net\/de\/wp-json\/wp\/v2\/types\/page"}],"author":[{"embeddable":true,"href":"https:\/\/allco.tesecom.net\/de\/wp-json\/wp\/v2\/users\/1"}],"replies":[{"embeddable":true,"href":"https:\/\/allco.tesecom.net\/de\/wp-json\/wp\/v2\/comments?post=3530"}],"version-history":[{"count":16,"href":"https:\/\/allco.tesecom.net\/de\/wp-json\/wp\/v2\/pages\/3530\/revisions"}],"predecessor-version":[{"id":3838,"href":"https:\/\/allco.tesecom.net\/de\/wp-json\/wp\/v2\/pages\/3530\/revisions\/3838"}],"up":[{"embeddable":true,"href":"https:\/\/allco.tesecom.net\/de\/wp-json\/wp\/v2\/pages\/19"}],"wp:featuredmedia":[{"embeddable":true,"href":"https:\/\/allco.tesecom.net\/de\/wp-json\/wp\/v2\/media\/3820"}],"wp:attachment":[{"href":"https:\/\/allco.tesecom.net\/de\/wp-json\/wp\/v2\/media?parent=3530"}],"curies":[{"name":"wp","href":"https:\/\/api.w.org\/{rel}","templated":true}]}}