{"id":3528,"date":"2020-11-17T09:41:57","date_gmt":"2020-11-17T08:41:57","guid":{"rendered":"https:\/\/allco.tesecom.net\/?page_id=3528"},"modified":"2023-06-13T12:42:44","modified_gmt":"2023-06-13T10:42:44","slug":"allco-tec-72-2-3","status":"publish","type":"page","link":"https:\/\/allco.tesecom.net\/de\/architettura-2\/all-co-ht\/allco-tec-72-2\/","title":{"rendered":"ALL.CO HT+ DOOR"},"content":{"rendered":"<p class=\"lead\"><\/p>\n<p>T\u00fcren- und Fensterfl\u00fcgelsystem mit thermischer Trennung, \u00f6ffener Fuge und europ\u00e4ischer Kammer.<\/p>\n<h4><strong>Technisches Datenblatt<\/strong><\/h4>\n<table class=\"table table-bordered\" style=\"height: 192px; width: 513px;\">\n<tbody>\n<tr style=\"height: 24px;\">\n<td class=\"active\" style=\"height: 24px; width: 301px;\">Rahmendichte<\/td>\n<td style=\"height: 24px; width: 196px;\">69,5 mm<\/td>\n<\/tr>\n<tr style=\"height: 24px;\">\n<td class=\"active\" style=\"height: 24px; width: 301px;\">Fl\u00fcgeldichte<\/td>\n<td style=\"height: 24px; width: 196px;\">69,5 mm<\/td>\n<\/tr>\n<tr style=\"height: 24px;\">\n<td class=\"active\" style=\"height: 24px; width: 301px;\">Thermische Trennung<\/td>\n<td style=\"height: 24px; width: 196px;\">22-33 mm<\/td>\n<\/tr>\n<tr style=\"height: 24px;\">\n<td class=\"active\" style=\"height: 24px; width: 301px;\">Max. Glas<\/td>\n<td style=\"height: 24px; width: 196px;\">54 mm<\/td>\n<\/tr>\n<tr style=\"height: 24px;\">\n<td class=\"active\" style=\"height: 24px; width: 301px;\">Zubeh\u00f6re<\/td>\n<td style=\"height: 24px; width: 196px;\">Europ\u00e4ische Kammer<\/td>\n<\/tr>\n<tr style=\"height: 24px;\">\n<td class=\"active\" style=\"height: 24px; width: 301px;\">Max. Tragf\u00e4higkeit Fensterfl\u00fcgel<\/td>\n<td style=\"height: 24px; width: 196px;\">200 Kg<\/td>\n<\/tr>\n<tr style=\"height: 24px;\">\n<td class=\"active\" style=\"height: 24px; width: 301px;\">Uf\u00a0nominal<\/td>\n<td style=\"height: 24px; width: 196px;\">2,32 W\/m\u00b2K<\/td>\n<\/tr>\n<tr style=\"height: 24px;\">\n<td class=\"active\" style=\"height: 24px; width: 301px;\">Andauernleistung<\/td>\n<td style=\"height: 24px; width: 196px;\">2 &#8211; 2A &#8211; C2<\/td>\n<\/tr>\n<\/tbody>\n<\/table>\n<hr \/>\n<p><span style=\"font-size: 15.5pt; font-family: 'Century Gothic'; color: #7dba27;\">Systemsvorteile<\/span><\/p>\n<p><strong>Ausgezeichnete thermische und akustische Leistungen<br \/>\nZahlreiche Designvarianten<br \/>\nLeichte Montage und Bearbeitung<br \/>\nVerschiedene \u00d6ffnungstypologien<br \/>\nZeitfestigkeit<br \/>\nLeichte Wartung<br \/>\nEignungszerifikat f\u00fcr die Fluchtwege<\/strong><\/p>\n<hr \/>\n<p><span style=\"font-size: 15.5pt; font-family: 'Century Gothic'; color: #7dba27;\">Leistungen<\/span><\/p>\n<p>Luftdurchl\u00e4ssigkeit: <br \/>\n<strong>KLASSE 2<\/strong><br \/>\nWasserdichtigkeit:<br \/>\n<strong>KLASSE 2A<\/strong><br \/>\nWindbelastbarkeit: <br \/>\n<strong>KLASSE C2<\/strong><\/p>\n<hr \/>\n<p>&nbsp;<\/p>\n<p><\/p>","protected":false},"excerpt":{"rendered":"<p>T\u00fcren- und Fensterfl\u00fcgelsystem mit thermischer Trennung, \u00f6ffener Fuge und europ\u00e4ischer Kammer. Technisches Datenblatt Rahmendichte 69,5 mm Fl\u00fcgeldichte 69,5 mm Thermische Trennung 22-33 mm Max. Glas 54 mm Zubeh\u00f6re Europ\u00e4ische Kammer Max. Tragf\u00e4higkeit Fensterfl\u00fcgel 200 Kg Uf\u00a0nominal 2,32 W\/m\u00b2K Andauernleistung 2 &#8211; 2A &#8211; C2 Systemsvorteile Ausgezeichnete thermische und akustische Leistungen Zahlreiche Designvarianten Leichte Montage und&#8230;<\/p>\n","protected":false},"author":1,"featured_media":3748,"parent":3877,"menu_order":3,"comment_status":"closed","ping_status":"closed","template":"page-left-right-sidebar.php","meta":{"footnotes":""},"class_list":["post-3528","page","type-page","status-publish","has-post-thumbnail","hentry"],"aioseo_notices":[],"_links":{"self":[{"href":"https:\/\/allco.tesecom.net\/de\/wp-json\/wp\/v2\/pages\/3528","targetHints":{"allow":["GET"]}}],"collection":[{"href":"https:\/\/allco.tesecom.net\/de\/wp-json\/wp\/v2\/pages"}],"about":[{"href":"https:\/\/allco.tesecom.net\/de\/wp-json\/wp\/v2\/types\/page"}],"author":[{"embeddable":true,"href":"https:\/\/allco.tesecom.net\/de\/wp-json\/wp\/v2\/users\/1"}],"replies":[{"embeddable":true,"href":"https:\/\/allco.tesecom.net\/de\/wp-json\/wp\/v2\/comments?post=3528"}],"version-history":[{"count":27,"href":"https:\/\/allco.tesecom.net\/de\/wp-json\/wp\/v2\/pages\/3528\/revisions"}],"predecessor-version":[{"id":4443,"href":"https:\/\/allco.tesecom.net\/de\/wp-json\/wp\/v2\/pages\/3528\/revisions\/4443"}],"up":[{"embeddable":true,"href":"https:\/\/allco.tesecom.net\/de\/wp-json\/wp\/v2\/pages\/3877"}],"wp:featuredmedia":[{"embeddable":true,"href":"https:\/\/allco.tesecom.net\/de\/wp-json\/wp\/v2\/media\/3748"}],"wp:attachment":[{"href":"https:\/\/allco.tesecom.net\/de\/wp-json\/wp\/v2\/media?parent=3528"}],"curies":[{"name":"wp","href":"https:\/\/api.w.org\/{rel}","templated":true}]}}