{"id":3526,"date":"2020-11-17T09:41:03","date_gmt":"2020-11-17T08:41:03","guid":{"rendered":"https:\/\/allco.tesecom.net\/?page_id=3526"},"modified":"2024-06-19T23:57:53","modified_gmt":"2024-06-19T21:57:53","slug":"allco-tec-72-2-2","status":"publish","type":"page","link":"https:\/\/allco.tesecom.net\/de\/architettura-2\/all-co-ht\/allco-tec-72-4\/","title":{"rendered":"Minimal"},"content":{"rendered":"<p class=\"lead\"><\/p>\n<p>T\u00fcren- und Fensterfl\u00fcgelsystem mit thermischer Trennung, \u00f6ffener Fuge und europ\u00e4ischer Kammer.<\/p>\n<h4><strong>Technisches Datenblatt<\/strong><\/h4>\n<table class=\"table table-bordered\" style=\"height: 192px; width: 513px;\">\n<tbody>\n<tr style=\"height: 24px;\">\n<td class=\"active\" style=\"height: 24px; width: 301px;\">Rahmendichte<\/td>\n<td style=\"height: 24px; width: 196px;\">69,5 mm<\/td>\n<\/tr>\n<tr style=\"height: 24px;\">\n<td class=\"active\" style=\"height: 24px; width: 301px;\">Fl\u00fcgeldichte<\/td>\n<td style=\"height: 24px; width: 196px;\">78,5 mm<\/td>\n<\/tr>\n<tr style=\"height: 24px;\">\n<td class=\"active\" style=\"height: 24px; width: 301px;\">Thermische Trennung<\/td>\n<td style=\"height: 24px; width: 196px;\">32 mm<\/td>\n<\/tr>\n<tr style=\"height: 24px;\">\n<td class=\"active\" style=\"height: 24px; width: 301px;\">Max. Glas<\/td>\n<td style=\"height: 24px; width: 196px;\">52 mm<\/td>\n<\/tr>\n<tr style=\"height: 24px;\">\n<td class=\"active\" style=\"height: 24px; width: 301px;\">Zubeh\u00f6re<\/td>\n<td style=\"height: 24px; width: 196px;\">Europ\u00e4ische Kammer<\/td>\n<\/tr>\n<tr style=\"height: 24px;\">\n<td class=\"active\" style=\"height: 24px; width: 301px;\">Max. Tragf\u00e4higkeit Fensterfl\u00fcgel<\/td>\n<td style=\"height: 24px; width: 196px;\">170 Kg<\/td>\n<\/tr>\n<tr style=\"height: 24px;\">\n<td class=\"active\" style=\"height: 24px; width: 301px;\">Uf\u00a0nominal<\/td>\n<td style=\"height: 24px; width: 196px;\">2,04 W\/m\u00b2K<\/td>\n<\/tr>\n<tr style=\"height: 24px;\">\n<td class=\"active\" style=\"height: 24px; width: 301px;\">Andauernleistung<\/td>\n<td style=\"height: 24px; width: 196px;\">4 &#8211; 9A &#8211; C5<\/td>\n<\/tr>\n<\/tbody>\n<\/table>\n<hr \/>\n<p><span style=\"font-size: 15.5pt; font-family: 'Century Gothic'; color: #7dba27;\">Systemsvorteile<\/span><\/p>\n<p><strong>Ausgezeichnete thermische und akustische Leistungen<br \/>\nZahlreiche Designvarianten<br \/>\nLeichte Montage und Bearbeitung<br \/>\nVerschiedene \u00d6ffnungstypologien<br \/>\nZeitfestigkeit<br \/>\nLeichte Wartung<br \/>\nEignungszerifikat f\u00fcr die Fluchtwege<\/strong><\/p>\n<hr \/>\n<p><span style=\"font-size: 15.5pt; font-family: 'Century Gothic'; color: #7dba27;\">Leistungen<\/span><\/p>\n<p>Luftdurchl\u00e4ssigkeit: <br \/>\n<strong>KLASSE 4<\/strong><br \/>\nWasserdichtigkeit:<br \/>\n<strong>KLASSE 9A<\/strong><br \/>\nWindbelastbarkeit: <br \/>\n<strong>KLASSE C5<\/strong><\/p>\n<hr \/>\n<p>&nbsp;<\/p>\n<p><\/p>","protected":false},"excerpt":{"rendered":"<p>T\u00fcren- und Fensterfl\u00fcgelsystem mit thermischer Trennung, \u00f6ffener Fuge und europ\u00e4ischer Kammer. Technisches Datenblatt Rahmendichte 69,5 mm Fl\u00fcgeldichte 78,5 mm Thermische Trennung 32 mm Max. Glas 52 mm Zubeh\u00f6re Europ\u00e4ische Kammer Max. Tragf\u00e4higkeit Fensterfl\u00fcgel 170 Kg Uf\u00a0nominal 2,04 W\/m\u00b2K Andauernleistung 4 &#8211; 9A &#8211; C5 Systemsvorteile Ausgezeichnete thermische und akustische Leistungen Zahlreiche Designvarianten Leichte Montage und&#8230;<\/p>\n","protected":false},"author":1,"featured_media":3750,"parent":3877,"menu_order":2,"comment_status":"closed","ping_status":"closed","template":"page-left-right-sidebar.php","meta":{"footnotes":""},"class_list":["post-3526","page","type-page","status-publish","has-post-thumbnail","hentry"],"aioseo_notices":[],"_links":{"self":[{"href":"https:\/\/allco.tesecom.net\/de\/wp-json\/wp\/v2\/pages\/3526","targetHints":{"allow":["GET"]}}],"collection":[{"href":"https:\/\/allco.tesecom.net\/de\/wp-json\/wp\/v2\/pages"}],"about":[{"href":"https:\/\/allco.tesecom.net\/de\/wp-json\/wp\/v2\/types\/page"}],"author":[{"embeddable":true,"href":"https:\/\/allco.tesecom.net\/de\/wp-json\/wp\/v2\/users\/1"}],"replies":[{"embeddable":true,"href":"https:\/\/allco.tesecom.net\/de\/wp-json\/wp\/v2\/comments?post=3526"}],"version-history":[{"count":38,"href":"https:\/\/allco.tesecom.net\/de\/wp-json\/wp\/v2\/pages\/3526\/revisions"}],"predecessor-version":[{"id":4244,"href":"https:\/\/allco.tesecom.net\/de\/wp-json\/wp\/v2\/pages\/3526\/revisions\/4244"}],"up":[{"embeddable":true,"href":"https:\/\/allco.tesecom.net\/de\/wp-json\/wp\/v2\/pages\/3877"}],"wp:featuredmedia":[{"embeddable":true,"href":"https:\/\/allco.tesecom.net\/de\/wp-json\/wp\/v2\/media\/3750"}],"wp:attachment":[{"href":"https:\/\/allco.tesecom.net\/de\/wp-json\/wp\/v2\/media?parent=3526"}],"curies":[{"name":"wp","href":"https:\/\/api.w.org\/{rel}","templated":true}]}}