{"id":345,"date":"2017-08-21T15:58:05","date_gmt":"2017-08-21T13:58:05","guid":{"rendered":"http:\/\/allco.altervista.org\/?page_id=345"},"modified":"2024-07-01T11:51:01","modified_gmt":"2024-07-01T09:51:01","slug":"privacy","status":"publish","type":"page","link":"https:\/\/allco.tesecom.net\/de\/privacy\/","title":{"rendered":"Privacy"},"content":{"rendered":"<p class=\"lead\"><\/p>\n<p>DATENSCHUTZERKL\u00c4RUNG GEM\u00c4SS GESETZESVERORDNUNG NR. 196 VOM 30. JUNI 2003<\/p>\n<p>Als Betreiber der Website www.allco.it (im Folgenden \u201eWebsite\u201d genannt) verwaltet der All.co-Konzern die Informationen bez\u00fcglich der Verarbeitung der von den Benutzern zwecks Verwendung der von der Website gebotenen Serviceleistungen (nachfolgend \u201eServiceleistungen\u201d genannt) bereitgestellten Daten gem\u00e4\u00df Gesetzesverordnung Nr. 196\/03 in der jeweils g\u00fcltigen Fassung (im Folgenden \u201eDatenschutzgesetz\u201c genannt).<\/p>\n<p>Im Sinne des Art. 13 des Datenschutzgesetzes setzen wir Sie \u00fcber Folgendes in Kenntnis:<\/p>\n<p>1 \u2013 Die erhobenen personenbezogenen Daten werden (wie durch Art. 1, Abs. 1, Buchstabe a des Datenschutzgesetzes festgelegt) mit automatisierten Mitteln verarbeitet und im Datenverarbeitungssystem von www.allco.it zu den mit den Gesch\u00e4ftsaktivit\u00e4ten und den Serviceleistungen der Unternehmensgruppe All.co in Zusammenhang stehenden Zwecken gespeichert, und zwar:<br \/>\n 1.1 zur \u00dcbermittlung von kommerziellen Kommunikationen in Verbindung mit der Unternehmensgruppe All.Co und\/oder den Serviceleistungen und Aktivit\u00e4ten der Unternehmensgruppe All.co;<br \/>\n 1.2 nur nach ausdr\u00fccklicher Zustimmung zum Zwecke der \u00dcbermittlung von kommerziellen Kommunikationen in Bezug auf die Aktivit\u00e4ten von Dritten.<\/p>\n<p>2 \u2013 Die Mitteilung der personenbezogenen Daten von Seiten des Benutzers ist obligatorisch, um sich f\u00fcr die Website www.allco.it registrieren und die verschiedenen Serviceleistungen in Anspruch nehmen zu k\u00f6nnen. Werden die verlangten Personalangaben nicht mitgeteilt, ist eine Registrierung f\u00fcr die Website nicht m\u00f6glich. Die Eintragung ist gratis, unterliegt aber der Erteilung der fraglichen Daten und der Annahme der allgemeinen Vertragsbedingungen. Die Unternehmensgruppe All.Co beh\u00e4lt sich im Falle von nicht wahrheitsgetreuen Angaben das Recht vor, die Registrierung f\u00fcr die Website www.allco.it zu l\u00f6schen und die Bereitstellung der Serviceleistungen zu unterbrechen.<\/p>\n<p>3 \u2013 Sollte der Benutzer der Verarbeitung seiner Daten zu den im Absatz 1.2 genannten Zwecken nicht zustimmen, hat dies keinerlei Auswirkungen auf die Registrierung f\u00fcr die Website www.allco.it und das bestehende Vertragsverh\u00e4ltnis; die zur Verf\u00fcgung gestellten Daten werden in diesem Fall ausschlie\u00dflich zu den im Absatz 1.1 genannten Zwecken verwendet, die strikt mit der Bereitstellung der Serviceleistungen in Zusammenhang stehen.<\/p>\n<p>4 \u2013 Die vom Benutzer zur Verf\u00fcgung gestellten Daten d\u00fcrfen ausschlie\u00dflich weitergegeben werden an:<br \/>\n 4.1 verbundene oder Tochtergesellschaften der Unternehmensgruppe All.co, und zwar zur Erf\u00fcllung der gleichen Zwecke, f\u00fcr die sie erhoben wurden;<br \/>\n 4.2 an \u00f6ffentliche oder private Einrichtungen zwecks Erf\u00fcllung der durch den Vertrag, das Gesetz oder die EU-Richtlinien vorgesehenen Obliegenheiten;<br \/>\n 4.3 die bereitgestellten personenbezogenen Daten k\u00f6nnen nach vorheriger Erlaubnis und im Rahmen der Vorgaben gem\u00e4\u00df Artikel 42, 43, 44 und 45 des Datenschutzgesetzes ins Ausland \u00fcbermittelt werden.<\/p>\n<p>5 \u2013 Die Artikel 7, 8, 9 und 10 des Datenschutzgesetzes erkennen dem Benutzer in Bezug auf die Verarbeitung von personenbezogenen Daten einige Rechte zu, unter anderem:<br \/>\n 5.1 das Recht, durch Einsicht in das Register bzw. durch Beantragung beim Datenschutzbeauftragten das Vorhandensein von erhobenen Daten in Erfahrung zu bringen;<br \/>\n 5.2 das Recht, die Aktualisierung, die Berichtigung oder Erg\u00e4nzung der Daten zu verlangen; weiterhin ist der Benutzer berechtigt, die L\u00f6schung, die Umwandlung in anonyme Form oder die Sperrung von widerrechtlich verarbeiteten Daten zu fordern;<br \/>\n 5.3 das Recht, sich der Verarbeitung der Daten zu den oben genannten Zwecken nur zu widersetzen, wenn diesbez\u00fcglich berechtigte Gr\u00fcnde vorliegen;<br \/>\n 5.4 das Recht, sich der Verarbeitung der Daten zu kommerziellen oder verkaufsf\u00f6rdernden Zwecken, f\u00fcr die Zusendung von Werbematerialien oder zur Durchf\u00fchrung von Marktforschungsma\u00dfnahmen zu widersetzen.<\/p>\n<p>6 \u2013 Inhaber der Datenverarbeitung ist:<br \/>\n Unternehmensgruppe All.Co<br \/>\n Rechtssitz: Via Antonio Meucci, 15 &#8211; 56121 Ospedaletto, Pisa (PI)<br \/>\n Tel. +39 050 9561 &#8211; Fax +39 050 982727<br \/>\n MwSt.-Identifikationsnummer 00198440505<\/p>\n<p>Der Verantwortliche f\u00fcr die Datenverarbeitung ist: NAME DES VERANTWORTLICHEN &#8211; Unternehmensgruppe All.Co \u2013 der f\u00fcr die Bekleidung dieses Amtes am Firmensitz der Gesellschaft bestellt ist.<br \/>\n Mitteilungen aller Art sind per E-Mail an folgende Adresse zu richten:\u00a0<span id=\"eeEncEmail_HSuFdArNOM\"><a href=\"mailto:privacy@allco.it\">privacy@allco.it<\/a><\/span><\/p>\n<p><\/p>","protected":false},"excerpt":{"rendered":"<p>DATENSCHUTZERKL\u00c4RUNG GEM\u00c4SS GESETZESVERORDNUNG NR. 196 VOM 30. JUNI 2003 Als Betreiber der Website www.allco.it (im Folgenden \u201eWebsite\u201d genannt) verwaltet der All.co-Konzern die Informationen bez\u00fcglich der Verarbeitung der von den Benutzern zwecks Verwendung der von der Website gebotenen Serviceleistungen (nachfolgend \u201eServiceleistungen\u201d genannt) bereitgestellten Daten gem\u00e4\u00df Gesetzesverordnung Nr. 196\/03 in der jeweils g\u00fcltigen Fassung (im Folgenden \u201eDatenschutzgesetz\u201c&#8230;<\/p>\n","protected":false},"author":1,"featured_media":0,"parent":0,"menu_order":0,"comment_status":"closed","ping_status":"closed","template":"page-left-sidebar.php","meta":{"footnotes":""},"class_list":["post-345","page","type-page","status-publish","hentry"],"aioseo_notices":[],"_links":{"self":[{"href":"https:\/\/allco.tesecom.net\/de\/wp-json\/wp\/v2\/pages\/345","targetHints":{"allow":["GET"]}}],"collection":[{"href":"https:\/\/allco.tesecom.net\/de\/wp-json\/wp\/v2\/pages"}],"about":[{"href":"https:\/\/allco.tesecom.net\/de\/wp-json\/wp\/v2\/types\/page"}],"author":[{"embeddable":true,"href":"https:\/\/allco.tesecom.net\/de\/wp-json\/wp\/v2\/users\/1"}],"replies":[{"embeddable":true,"href":"https:\/\/allco.tesecom.net\/de\/wp-json\/wp\/v2\/comments?post=345"}],"version-history":[{"count":26,"href":"https:\/\/allco.tesecom.net\/de\/wp-json\/wp\/v2\/pages\/345\/revisions"}],"predecessor-version":[{"id":4677,"href":"https:\/\/allco.tesecom.net\/de\/wp-json\/wp\/v2\/pages\/345\/revisions\/4677"}],"wp:attachment":[{"href":"https:\/\/allco.tesecom.net\/de\/wp-json\/wp\/v2\/media?parent=345"}],"curies":[{"name":"wp","href":"https:\/\/api.w.org\/{rel}","templated":true}]}}