{"id":310,"date":"2017-08-11T13:24:13","date_gmt":"2017-08-11T11:24:13","guid":{"rendered":"http:\/\/allco.altervista.org\/?page_id=310"},"modified":"2023-05-15T13:29:31","modified_gmt":"2023-05-15T11:29:31","slug":"photovoltaic","status":"publish","type":"page","link":"https:\/\/allco.tesecom.net\/de\/architettura-2\/altri-prodotti\/photovoltaic\/","title":{"rendered":"PV Alu-Systeme"},"content":{"rendered":"<p class=\"lead\"><\/p>\n<p>Ihr starker Partner f\u00fcr Solar-Systeme<\/p>\n<p>Die ALL.CO Group z\u00e4hlt zu den f\u00fchrenden italienischen Herstellern von Solar-Systemen weltweit. Seit 47 Jahren steht der Name ALLCO f\u00fcr erstklassige Qualit\u00e4t in der Metallverarbeitung \u2013 von den Anf\u00e4ngen als famili\u00e4rer Betrieb bis zur Gegenwart als weltweit t\u00e4tige Unternehmensgruppe. Geblieben ist der Qualit\u00e4tsanspruch und die Innovationsfreude eines Unternehmens. Die Folge ist ein bedingungsloser Fokus auf Qualit\u00e4t, von der Produktentwicklung bis zur Montage auf der Baustelle. Das gilt f\u00fcr Design und Handhabung, genauso wie f\u00fcr die Materialauswahl, bei der wir ausschlie\u00dflich hochfeste Aluminium erster G\u00fcteklasse verwenden. Dieser Qualit\u00e4tsanspruch ist der Grund, warum ALL.CO PV-Systeme auf der ganzen Welt f\u00fcr ihre Zuverl\u00e4ssigkeit bekannt sind.<\/p>\n<p><span style=\"font-size: 15.5pt; font-family: 'Century Gothic'; color: #6c708d;\">PV- System<\/span><\/p>\n<h4><strong>Technisches Datenblatt<\/strong><\/h4>\n<table class=\"table table-bordered\" style=\"width: 587px;\">\n<tbody>\n<tr>\n<td class=\"active\" style=\"width: 275px;\">Strukturprofile<\/td>\n<td style=\"width: 296px;\">\u00a0von 32&#215;32 bis zu 100&#215;100 mm<\/td>\n<\/tr>\n<tr>\n<td class=\"active\" style=\"width: 275px;\">PV-Paneel Dichte<\/td>\n<td style=\"width: 296px;\">\u00a0von 35 mm bis zu 50 mm \u00a0<\/td>\n<\/tr>\n<\/tbody>\n<\/table>\n<p><\/p>","protected":false},"excerpt":{"rendered":"<p>Ihr starker Partner f\u00fcr Solar-Systeme Die ALL.CO Group z\u00e4hlt zu den f\u00fchrenden italienischen Herstellern von Solar-Systemen weltweit. Seit 47 Jahren steht der Name ALLCO f\u00fcr erstklassige Qualit\u00e4t in der Metallverarbeitung \u2013 von den Anf\u00e4ngen als famili\u00e4rer Betrieb bis zur Gegenwart als weltweit t\u00e4tige Unternehmensgruppe. Geblieben ist der Qualit\u00e4tsanspruch und die Innovationsfreude eines Unternehmens. Die Folge&#8230;<\/p>\n","protected":false},"author":1,"featured_media":0,"parent":119,"menu_order":0,"comment_status":"closed","ping_status":"closed","template":"page-left-right-sidebar.php","meta":{"footnotes":""},"class_list":["post-310","page","type-page","status-publish","hentry"],"aioseo_notices":[],"_links":{"self":[{"href":"https:\/\/allco.tesecom.net\/de\/wp-json\/wp\/v2\/pages\/310","targetHints":{"allow":["GET"]}}],"collection":[{"href":"https:\/\/allco.tesecom.net\/de\/wp-json\/wp\/v2\/pages"}],"about":[{"href":"https:\/\/allco.tesecom.net\/de\/wp-json\/wp\/v2\/types\/page"}],"author":[{"embeddable":true,"href":"https:\/\/allco.tesecom.net\/de\/wp-json\/wp\/v2\/users\/1"}],"replies":[{"embeddable":true,"href":"https:\/\/allco.tesecom.net\/de\/wp-json\/wp\/v2\/comments?post=310"}],"version-history":[{"count":23,"href":"https:\/\/allco.tesecom.net\/de\/wp-json\/wp\/v2\/pages\/310\/revisions"}],"predecessor-version":[{"id":4435,"href":"https:\/\/allco.tesecom.net\/de\/wp-json\/wp\/v2\/pages\/310\/revisions\/4435"}],"up":[{"embeddable":true,"href":"https:\/\/allco.tesecom.net\/de\/wp-json\/wp\/v2\/pages\/119"}],"wp:attachment":[{"href":"https:\/\/allco.tesecom.net\/de\/wp-json\/wp\/v2\/media?parent=310"}],"curies":[{"name":"wp","href":"https:\/\/api.w.org\/{rel}","templated":true}]}}