{"id":308,"date":"2017-08-11T13:23:56","date_gmt":"2017-08-11T11:23:56","guid":{"rendered":"http:\/\/allco.altervista.org\/?page_id=308"},"modified":"2021-05-05T09:07:07","modified_gmt":"2021-05-05T07:07:07","slug":"fx-50","status":"publish","type":"page","link":"https:\/\/allco.tesecom.net\/de\/architettura-2\/facciate\/fx-50\/","title":{"rendered":"FX 50"},"content":{"rendered":"<p class=\"lead\"><\/p>\n<p>Die Basisversion der Pfosten-Riegel-Fassade.<\/p>\n<h4><strong>Technisches Datenblatt<\/strong><\/h4>\n<table class=\"table table-bordered\" style=\"width: 632px;\">\n<tbody>\n<tr>\n<td class=\"active\" style=\"width: 271px;\">Bautypologie<\/td>\n<td style=\"width: 345px;\">Basisversion<\/td>\n<\/tr>\n<tr>\n<td class=\"active\" style=\"width: 271px;\">Pfosten-Riegeldicht<\/td>\n<td style=\"width: 345px;\">90\/ 232 mm<\/td>\n<\/tr>\n<tr>\n<td class=\"active\" style=\"width: 271px;\">Pfosten-Riegelbreite<\/td>\n<td style=\"width: 345px;\">50 mm<\/td>\n<\/tr>\n<tr>\n<td class=\"active\" style=\"width: 271px;\">Thermische Trennung<\/td>\n<td style=\"width: 345px;\">mit isolierendem halbstarrem Zwischenst\u00fcck<\/td>\n<\/tr>\n<tr>\n<td class=\"active\" style=\"width: 271px;\">Max. Glasdichte<\/td>\n<td style=\"width: 345px;\">41 mm<\/td>\n<\/tr>\n<tr>\n<td class=\"active\" style=\"width: 271px;\">Max. Tragf\u00e4higkeit \u00f6ffenbarer Fl\u00fcgel<\/td>\n<td style=\"width: 345px;\">150 Kg<\/td>\n<\/tr>\n<tr>\n<td class=\"active\" style=\"width: 271px;\">W\u00e4rmed\u00e4mmung<\/td>\n<td style=\"width: 345px;\">\u00a0Uf 3,46 W\/m\u00b2K<\/td>\n<\/tr>\n<tr>\n<td class=\"active\" style=\"width: 271px;\">Dichtigkeitsleistungen<\/td>\n<td style=\"width: 345px;\">\u00a0A\/4 A\/3 &#8211; R7\u00a0&#8211; 1600\/2400 PA<\/td>\n<\/tr>\n<\/tbody>\n<\/table>\n<hr \/>\n<p><span style=\"color: #7dba27; font-family: 'Century Gothic'; font-size: 15.5pt;\">Systemsvorteile<\/span><\/p>\n<p><strong>Ideal f\u00fcr senkrechte Fassaden, Polygonfassaden, Schr\u00e4gverglasungen und Raumstrukturen<\/strong><br \/>\n<strong>Individuelles Design durch eine gro\u00dfe Auswahl an Profilgeometrien f\u00fcr die Tragkonstruktion und f\u00fcr die Verglasungsprofile<\/strong><br \/>\n<strong>Alternativ: Industrie-Design f\u00fcr optische Struktur von Stahlprofilen\u2022<\/strong><br \/>\n<strong>Zuverl\u00e4ssige Glaslastabtragung<\/strong><\/p>\n<hr \/>\n<p><span style=\"font-size: 15.5pt; font-family: 'Century Gothic'; color: #7dba27;\">Leistungen<\/span><\/p>\n<p>Luftdurchl\u00e4ssigkeit: <br \/>\n<strong>KLASSE A4\/ A3<\/strong><br \/>\nWasserdichtigkeit:<br \/>\n<strong>KLASSE R7<\/strong><br \/>\nWiderstandsf\u00e4higkeit gegen Windlast:<br \/>\n<strong>1600\/2400 PA<\/strong><\/p>\n<hr \/>\n<p>&nbsp;<\/p>\n<p><\/p>","protected":false},"excerpt":{"rendered":"<p>Die Basisversion der Pfosten-Riegel-Fassade. Technisches Datenblatt Bautypologie Basisversion Pfosten-Riegeldicht 90\/ 232 mm Pfosten-Riegelbreite 50 mm Thermische Trennung mit isolierendem halbstarrem Zwischenst\u00fcck Max. Glasdichte 41 mm Max. Tragf\u00e4higkeit \u00f6ffenbarer Fl\u00fcgel 150 Kg W\u00e4rmed\u00e4mmung \u00a0Uf 3,46 W\/m\u00b2K Dichtigkeitsleistungen \u00a0A\/4 A\/3 &#8211; R7\u00a0&#8211; 1600\/2400 PA Systemsvorteile Ideal f\u00fcr senkrechte Fassaden, Polygonfassaden, Schr\u00e4gverglasungen und Raumstrukturen Individuelles Design durch eine&#8230;<\/p>\n","protected":false},"author":1,"featured_media":0,"parent":115,"menu_order":1,"comment_status":"closed","ping_status":"closed","template":"page-left-right-sidebar.php","meta":{"footnotes":""},"class_list":["post-308","page","type-page","status-publish","hentry"],"aioseo_notices":[],"_links":{"self":[{"href":"https:\/\/allco.tesecom.net\/de\/wp-json\/wp\/v2\/pages\/308","targetHints":{"allow":["GET"]}}],"collection":[{"href":"https:\/\/allco.tesecom.net\/de\/wp-json\/wp\/v2\/pages"}],"about":[{"href":"https:\/\/allco.tesecom.net\/de\/wp-json\/wp\/v2\/types\/page"}],"author":[{"embeddable":true,"href":"https:\/\/allco.tesecom.net\/de\/wp-json\/wp\/v2\/users\/1"}],"replies":[{"embeddable":true,"href":"https:\/\/allco.tesecom.net\/de\/wp-json\/wp\/v2\/comments?post=308"}],"version-history":[{"count":42,"href":"https:\/\/allco.tesecom.net\/de\/wp-json\/wp\/v2\/pages\/308\/revisions"}],"predecessor-version":[{"id":3997,"href":"https:\/\/allco.tesecom.net\/de\/wp-json\/wp\/v2\/pages\/308\/revisions\/3997"}],"up":[{"embeddable":true,"href":"https:\/\/allco.tesecom.net\/de\/wp-json\/wp\/v2\/pages\/115"}],"wp:attachment":[{"href":"https:\/\/allco.tesecom.net\/de\/wp-json\/wp\/v2\/media?parent=308"}],"curies":[{"name":"wp","href":"https:\/\/api.w.org\/{rel}","templated":true}]}}