{"id":304,"date":"2017-08-11T13:23:25","date_gmt":"2017-08-11T11:23:25","guid":{"rendered":"http:\/\/allco.altervista.org\/?page_id=304"},"modified":"2023-09-06T14:13:49","modified_gmt":"2023-09-06T12:13:49","slug":"epocal","status":"publish","type":"page","link":"https:\/\/allco.tesecom.net\/de\/architettura-2\/schermi-oscuranti\/epocal\/","title":{"rendered":"EPOCAL"},"content":{"rendered":"<p class=\"lead\"><\/p>\n<p>Jalousie aus Aluminium.<\/p>\n<h4><strong>Technisches Datenblatt<\/strong><\/h4>\n<table class=\"table table-bordered\" style=\"width: 575px;\">\n<tbody>\n<tr>\n<td class=\"active\" style=\"width: 304px;\">Rahmendichte<\/td>\n<td style=\"width: 255px;\">da 45 a 63 mm<\/td>\n<\/tr>\n<tr>\n<td class=\"active\" style=\"width: 304px;\">Fl\u00fcgeldichte<\/td>\n<td style=\"width: 255px;\">da 45 a 50,5 mm<\/td>\n<\/tr>\n<tr>\n<td class=\"active\" style=\"width: 304px;\">Montage<\/td>\n<td style=\"width: 255px;\">45\u00b0 \/ 90\u00b0<\/td>\n<\/tr>\n<tr>\n<td class=\"active\" style=\"width: 304px;\">Zubeh\u00f6re<\/td>\n<td style=\"width: 255px;\">Standard europ\u00e4ische Kammer<\/td>\n<\/tr>\n<tr>\n<td class=\"active\" style=\"width: 304px;\">Max. Tragf\u00e4higkeit Fl\u00fcge<\/td>\n<td style=\"width: 255px;\">60 Kg<\/td>\n<\/tr>\n<\/tbody>\n<\/table>\n<hr \/>\n<p><span style=\"color: #7dba27; font-family: 'Century Gothic'; font-size: 15.5pt;\">Systemsvorteile<\/span><\/p>\n<p><strong>Personalisierung der Typologie gem\u00e4\u00df dem Installationsort<br \/>\n<\/strong><strong>Zahlreiche Varianten von Konstruktionstypologien<br \/>\n<\/strong><strong>Individuelle Gestaltung der Endbearbeitungen<br \/>\n<\/strong><strong>Installation in Alt- oder Innenst\u00e4dten erlaubt<br \/>\n<\/strong><strong>Standard europ\u00e4ische Zubeh\u00f6rkammer<br \/>\n<\/strong><strong>Verschiedene Lamellenger\u00e4te<\/strong><\/p>\n<hr \/>\n<p><span style=\"font-size: 15.5pt; font-family: 'Century Gothic'; color: #7dba27;\">Leistungen<\/span><\/p>\n<p>Widerstandsf\u00e4higkeit gegen Windlas:<br \/>\n<strong>KLASSE C6<\/strong><\/p>\n<hr \/>\n<p>&nbsp;<\/p>\n<p><\/p>","protected":false},"excerpt":{"rendered":"<p>Jalousie aus Aluminium. Technisches Datenblatt Rahmendichte da 45 a 63 mm Fl\u00fcgeldichte da 45 a 50,5 mm Montage 45\u00b0 \/ 90\u00b0 Zubeh\u00f6re Standard europ\u00e4ische Kammer Max. Tragf\u00e4higkeit Fl\u00fcge 60 Kg Systemsvorteile Personalisierung der Typologie gem\u00e4\u00df dem Installationsort Zahlreiche Varianten von Konstruktionstypologien Individuelle Gestaltung der Endbearbeitungen Installation in Alt- oder Innenst\u00e4dten erlaubt Standard europ\u00e4ische Zubeh\u00f6rkammer Verschiedene&#8230;<\/p>\n","protected":false},"author":1,"featured_media":0,"parent":113,"menu_order":1,"comment_status":"closed","ping_status":"closed","template":"page-left-right-sidebar.php","meta":{"footnotes":""},"class_list":["post-304","page","type-page","status-publish","hentry"],"aioseo_notices":[],"_links":{"self":[{"href":"https:\/\/allco.tesecom.net\/de\/wp-json\/wp\/v2\/pages\/304","targetHints":{"allow":["GET"]}}],"collection":[{"href":"https:\/\/allco.tesecom.net\/de\/wp-json\/wp\/v2\/pages"}],"about":[{"href":"https:\/\/allco.tesecom.net\/de\/wp-json\/wp\/v2\/types\/page"}],"author":[{"embeddable":true,"href":"https:\/\/allco.tesecom.net\/de\/wp-json\/wp\/v2\/users\/1"}],"replies":[{"embeddable":true,"href":"https:\/\/allco.tesecom.net\/de\/wp-json\/wp\/v2\/comments?post=304"}],"version-history":[{"count":38,"href":"https:\/\/allco.tesecom.net\/de\/wp-json\/wp\/v2\/pages\/304\/revisions"}],"predecessor-version":[{"id":4459,"href":"https:\/\/allco.tesecom.net\/de\/wp-json\/wp\/v2\/pages\/304\/revisions\/4459"}],"up":[{"embeddable":true,"href":"https:\/\/allco.tesecom.net\/de\/wp-json\/wp\/v2\/pages\/113"}],"wp:attachment":[{"href":"https:\/\/allco.tesecom.net\/de\/wp-json\/wp\/v2\/media?parent=304"}],"curies":[{"name":"wp","href":"https:\/\/api.w.org\/{rel}","templated":true}]}}