{"id":300,"date":"2017-08-11T13:22:41","date_gmt":"2017-08-11T11:22:41","guid":{"rendered":"http:\/\/allco.altervista.org\/?page_id=300"},"modified":"2020-03-26T10:45:25","modified_gmt":"2020-03-26T09:45:25","slug":"export-60s","status":"publish","type":"page","link":"https:\/\/allco.tesecom.net\/de\/architettura-2\/sistemi-scorrevoli\/export-60s\/","title":{"rendered":"EXPORT 60S"},"content":{"rendered":"<p class=\"lead\"><\/p>\n<p>Schiebesystem f\u00fcr Fenster und T\u00fcren aus Aluminium.<\/p>\n<h4><strong>Technisches Datenblatt<\/strong><\/h4>\n<table class=\"table table-bordered\" style=\"width: 601px; height: 168px;\">\n<tbody>\n<tr style=\"height: 24px;\">\n<td class=\"active\" style=\"width: 297px; height: 24px;\">Rahmendichte<\/td>\n<td style=\"width: 288px; height: 24px;\">53 mm<\/td>\n<\/tr>\n<tr style=\"height: 24px;\">\n<td class=\"active\" style=\"width: 297px; height: 24px;\">Fl\u00fcgeldichte<\/td>\n<td style=\"width: 288px; height: 24px;\">28 mm<\/td>\n<\/tr>\n<tr style=\"height: 24px;\">\n<td class=\"active\" style=\"width: 297px; height: 24px;\">Max. Glasdichte<\/td>\n<td style=\"width: 288px; height: 24px;\">18 mm<\/td>\n<\/tr>\n<tr style=\"height: 24px;\">\n<td class=\"active\" style=\"width: 297px; height: 24px;\">Montage<\/td>\n<td style=\"width: 288px; height: 24px;\">45\u00b0<\/td>\n<\/tr>\n<tr style=\"height: 24px;\">\n<td class=\"active\" style=\"width: 297px; height: 24px;\">Zubeh\u00f6re<\/td>\n<td style=\"width: 288px; height: 24px;\">personalisierte Kammer<\/td>\n<\/tr>\n<tr style=\"height: 24px;\">\n<td class=\"active\" style=\"width: 297px; height: 24px;\">Max. Tragf\u00e4higkeit Fl\u00fcge<\/td>\n<td style=\"width: 288px; height: 24px;\">90 Kg<\/td>\n<\/tr>\n<tr style=\"height: 24px;\">\n<td class=\"active\" style=\"width: 297px; height: 24px;\">Dichtigkeitsleistungen<\/td>\n<td style=\"width: 288px; height: 24px;\">4 &#8211; E750 &#8211; C4<\/td>\n<\/tr>\n<\/tbody>\n<\/table>\n<hr \/>\n<p><span style=\"color: #7dba27; font-family: 'Century Gothic'; font-size: 15.5pt;\">Systemsvorteile<\/span><\/p>\n<p><strong>Erm\u00f6glicht mittel-gro\u00dfes Sichtspiegeln<br \/>\n<\/strong><strong>Leicht Montage<br \/>\n<\/strong><strong>Handlungsfreiheit<br \/>\n<\/strong><strong>Breite Personalisierungsm\u00f6glichkeiten der Endbearbeitungen<br \/>\n<\/strong><strong>Leicht auffindbaren Zubeh\u00f6re<br \/>\n<\/strong><strong>Vielseitigkeit der Bautypologien<\/strong><\/p>\n<hr \/>\n<p><span style=\"font-size: 15.5pt; font-family: 'Century Gothic'; color: #7dba27;\">Leistungen<\/span><\/p>\n<p>Luftdurchl\u00e4ssigkeit: <br \/>\n<strong>KLASSE 4<\/strong><br \/>\nWasserdichtigkeit:<br \/>\n<strong>KLASSE E750<\/strong><br \/>\nWindbelastbarkeit: <br \/>\n<strong>KLASSE C4<\/strong><\/p>\n<hr \/>\n<p>&nbsp;<\/p>\n<p><\/p>","protected":false},"excerpt":{"rendered":"<p>Schiebesystem f\u00fcr Fenster und T\u00fcren aus Aluminium. Technisches Datenblatt Rahmendichte 53 mm Fl\u00fcgeldichte 28 mm Max. Glasdichte 18 mm Montage 45\u00b0 Zubeh\u00f6re personalisierte Kammer Max. Tragf\u00e4higkeit Fl\u00fcge 90 Kg Dichtigkeitsleistungen 4 &#8211; E750 &#8211; C4 Systemsvorteile Erm\u00f6glicht mittel-gro\u00dfes Sichtspiegeln Leicht Montage Handlungsfreiheit Breite Personalisierungsm\u00f6glichkeiten der Endbearbeitungen Leicht auffindbaren Zubeh\u00f6re Vielseitigkeit der Bautypologien Leistungen Luftdurchl\u00e4ssigkeit: KLASSE&#8230;<\/p>\n","protected":false},"author":1,"featured_media":0,"parent":109,"menu_order":7,"comment_status":"closed","ping_status":"closed","template":"page-left-right-sidebar.php","meta":{"footnotes":""},"class_list":["post-300","page","type-page","status-publish","hentry"],"aioseo_notices":[],"_links":{"self":[{"href":"https:\/\/allco.tesecom.net\/de\/wp-json\/wp\/v2\/pages\/300","targetHints":{"allow":["GET"]}}],"collection":[{"href":"https:\/\/allco.tesecom.net\/de\/wp-json\/wp\/v2\/pages"}],"about":[{"href":"https:\/\/allco.tesecom.net\/de\/wp-json\/wp\/v2\/types\/page"}],"author":[{"embeddable":true,"href":"https:\/\/allco.tesecom.net\/de\/wp-json\/wp\/v2\/users\/1"}],"replies":[{"embeddable":true,"href":"https:\/\/allco.tesecom.net\/de\/wp-json\/wp\/v2\/comments?post=300"}],"version-history":[{"count":38,"href":"https:\/\/allco.tesecom.net\/de\/wp-json\/wp\/v2\/pages\/300\/revisions"}],"predecessor-version":[{"id":3337,"href":"https:\/\/allco.tesecom.net\/de\/wp-json\/wp\/v2\/pages\/300\/revisions\/3337"}],"up":[{"embeddable":true,"href":"https:\/\/allco.tesecom.net\/de\/wp-json\/wp\/v2\/pages\/109"}],"wp:attachment":[{"href":"https:\/\/allco.tesecom.net\/de\/wp-json\/wp\/v2\/media?parent=300"}],"curies":[{"name":"wp","href":"https:\/\/api.w.org\/{rel}","templated":true}]}}