{"id":296,"date":"2017-08-11T13:22:14","date_gmt":"2017-08-11T11:22:14","guid":{"rendered":"http:\/\/allco.altervista.org\/?page_id=296"},"modified":"2021-03-01T11:42:14","modified_gmt":"2021-03-01T10:42:14","slug":"triall-co-6590","status":"publish","type":"page","link":"https:\/\/allco.tesecom.net\/de\/architettura-2\/sistemi-scorrevoli\/triall-co-6590\/","title":{"rendered":"TRIALL.CO 65\/90"},"content":{"rendered":"<p class=\"lead\"><\/p>\n<p>Schiebesystem f\u00fcr Fenster und T\u00fcren aus Aluminium.<\/p>\n<h4><strong>Technisches Datenblatt<\/strong><\/h4>\n<table class=\"table table-bordered\" style=\"width: 468px; height: 144px;\">\n<tbody>\n<tr style=\"height: 24px;\">\n<td class=\"active\" style=\"width: 283px; height: 24px;\">Rahmendichte<\/td>\n<td style=\"width: 169px; height: 24px;\">65\/ 90 mm<\/td>\n<\/tr>\n<tr style=\"height: 24px;\">\n<td class=\"active\" style=\"width: 283px; height: 24px;\">Fl\u00fcgeldichte<\/td>\n<td style=\"width: 169px; height: 24px;\">35 mm<\/td>\n<\/tr>\n<tr style=\"height: 24px;\">\n<td class=\"active\" style=\"width: 283px; height: 24px;\">Thermische Trennung<\/td>\n<td style=\"width: 169px; height: 24px;\">24 mm<\/td>\n<\/tr>\n<tr style=\"height: 24px;\">\n<td class=\"active\" style=\"width: 283px; height: 24px;\">Zubeh\u00f6re\u00a0<\/td>\n<td style=\"width: 169px; height: 24px;\">Personalisierten<\/td>\n<\/tr>\n<tr style=\"height: 24px;\">\n<td class=\"active\" style=\"width: 283px; height: 24px;\">Max. Tragf\u00e4higkeit \u00f6ffenbarer Fl\u00fcgel<\/td>\n<td style=\"width: 169px; height: 24px;\">150\/180 Kg<\/td>\n<\/tr>\n<tr style=\"height: 24px;\">\n<td class=\"active\" style=\"width: 283px; height: 24px;\">Dichtigkeitsleistungen<\/td>\n<td style=\"width: 169px; height: 24px;\">4 &#8211; 7A &#8211; C4<\/td>\n<\/tr>\n<\/tbody>\n<\/table>\n<hr \/>\n<p><span style=\"color: #7dba27; font-family: 'Century Gothic'; font-size: 15.5pt;\">Systemsvorteile<\/span><\/p>\n<p><strong>Erm\u00f6glicht mittel-gro\u00dfes Sichtspiegeln<br \/>\n<\/strong><strong>Leicht Montage<br \/>\n<\/strong><strong>Handlungsfreiheit<br \/>\n<\/strong><strong>Breite Personalisierungsm\u00f6glichkeiten<br \/>\n<\/strong><strong>Leicht auffindbaren Zubeh\u00f6re<br \/>\n<\/strong><strong>Vielseitigkeit der Bautypologien<br \/>\n<\/strong><strong>Rahmentrennung: 45\u00b0 oder 90\u00b0<br \/>\n<\/strong><strong>Rahmen in verschiedenen Dimensionen: 65mm oder 90mm, dieselbe Montagezubeh\u00f6re<\/strong><\/p>\n<hr \/>\n<p><span style=\"font-size: 15.5pt; font-family: 'Century Gothic'; color: #7dba27;\">Leistungen<\/span><\/p>\n<p>Luftdurchl\u00e4ssigkeit: <br \/>\n<strong>KLASSE C4<\/strong><br \/>\nWasserdichtigkeit:<br \/>\n<strong>KLASSE 7A<\/strong><br \/>\nWindbelastbarkeit: <br \/>\n<strong>KLASSE C4<\/strong><\/p>\n<hr \/>\n<p><span style=\"font-size: 20px; color: #3c8ee6;\">TRIALL.CO 65\/90TT<\/span><br \/>\nSchiebe- und Hebe-Schiebe Alusystem mit thermischer Trennung.<\/p>\n<table class=\"table table-bordered\" style=\"width: 510px; height: 192px;\">\n<tbody>\n<tr style=\"height: 24px;\">\n<td class=\"active\" style=\"width: 296px; height: 24px;\">Rahmendichte<\/td>\n<td style=\"width: 198px; height: 24px;\">65\/ 90 mm<\/td>\n<\/tr>\n<tr style=\"height: 24px;\">\n<td class=\"active\" style=\"width: 296px; height: 25px;\">Fl\u00fcgeldichte<\/td>\n<td style=\"width: 198px; height: 25px;\">35 mm<\/td>\n<\/tr>\n<tr style=\"height: 24px;\">\n<td class=\"active\" style=\"width: 296px; height: 24px;\">Thermische Trennung<\/td>\n<td style=\"width: 198px; height: 24px;\">24 mm<\/td>\n<\/tr>\n<tr style=\"height: 24px;\">\n<td class=\"active\" style=\"width: 296px; height: 24px;\">Max. Glasdichte\u00a0<\/td>\n<td style=\"width: 198px; height: 24px;\">28 mm<\/td>\n<\/tr>\n<tr style=\"height: 24px;\">\n<td class=\"active\" style=\"width: 296px; height: 24px;\">Zubeh\u00f6re<\/td>\n<td style=\"width: 198px; height: 24px;\">gewidmete Kammer<\/td>\n<\/tr>\n<tr style=\"height: 24px;\">\n<td class=\"active\" style=\"width: 296px; height: 24px;\">Max. Tragf\u00e4higkeit \u00f6ffenbarer Fl\u00fcgel<\/td>\n<td style=\"width: 198px; height: 24px;\">150\/180 Kg<\/td>\n<\/tr>\n<tr style=\"height: 24px;\">\n<td class=\"active\" style=\"width: 296px; height: 24px;\">UF nominal<\/td>\n<td style=\"width: 198px; height: 24px;\">5,1 W\/m\u00b2K<\/td>\n<\/tr>\n<tr style=\"height: 24px;\">\n<td class=\"active\" style=\"width: 296px; height: 24px;\">Dichtigkeitsleistungen<\/td>\n<td style=\"width: 198px; height: 24px;\">4 &#8211; 7A &#8211; C4<\/td>\n<\/tr>\n<\/tbody>\n<\/table>\n<p><\/p>","protected":false},"excerpt":{"rendered":"<p>Schiebesystem f\u00fcr Fenster und T\u00fcren aus Aluminium. Technisches Datenblatt Rahmendichte 65\/ 90 mm Fl\u00fcgeldichte 35 mm Thermische Trennung 24 mm Zubeh\u00f6re\u00a0 Personalisierten Max. Tragf\u00e4higkeit \u00f6ffenbarer Fl\u00fcgel 150\/180 Kg Dichtigkeitsleistungen 4 &#8211; 7A &#8211; C4 Systemsvorteile Erm\u00f6glicht mittel-gro\u00dfes Sichtspiegeln Leicht Montage Handlungsfreiheit Breite Personalisierungsm\u00f6glichkeiten Leicht auffindbaren Zubeh\u00f6re Vielseitigkeit der Bautypologien Rahmentrennung: 45\u00b0 oder 90\u00b0 Rahmen in&#8230;<\/p>\n","protected":false},"author":1,"featured_media":0,"parent":109,"menu_order":6,"comment_status":"closed","ping_status":"closed","template":"page-left-right-sidebar.php","meta":{"footnotes":""},"class_list":["post-296","page","type-page","status-publish","hentry"],"aioseo_notices":[],"_links":{"self":[{"href":"https:\/\/allco.tesecom.net\/de\/wp-json\/wp\/v2\/pages\/296","targetHints":{"allow":["GET"]}}],"collection":[{"href":"https:\/\/allco.tesecom.net\/de\/wp-json\/wp\/v2\/pages"}],"about":[{"href":"https:\/\/allco.tesecom.net\/de\/wp-json\/wp\/v2\/types\/page"}],"author":[{"embeddable":true,"href":"https:\/\/allco.tesecom.net\/de\/wp-json\/wp\/v2\/users\/1"}],"replies":[{"embeddable":true,"href":"https:\/\/allco.tesecom.net\/de\/wp-json\/wp\/v2\/comments?post=296"}],"version-history":[{"count":52,"href":"https:\/\/allco.tesecom.net\/de\/wp-json\/wp\/v2\/pages\/296\/revisions"}],"predecessor-version":[{"id":3931,"href":"https:\/\/allco.tesecom.net\/de\/wp-json\/wp\/v2\/pages\/296\/revisions\/3931"}],"up":[{"embeddable":true,"href":"https:\/\/allco.tesecom.net\/de\/wp-json\/wp\/v2\/pages\/109"}],"wp:attachment":[{"href":"https:\/\/allco.tesecom.net\/de\/wp-json\/wp\/v2\/media?parent=296"}],"curies":[{"name":"wp","href":"https:\/\/api.w.org\/{rel}","templated":true}]}}