{"id":274,"date":"2017-08-11T12:37:00","date_gmt":"2017-08-11T10:37:00","guid":{"rendered":"http:\/\/allco.altervista.org\/?page_id=274"},"modified":"2022-05-20T08:57:07","modified_gmt":"2022-05-20T06:57:07","slug":"allco-tec-72","status":"publish","type":"page","link":"https:\/\/allco.tesecom.net\/de\/architettura-2\/sistemi-a-battente\/allco-tec-72\/","title":{"rendered":"ALL.COTEC 72"},"content":{"rendered":"<p class=\"lead\"><\/p>\n<p>T\u00fcren- und Fensterfl\u00fcgelsystem mit thermischer Trennung, \u00f6ffener Fuge und europ\u00e4ischer Kammer.<\/p>\n<p><\/p>","protected":false},"excerpt":{"rendered":"<p>T\u00fcren- und Fensterfl\u00fcgelsystem mit thermischer Trennung, \u00f6ffener Fuge und europ\u00e4ischer Kammer.<\/p>\n","protected":false},"author":1,"featured_media":0,"parent":19,"menu_order":4,"comment_status":"closed","ping_status":"closed","template":"page-left-right-sidebar.php","meta":{"footnotes":""},"class_list":["post-274","page","type-page","status-publish","hentry"],"aioseo_notices":[],"_links":{"self":[{"href":"https:\/\/allco.tesecom.net\/de\/wp-json\/wp\/v2\/pages\/274","targetHints":{"allow":["GET"]}}],"collection":[{"href":"https:\/\/allco.tesecom.net\/de\/wp-json\/wp\/v2\/pages"}],"about":[{"href":"https:\/\/allco.tesecom.net\/de\/wp-json\/wp\/v2\/types\/page"}],"author":[{"embeddable":true,"href":"https:\/\/allco.tesecom.net\/de\/wp-json\/wp\/v2\/users\/1"}],"replies":[{"embeddable":true,"href":"https:\/\/allco.tesecom.net\/de\/wp-json\/wp\/v2\/comments?post=274"}],"version-history":[{"count":60,"href":"https:\/\/allco.tesecom.net\/de\/wp-json\/wp\/v2\/pages\/274\/revisions"}],"predecessor-version":[{"id":4275,"href":"https:\/\/allco.tesecom.net\/de\/wp-json\/wp\/v2\/pages\/274\/revisions\/4275"}],"up":[{"embeddable":true,"href":"https:\/\/allco.tesecom.net\/de\/wp-json\/wp\/v2\/pages\/19"}],"wp:attachment":[{"href":"https:\/\/allco.tesecom.net\/de\/wp-json\/wp\/v2\/media?parent=274"}],"curies":[{"name":"wp","href":"https:\/\/api.w.org\/{rel}","templated":true}]}}