{"id":262,"date":"2017-08-11T12:35:43","date_gmt":"2017-08-11T10:35:43","guid":{"rendered":"http:\/\/allco.altervista.org\/?page_id=262"},"modified":"2020-12-01T10:15:03","modified_gmt":"2020-12-01T09:15:03","slug":"export-45","status":"publish","type":"page","link":"https:\/\/allco.tesecom.net\/de\/architettura-2\/sistemi-a-battente\/export-45\/","title":{"rendered":"EXPORT 45"},"content":{"rendered":"<p class=\"lead\"><\/p>\n<p>Fenster- und T\u00fcren Fl\u00fcgelsystem mit \u00f6ffener Fuge und europ\u00e4ischer Kammer.<\/p>\n<h4><strong>Technisches Datenblatt<\/strong><\/h4>\n<table class=\"table table-bordered\">\n<tbody>\n<tr>\n<td class=\"active\" style=\"width: 265px;\">Rahmendichte<\/td>\n<td style=\"width: 210px;\">45 mm<\/td>\n<\/tr>\n<tr>\n<td class=\"active\" style=\"width: 265px;\">Fl\u00fcgeldichte<\/td>\n<td style=\"width: 210px;\">52 mm<\/td>\n<\/tr>\n<tr>\n<td class=\"active\" style=\"width: 265px;\">Max. Glasdichte<\/td>\n<td style=\"width: 210px;\">32 mm<\/td>\n<\/tr>\n<tr>\n<td class=\"active\" style=\"width: 265px;\">Zubeh\u00f6re<\/td>\n<td style=\"width: 210px;\">europ\u00e4ische Kammer<\/td>\n<\/tr>\n<tr>\n<td class=\"active\" style=\"width: 265px;\">Max. Tragf\u00e4higkeit Fensterfl\u00fcgel<\/td>\n<td style=\"width: 210px;\">170 Kg<\/td>\n<\/tr>\n<tr>\n<td class=\"active\" style=\"width: 265px;\">Dichtigkeit<\/td>\n<td style=\"width: 210px;\">4 &#8211; E900 &#8211; C5<\/td>\n<\/tr>\n<\/tbody>\n<\/table>\n<hr \/>\n<p><span style=\"font-size: 15.5pt; font-family: 'Century Gothic'; color: #7dba27;\">Systemsvorteile<\/span><\/p>\n<p><strong>Kleiner Raumbedarf<br \/>\nBreite Typologienpalette<br \/>\nBreite Auswahl an Zubeh\u00f6ren<br \/>\nLeichte Wartung<br \/>\nIndividuelle Gestaltung der Endbearbeitungen<br \/>\n<\/strong><\/p>\n<hr \/>\n<p><span style=\"font-size: 15.5pt; font-family: 'Century Gothic'; color: #7dba27;\">Leistungen<\/span><\/p>\n<p>Luftdurchl\u00e4ssigkeit: <br \/>\n<strong>KLASSE 4<\/strong><br \/>\nWasserdichtigkeit:<br \/>\n<strong>KLASSE E900<\/strong><br \/>\nWindbelastbarkeit: <br \/>\n<strong>KLASSE C5<\/strong><\/p>\n<hr \/>\n<p>&nbsp;<\/p>\n<p><\/p>","protected":false},"excerpt":{"rendered":"<p>Fenster- und T\u00fcren Fl\u00fcgelsystem mit \u00f6ffener Fuge und europ\u00e4ischer Kammer. Technisches Datenblatt Rahmendichte 45 mm Fl\u00fcgeldichte 52 mm Max. Glasdichte 32 mm Zubeh\u00f6re europ\u00e4ische Kammer Max. Tragf\u00e4higkeit Fensterfl\u00fcgel 170 Kg Dichtigkeit 4 &#8211; E900 &#8211; C5 Systemsvorteile Kleiner Raumbedarf Breite Typologienpalette Breite Auswahl an Zubeh\u00f6ren Leichte Wartung Individuelle Gestaltung der Endbearbeitungen Leistungen Luftdurchl\u00e4ssigkeit: KLASSE 4&#8230;<\/p>\n","protected":false},"author":1,"featured_media":0,"parent":19,"menu_order":9,"comment_status":"closed","ping_status":"closed","template":"page-left-right-sidebar.php","meta":{"footnotes":""},"class_list":["post-262","page","type-page","status-publish","hentry"],"aioseo_notices":[],"_links":{"self":[{"href":"https:\/\/allco.tesecom.net\/de\/wp-json\/wp\/v2\/pages\/262","targetHints":{"allow":["GET"]}}],"collection":[{"href":"https:\/\/allco.tesecom.net\/de\/wp-json\/wp\/v2\/pages"}],"about":[{"href":"https:\/\/allco.tesecom.net\/de\/wp-json\/wp\/v2\/types\/page"}],"author":[{"embeddable":true,"href":"https:\/\/allco.tesecom.net\/de\/wp-json\/wp\/v2\/users\/1"}],"replies":[{"embeddable":true,"href":"https:\/\/allco.tesecom.net\/de\/wp-json\/wp\/v2\/comments?post=262"}],"version-history":[{"count":40,"href":"https:\/\/allco.tesecom.net\/de\/wp-json\/wp\/v2\/pages\/262\/revisions"}],"predecessor-version":[{"id":3728,"href":"https:\/\/allco.tesecom.net\/de\/wp-json\/wp\/v2\/pages\/262\/revisions\/3728"}],"up":[{"embeddable":true,"href":"https:\/\/allco.tesecom.net\/de\/wp-json\/wp\/v2\/pages\/19"}],"wp:attachment":[{"href":"https:\/\/allco.tesecom.net\/de\/wp-json\/wp\/v2\/media?parent=262"}],"curies":[{"name":"wp","href":"https:\/\/api.w.org\/{rel}","templated":true}]}}