{"id":260,"date":"2017-08-11T12:35:29","date_gmt":"2017-08-11T10:35:29","guid":{"rendered":"http:\/\/allco.altervista.org\/?page_id=260"},"modified":"2020-03-26T09:44:24","modified_gmt":"2020-03-26T08:44:24","slug":"k-40","status":"publish","type":"page","link":"https:\/\/allco.tesecom.net\/de\/architettura-2\/sistemi-a-battente\/k-40\/","title":{"rendered":"K 40"},"content":{"rendered":"<p class=\"lead\"><\/p>\n<p>Alufl\u00fcgelsystem f\u00fcr Fenster und T\u00fcren mit \u00f6ffener Fuge und europ\u00e4ischer Kammer.<\/p>\n<h4>Technisches Datenblatt<\/h4>\n<table class=\"table table-bordered\" style=\"width: 521px;\">\n<tbody>\n<tr>\n<td class=\"active\" style=\"width: 273px;\">Rahmendichte<\/td>\n<td style=\"width: 232px;\">39 mm<\/td>\n<\/tr>\n<tr>\n<td class=\"active\" style=\"width: 273px;\">Fl\u00fcgeldichte<\/td>\n<td style=\"width: 232px;\">48 mm<\/td>\n<\/tr>\n<tr>\n<td class=\"active\" style=\"width: 273px;\">Max. Glasdichte<\/td>\n<td style=\"width: 232px;\">26 mm<\/td>\n<\/tr>\n<tr>\n<td class=\"active\" style=\"width: 273px;\">Zubeh\u00f6re<\/td>\n<td style=\"width: 232px;\">europ\u00e4ische Kammer<\/td>\n<\/tr>\n<tr>\n<td class=\"active\" style=\"width: 273px;\">Max. Tragf\u00e4higkeit \u00f6ffenbarer Fl\u00fcgel<\/td>\n<td style=\"width: 232px;\">150 Kg<\/td>\n<\/tr>\n<tr>\n<td class=\"active\" style=\"width: 273px;\">Dichtigkeitsleistungen<\/td>\n<td style=\"width: 232px;\">4 &#8211; E1050 &#8211; C5<\/td>\n<\/tr>\n<\/tbody>\n<\/table>\n<p><\/p>","protected":false},"excerpt":{"rendered":"<p>Alufl\u00fcgelsystem f\u00fcr Fenster und T\u00fcren mit \u00f6ffener Fuge und europ\u00e4ischer Kammer. Technisches Datenblatt Rahmendichte 39 mm Fl\u00fcgeldichte 48 mm Max. Glasdichte 26 mm Zubeh\u00f6re europ\u00e4ische Kammer Max. Tragf\u00e4higkeit \u00f6ffenbarer Fl\u00fcgel 150 Kg Dichtigkeitsleistungen 4 &#8211; E1050 &#8211; C5<\/p>\n","protected":false},"author":1,"featured_media":0,"parent":19,"menu_order":11,"comment_status":"closed","ping_status":"closed","template":"page-left-right-sidebar.php","meta":{"footnotes":""},"class_list":["post-260","page","type-page","status-publish","hentry"],"aioseo_notices":[],"_links":{"self":[{"href":"https:\/\/allco.tesecom.net\/de\/wp-json\/wp\/v2\/pages\/260","targetHints":{"allow":["GET"]}}],"collection":[{"href":"https:\/\/allco.tesecom.net\/de\/wp-json\/wp\/v2\/pages"}],"about":[{"href":"https:\/\/allco.tesecom.net\/de\/wp-json\/wp\/v2\/types\/page"}],"author":[{"embeddable":true,"href":"https:\/\/allco.tesecom.net\/de\/wp-json\/wp\/v2\/users\/1"}],"replies":[{"embeddable":true,"href":"https:\/\/allco.tesecom.net\/de\/wp-json\/wp\/v2\/comments?post=260"}],"version-history":[{"count":19,"href":"https:\/\/allco.tesecom.net\/de\/wp-json\/wp\/v2\/pages\/260\/revisions"}],"predecessor-version":[{"id":3324,"href":"https:\/\/allco.tesecom.net\/de\/wp-json\/wp\/v2\/pages\/260\/revisions\/3324"}],"up":[{"embeddable":true,"href":"https:\/\/allco.tesecom.net\/de\/wp-json\/wp\/v2\/pages\/19"}],"wp:attachment":[{"href":"https:\/\/allco.tesecom.net\/de\/wp-json\/wp\/v2\/media?parent=260"}],"curies":[{"name":"wp","href":"https:\/\/api.w.org\/{rel}","templated":true}]}}