{"id":258,"date":"2017-08-11T12:35:14","date_gmt":"2017-08-11T10:35:14","guid":{"rendered":"http:\/\/allco.altervista.org\/?page_id=258"},"modified":"2020-03-26T09:44:48","modified_gmt":"2020-03-26T08:44:48","slug":"all-co-p4","status":"publish","type":"page","link":"https:\/\/allco.tesecom.net\/de\/architettura-2\/sistemi-a-battente\/all-co-p4\/","title":{"rendered":"ALL.CO P4"},"content":{"rendered":"<p class=\"lead\"><\/p>\n<p>Alufl\u00fcgelsystem f\u00fcr Fenster und T\u00fcren mit \u00f6ffener Fuge und europ\u00e4ischer Kammer.<\/p>\n<h4>Technisches Datenblatt<\/h4>\n<table class=\"table table-bordered\" style=\"width: 419px;\">\n<tbody>\n<tr>\n<td class=\"active\" style=\"width: 296px;\">Rahmendichte<\/td>\n<td style=\"width: 107px;\">40 mm<\/td>\n<\/tr>\n<tr>\n<td class=\"active\" style=\"width: 296px;\">Fl\u00fcgeldichte<\/td>\n<td style=\"width: 107px;\">47 mm<\/td>\n<\/tr>\n<tr>\n<td class=\"active\" style=\"width: 296px;\">Max, Glasdichte<\/td>\n<td style=\"width: 107px;\">30 mm<\/td>\n<\/tr>\n<tr>\n<td class=\"active\" style=\"width: 296px;\">Zubeh\u00f6rekmmer<\/td>\n<td style=\"width: 107px;\">All.co<\/td>\n<\/tr>\n<tr>\n<td class=\"active\" style=\"width: 296px;\">Max. Tragf\u00e4higkeit \u00f6ffenbarer Fl\u00fcgel:<\/td>\n<td style=\"width: 107px;\">75\/140 Kg<\/td>\n<\/tr>\n<\/tbody>\n<\/table>\n<p><\/p>","protected":false},"excerpt":{"rendered":"<p>Alufl\u00fcgelsystem f\u00fcr Fenster und T\u00fcren mit \u00f6ffener Fuge und europ\u00e4ischer Kammer. Technisches Datenblatt Rahmendichte 40 mm Fl\u00fcgeldichte 47 mm Max, Glasdichte 30 mm Zubeh\u00f6rekmmer All.co Max. Tragf\u00e4higkeit \u00f6ffenbarer Fl\u00fcgel: 75\/140 Kg<\/p>\n","protected":false},"author":1,"featured_media":0,"parent":19,"menu_order":12,"comment_status":"closed","ping_status":"closed","template":"page-left-right-sidebar.php","meta":{"footnotes":""},"class_list":["post-258","page","type-page","status-publish","hentry"],"aioseo_notices":[],"_links":{"self":[{"href":"https:\/\/allco.tesecom.net\/de\/wp-json\/wp\/v2\/pages\/258","targetHints":{"allow":["GET"]}}],"collection":[{"href":"https:\/\/allco.tesecom.net\/de\/wp-json\/wp\/v2\/pages"}],"about":[{"href":"https:\/\/allco.tesecom.net\/de\/wp-json\/wp\/v2\/types\/page"}],"author":[{"embeddable":true,"href":"https:\/\/allco.tesecom.net\/de\/wp-json\/wp\/v2\/users\/1"}],"replies":[{"embeddable":true,"href":"https:\/\/allco.tesecom.net\/de\/wp-json\/wp\/v2\/comments?post=258"}],"version-history":[{"count":24,"href":"https:\/\/allco.tesecom.net\/de\/wp-json\/wp\/v2\/pages\/258\/revisions"}],"predecessor-version":[{"id":3325,"href":"https:\/\/allco.tesecom.net\/de\/wp-json\/wp\/v2\/pages\/258\/revisions\/3325"}],"up":[{"embeddable":true,"href":"https:\/\/allco.tesecom.net\/de\/wp-json\/wp\/v2\/pages\/19"}],"wp:attachment":[{"href":"https:\/\/allco.tesecom.net\/de\/wp-json\/wp\/v2\/media?parent=258"}],"curies":[{"name":"wp","href":"https:\/\/api.w.org\/{rel}","templated":true}]}}