{"id":252,"date":"2017-08-11T12:33:56","date_gmt":"2017-08-11T10:33:56","guid":{"rendered":"http:\/\/allco.altervista.org\/?page_id=252"},"modified":"2020-12-01T16:18:35","modified_gmt":"2020-12-01T15:18:35","slug":"allco-tec-w","status":"publish","type":"page","link":"https:\/\/allco.tesecom.net\/de\/architettura-2\/sistemi-alluminio-legno\/allco-tec-w\/","title":{"rendered":"ALL.CO TEC W"},"content":{"rendered":"<p class=\"lead\"><\/p>\n<p>Holz-Alu Fl\u00fcgelsystem mit thermischer Trennung.<\/p>\n<h4><strong>Technisches Datenblatt<\/strong><\/h4>\n<table class=\"table table-bordered\" style=\"width: 372px;\">\n<tbody>\n<tr>\n<td class=\"active\" style=\"width: 213px;\">Rahmendichte<\/td>\n<td style=\"width: 143px;\">76 mm<\/td>\n<\/tr>\n<tr>\n<td class=\"active\" style=\"width: 213px;\">Fl\u00fcgeldichte<\/td>\n<td style=\"width: 143px;\">94 mm<\/td>\n<\/tr>\n<tr>\n<td class=\"active\" style=\"width: 213px;\">Thermische Trennung<\/td>\n<td style=\"width: 143px;\">33 mm<\/td>\n<\/tr>\n<tr>\n<td class=\"active\" style=\"width: 213px;\">Max. Glasdichte<\/td>\n<td style=\"width: 143px;\">52 mm<\/td>\n<\/tr>\n<tr>\n<td class=\"active\" style=\"width: 213px;\">Zubeh\u00f6re<\/td>\n<td style=\"width: 143px;\">Aria 12<\/td>\n<\/tr>\n<tr>\n<td class=\"active\" style=\"width: 213px;\">Max. Tragf\u00e4higkeit Fl\u00fcgel<\/td>\n<td style=\"width: 143px;\">75\/140 Kg<\/td>\n<\/tr>\n<tr>\n<td class=\"active\" style=\"width: 213px;\">UF nominal<\/td>\n<td style=\"width: 143px;\">1,61 W\/m\u00b2K<\/td>\n<\/tr>\n<tr>\n<td class=\"active\" style=\"width: 213px;\">Dichtigkeitsleistungen<\/td>\n<td style=\"width: 143px;\">4 &#8211; E1050 &#8211; C5<\/td>\n<\/tr>\n<\/tbody>\n<\/table>\n<hr \/>\n<p><span style=\"color: #7dba27; font-family: 'Century Gothic'; font-size: 15.5pt;\">Systemsvorteile<\/span><\/p>\n<p><strong>H\u00f6he W\u00e4rme- und Schalld\u00e4mmung<br \/>\n<\/strong><strong>H\u00f6he Witterungsbest\u00e4ndigkeit<br \/>\n<\/strong><strong>Glasdichte bis zu 5 cm<br \/>\n<\/strong><strong>Erm\u00e4\u00dfigte T\u00fcrschwelle gem\u00e4\u00df Gesetz gegen bauliche Hindernisse<br \/>\n<\/strong><strong>Personalisierung der Holz-Effekt Endbearbeitungen<br \/>\n<\/strong><strong>Standard Zubeh\u00f6rkammer \u201eALU 12\u201c<br \/>\n<\/strong><strong>Leicht Montage<\/strong><\/p>\n<hr \/>\n<p><span style=\"font-size: 15.5pt; font-family: 'Century Gothic'; color: #7dba27;\">Leistungen<\/span><\/p>\n<p>Luftdurchl\u00e4ssigkeit: <br \/>\n<strong>KLASSE 4<\/strong><br \/>\nWasserdichtigkeit:<br \/>\n<strong>KLASSE E1050<\/strong><br \/>\nWindbelastbarkeit: <br \/>\n<strong>KLASSE C5<\/strong><\/p>\n<hr \/>\n<p>&nbsp;<\/p>\n<p><\/p>","protected":false},"excerpt":{"rendered":"<p>Holz-Alu Fl\u00fcgelsystem mit thermischer Trennung. Technisches Datenblatt Rahmendichte 76 mm Fl\u00fcgeldichte 94 mm Thermische Trennung 33 mm Max. Glasdichte 52 mm Zubeh\u00f6re Aria 12 Max. Tragf\u00e4higkeit Fl\u00fcgel 75\/140 Kg UF nominal 1,61 W\/m\u00b2K Dichtigkeitsleistungen 4 &#8211; E1050 &#8211; C5 Systemsvorteile H\u00f6he W\u00e4rme- und Schalld\u00e4mmung H\u00f6he Witterungsbest\u00e4ndigkeit Glasdichte bis zu 5 cm Erm\u00e4\u00dfigte T\u00fcrschwelle gem\u00e4\u00df Gesetz&#8230;<\/p>\n","protected":false},"author":1,"featured_media":0,"parent":111,"menu_order":1,"comment_status":"closed","ping_status":"closed","template":"page-left-right-sidebar.php","meta":{"footnotes":""},"class_list":["post-252","page","type-page","status-publish","hentry"],"aioseo_notices":[],"_links":{"self":[{"href":"https:\/\/allco.tesecom.net\/de\/wp-json\/wp\/v2\/pages\/252","targetHints":{"allow":["GET"]}}],"collection":[{"href":"https:\/\/allco.tesecom.net\/de\/wp-json\/wp\/v2\/pages"}],"about":[{"href":"https:\/\/allco.tesecom.net\/de\/wp-json\/wp\/v2\/types\/page"}],"author":[{"embeddable":true,"href":"https:\/\/allco.tesecom.net\/de\/wp-json\/wp\/v2\/users\/1"}],"replies":[{"embeddable":true,"href":"https:\/\/allco.tesecom.net\/de\/wp-json\/wp\/v2\/comments?post=252"}],"version-history":[{"count":28,"href":"https:\/\/allco.tesecom.net\/de\/wp-json\/wp\/v2\/pages\/252\/revisions"}],"predecessor-version":[{"id":3774,"href":"https:\/\/allco.tesecom.net\/de\/wp-json\/wp\/v2\/pages\/252\/revisions\/3774"}],"up":[{"embeddable":true,"href":"https:\/\/allco.tesecom.net\/de\/wp-json\/wp\/v2\/pages\/111"}],"wp:attachment":[{"href":"https:\/\/allco.tesecom.net\/de\/wp-json\/wp\/v2\/media?parent=252"}],"curies":[{"name":"wp","href":"https:\/\/api.w.org\/{rel}","templated":true}]}}