{"id":2377,"date":"2019-11-08T10:31:26","date_gmt":"2019-11-08T09:31:26","guid":{"rendered":"https:\/\/allco.tesecom.net\/?page_id=2377"},"modified":"2022-02-02T15:55:19","modified_gmt":"2022-02-02T14:55:19","slug":"allco-ht-slide","status":"publish","type":"page","link":"https:\/\/allco.tesecom.net\/de\/architettura-2\/sistemi-scorrevoli\/ht-slide-2\/","title":{"rendered":"ALL.CO HT SLIDE"},"content":{"rendered":"<p class=\"lead\"><\/p>\n<p>Hebe-Schiebe System aus Aluminium mit thermischer Trennung. Komplette Brosch\u00fcre runterladen.<\/p>\n<h4><strong>Technisches Datenblatt<\/strong><\/h4>\n<table class=\"table table-bordered\" style=\"width: 471px;\">\n<tbody>\n<tr>\n<td class=\"active\" style=\"width: 276px;\">Rahmendichte<\/td>\n<td style=\"width: 179px;\">81 mm<\/td>\n<\/tr>\n<tr>\n<td class=\"active\" style=\"width: 276px;\">Fl\u00fcgeldichte<\/td>\n<td style=\"width: 179px;\">40 mm<\/td>\n<\/tr>\n<tr>\n<td class=\"active\" style=\"width: 276px;\">Thermische Trennung<\/td>\n<td style=\"width: 179px;\">32 mm<\/td>\n<\/tr>\n<tr>\n<td class=\"active\" style=\"width: 276px;\">Max. Glasdichte<\/td>\n<td style=\"width: 179px;\">30 mm<\/td>\n<\/tr>\n<tr>\n<td class=\"active\" style=\"width: 276px;\">Zubeh\u00f6re<\/td>\n<td style=\"width: 179px;\">GOS S\u00a0<\/td>\n<\/tr>\n<tr>\n<td class=\"active\" style=\"width: 276px;\">Max. Tragf\u00e4higkeit \u00f6ffenbarer Fl\u00fcgel<\/td>\n<td style=\"width: 179px;\">200 Kg<\/td>\n<\/tr>\n<tr>\n<td class=\"active\" style=\"width: 276px;\">Uf nominal<\/td>\n<td style=\"width: 179px;\">3,22 W\/m\u00b2K<\/td>\n<\/tr>\n<tr>\n<td class=\"active\" style=\"width: 276px;\">Dichtigkeitsleistungen<\/td>\n<td style=\"width: 179px;\">4 &#8211; 8A &#8211; B3<\/td>\n<\/tr>\n<\/tbody>\n<\/table>\n<hr \/>\n<p><span style=\"color: #7dba27; font-family: 'Century Gothic'; font-size: 15.5pt;\">Systemsvorteile<\/span><\/p>\n<p><strong>Erm\u00f6glicht gro\u00dfes Sichtspiegeln<br \/>\n<\/strong><strong>Leicht Montage<br \/>\n<\/strong><strong>H\u00f6he Witterungsbest\u00e4ndigkeit<br \/>\n<\/strong><strong>Handlungsfreiheit<br \/>\n<\/strong><strong>H\u00f6he W\u00e4rme- und Schalld\u00e4mmung<br \/>\n<\/strong><strong>Reduzierte Arbeitszeit f\u00fcr Durchf\u00fchrung und Installation<br \/>\n<\/strong><strong>Erm\u00e4\u00dfigte T\u00fcrschwelle<br \/>\n<\/strong><strong>Profiloptimierung zwecks Schrottreduzierung<br \/>\n<\/strong><strong>Lineares und elegantes Design<\/strong><\/p>\n<hr \/>\n<p><span style=\"font-size: 15.5pt; font-family: 'Century Gothic'; color: #7dba27;\">Leistungen<\/span><\/p>\n<p>Luftdurchl\u00e4ssigkeit: <br \/>\n<strong>KLASSE C4<\/strong><br \/>\nWasserdichtigkeit:<br \/>\n<strong>KLASSE 8A<\/strong><br \/>\nWindbelastbarkeit: <br \/>\n<strong>KLASSE B3<\/strong><\/p>\n<hr \/>\n<p>&nbsp;<\/p>\n<p><\/p>","protected":false},"excerpt":{"rendered":"<p>Hebe-Schiebe System aus Aluminium mit thermischer Trennung. Komplette Brosch\u00fcre runterladen. Technisches Datenblatt Rahmendichte 81 mm Fl\u00fcgeldichte 40 mm Thermische Trennung 32 mm Max. Glasdichte 30 mm Zubeh\u00f6re GOS S\u00a0 Max. Tragf\u00e4higkeit \u00f6ffenbarer Fl\u00fcgel 200 Kg Uf nominal 3,22 W\/m\u00b2K Dichtigkeitsleistungen 4 &#8211; 8A &#8211; B3 Systemsvorteile Erm\u00f6glicht gro\u00dfes Sichtspiegeln Leicht Montage H\u00f6he Witterungsbest\u00e4ndigkeit Handlungsfreiheit H\u00f6he&#8230;<\/p>\n","protected":false},"author":2,"featured_media":2979,"parent":109,"menu_order":6,"comment_status":"closed","ping_status":"closed","template":"page-left-right-sidebar.php","meta":{"footnotes":""},"class_list":["post-2377","page","type-page","status-publish","has-post-thumbnail","hentry"],"aioseo_notices":[],"_links":{"self":[{"href":"https:\/\/allco.tesecom.net\/de\/wp-json\/wp\/v2\/pages\/2377","targetHints":{"allow":["GET"]}}],"collection":[{"href":"https:\/\/allco.tesecom.net\/de\/wp-json\/wp\/v2\/pages"}],"about":[{"href":"https:\/\/allco.tesecom.net\/de\/wp-json\/wp\/v2\/types\/page"}],"author":[{"embeddable":true,"href":"https:\/\/allco.tesecom.net\/de\/wp-json\/wp\/v2\/users\/2"}],"replies":[{"embeddable":true,"href":"https:\/\/allco.tesecom.net\/de\/wp-json\/wp\/v2\/comments?post=2377"}],"version-history":[{"count":40,"href":"https:\/\/allco.tesecom.net\/de\/wp-json\/wp\/v2\/pages\/2377\/revisions"}],"predecessor-version":[{"id":4208,"href":"https:\/\/allco.tesecom.net\/de\/wp-json\/wp\/v2\/pages\/2377\/revisions\/4208"}],"up":[{"embeddable":true,"href":"https:\/\/allco.tesecom.net\/de\/wp-json\/wp\/v2\/pages\/109"}],"wp:featuredmedia":[{"embeddable":true,"href":"https:\/\/allco.tesecom.net\/de\/wp-json\/wp\/v2\/media\/2979"}],"wp:attachment":[{"href":"https:\/\/allco.tesecom.net\/de\/wp-json\/wp\/v2\/media?parent=2377"}],"curies":[{"name":"wp","href":"https:\/\/api.w.org\/{rel}","templated":true}]}}