{"id":21,"date":"2017-08-08T17:05:14","date_gmt":"2017-08-08T15:05:14","guid":{"rendered":"http:\/\/localhost\/lavori\/allco\/?page_id=21"},"modified":"2023-11-13T16:35:09","modified_gmt":"2023-11-13T15:35:09","slug":"profili-a-disegno","status":"publish","type":"page","link":"https:\/\/allco.tesecom.net\/de\/industrie\/profile-nach-kundenzeichnung\/","title":{"rendered":"Zeichnungsprofile"},"content":{"rendered":"<p class=\"lead\"><\/p>\n<p>Gro\u00dfe und schwierige Zeichnungsprofile im Bereich Design und Mechanik, in verschiedenen Legierungen extrudiert, thermische getrennt und testiert.<\/p>\n<p>Exklusive und ma\u00dfgenaue Zeichnungsprofile nach den Kundenangaben \u00fcber Form, Toleranzen, Bearbeitungen und Legierungsauswahl.<\/p>\n<p>Diese Profile sind Nischenprodukte, die zu speziellen Anwendungsbereichen \u2013 Mechanik, Transporte, Design usw.- bestimmt sind.<\/p>\n<p>Dank ihrer hohen Produktionskapazit\u00e4t in Einklang mit ihrer hochspezialisierter Anlagenausr\u00fcstung und ihrer technischen Erfahrung hat die All.co immer eine Nase vorn: das ist optimal und gew\u00e4hrleistet den Kunden immer die besten Resultate. Dadurch kann All.co immer ein dynamischer, reagierender und kompetenter Gesch\u00e4ftspartner sein, der jede Anforderungen den Kunden v\u00f6llig erf\u00fcllen kann.<\/p>\n<p><strong>Anwendungsbereiche<\/strong>:<\/p>\n<ul>\n<li>Luft- und Fahrzeuge<\/li>\n<li>Lebensmittel<\/li>\n<li>Innen- und Au\u00dfeneinrichtung; Stadteinrichtung<\/li>\n<li>Sonnenbettchen<\/li>\n<li>Automotive<\/li>\n<li>Haushaltsger\u00e4te<\/li>\n<li>Beleuchtung<\/li>\n<li>K\u00fchlk\u00f6rper<\/li>\n<li>Elektrohaushaltsger\u00e4te<\/li>\n<li>Elektronik<\/li>\n<li>Kunststoffbearbeitung<\/li>\n<li>Schifffahrtzeuge<\/li>\n<li>Pneumatik<\/li>\n<li>Robotik<\/li>\n<li>Ger\u00fcste und Leiter<\/li>\n<li>Sport<\/li>\n<li>Markisen<\/li>\n<\/ul>\n<img decoding=\"async\" width=\"878\" height=\"560\" class=\"alignnone size-full wp-image-1320\" src=\"https:\/\/allco.tesecom.net\/wp-content\/uploads\/2018\/01\/Allco_Spa_web_site_testata_profiliadisegno.jpg\" alt=\"\" srcset=\"https:\/\/allco.tesecom.net\/wp-content\/uploads\/2018\/01\/Allco_Spa_web_site_testata_profiliadisegno.jpg 878w, https:\/\/allco.tesecom.net\/wp-content\/uploads\/2018\/01\/Allco_Spa_web_site_testata_profiliadisegno-300x191.jpg 300w, https:\/\/allco.tesecom.net\/wp-content\/uploads\/2018\/01\/Allco_Spa_web_site_testata_profiliadisegno-768x490.jpg 768w\" sizes=\"(max-width: 878px) 100vw, 878px\" \/>\n<p><\/p>","protected":false},"excerpt":{"rendered":"<p>Gro\u00dfe und schwierige Zeichnungsprofile im Bereich Design und Mechanik, in verschiedenen Legierungen extrudiert, thermische getrennt und testiert. Exklusive und ma\u00dfgenaue Zeichnungsprofile nach den Kundenangaben \u00fcber Form, Toleranzen, Bearbeitungen und Legierungsauswahl. Diese Profile sind Nischenprodukte, die zu speziellen Anwendungsbereichen \u2013 Mechanik, Transporte, Design usw.- bestimmt sind. Dank ihrer hohen Produktionskapazit\u00e4t in Einklang mit ihrer hochspezialisierter Anlagenausr\u00fcstung&#8230;<\/p>\n","protected":false},"author":1,"featured_media":1325,"parent":17,"menu_order":0,"comment_status":"closed","ping_status":"closed","template":"page-left-sidebar.php","meta":{"footnotes":""},"class_list":["post-21","page","type-page","status-publish","has-post-thumbnail","hentry"],"aioseo_notices":[],"_links":{"self":[{"href":"https:\/\/allco.tesecom.net\/de\/wp-json\/wp\/v2\/pages\/21","targetHints":{"allow":["GET"]}}],"collection":[{"href":"https:\/\/allco.tesecom.net\/de\/wp-json\/wp\/v2\/pages"}],"about":[{"href":"https:\/\/allco.tesecom.net\/de\/wp-json\/wp\/v2\/types\/page"}],"author":[{"embeddable":true,"href":"https:\/\/allco.tesecom.net\/de\/wp-json\/wp\/v2\/users\/1"}],"replies":[{"embeddable":true,"href":"https:\/\/allco.tesecom.net\/de\/wp-json\/wp\/v2\/comments?post=21"}],"version-history":[{"count":15,"href":"https:\/\/allco.tesecom.net\/de\/wp-json\/wp\/v2\/pages\/21\/revisions"}],"predecessor-version":[{"id":4137,"href":"https:\/\/allco.tesecom.net\/de\/wp-json\/wp\/v2\/pages\/21\/revisions\/4137"}],"up":[{"embeddable":true,"href":"https:\/\/allco.tesecom.net\/de\/wp-json\/wp\/v2\/pages\/17"}],"wp:featuredmedia":[{"embeddable":true,"href":"https:\/\/allco.tesecom.net\/de\/wp-json\/wp\/v2\/media\/1325"}],"wp:attachment":[{"href":"https:\/\/allco.tesecom.net\/de\/wp-json\/wp\/v2\/media?parent=21"}],"curies":[{"name":"wp","href":"https:\/\/api.w.org\/{rel}","templated":true}]}}