{"id":196,"date":"2017-08-11T08:41:41","date_gmt":"2017-08-11T06:41:41","guid":{"rendered":"http:\/\/allco.altervista.org\/?page_id=196"},"modified":"2022-12-01T09:31:19","modified_gmt":"2022-12-01T08:31:19","slug":"taglio-termico","status":"publish","type":"page","link":"https:\/\/allco.tesecom.net\/de\/allco-group\/produzione\/taglio-termico\/","title":{"rendered":"Thermische Trennung"},"content":{"rendered":"<p class=\"lead\"><\/p>\n<p style=\"text-align: justify;\">Wir legen viel Wert auf die Ressourcenerhaltung. Seit Jahren ist das ein Teil unserer Vision. Aus diesem Grund verpflichten wir uns, unseres thermisches Trennverfahrens stetig zu verbessern. Der W\u00e4rmeverlust wurde dank der Einsetzung von D\u00e4mmstoff in den Profilinnerkammern von der thermischen Trennung erfolgreich behindert. Unsere Spitzprodukte im Bereich Architektur (z.B. Profile f\u00fcr T\u00fcren und Fenster) sind mittels der neuesten thermischen Trennungsverfahren realisiert, weshalb besitzen sie h\u00f6hen Leistungen: eine optimale Schranke gegen Kalt und Warm, h\u00f6hen L\u00e4rmschutz und perfekten Widerstandf\u00e4higkeit gegen atmosph\u00e4rische Einfl\u00fcsse<\/p>\n<p style=\"text-align: justify;\">Die Realisierung eine gute thermische Trennung erfordert eine sorgf\u00e4ltige Profilplanung und h\u00f6he Genauigkeit in der Produktionsphase. All.co betr\u00e4gt ihrem internen Forschungszentrum und ihrer besten Technologien mit der Entwicklung der thermischen getrennten Profile. Zwei Niederlassungen der All.co haben ihren eigenen thermische Trennungsanlagen: Pisa und Padua, alle mit h\u00f6chsten Pr\u00e4zisionsger\u00e4ten ausgestattet. Einige thermische getrennte Profile von All.co sind nach Qualitherm zertifiziert.<\/p>\n<img decoding=\"async\" width=\"878\" height=\"560\" class=\"alignnone size-full wp-image-1335\" src=\"https:\/\/allco.tesecom.net\/wp-content\/uploads\/2018\/01\/Allco_Spa_web_site_testata_taglio_termico-1.jpg\" alt=\"\" srcset=\"https:\/\/allco.tesecom.net\/wp-content\/uploads\/2018\/01\/Allco_Spa_web_site_testata_taglio_termico-1.jpg 878w, https:\/\/allco.tesecom.net\/wp-content\/uploads\/2018\/01\/Allco_Spa_web_site_testata_taglio_termico-1-300x191.jpg 300w, https:\/\/allco.tesecom.net\/wp-content\/uploads\/2018\/01\/Allco_Spa_web_site_testata_taglio_termico-1-768x490.jpg 768w\" sizes=\"(max-width: 878px) 100vw, 878px\" \/>\n<p><\/p>","protected":false},"excerpt":{"rendered":"<p>Wir legen viel Wert auf die Ressourcenerhaltung. Seit Jahren ist das ein Teil unserer Vision. Aus diesem Grund verpflichten wir uns, unseres thermisches Trennverfahrens stetig zu verbessern. Der W\u00e4rmeverlust wurde dank der Einsetzung von D\u00e4mmstoff in den Profilinnerkammern von der thermischen Trennung erfolgreich behindert. Unsere Spitzprodukte im Bereich Architektur (z.B. Profile f\u00fcr T\u00fcren und Fenster)&#8230;<\/p>\n","protected":false},"author":1,"featured_media":1273,"parent":9,"menu_order":3,"comment_status":"closed","ping_status":"closed","template":"page-left-sidebar.php","meta":{"footnotes":""},"class_list":["post-196","page","type-page","status-publish","has-post-thumbnail","hentry"],"aioseo_notices":[],"_links":{"self":[{"href":"https:\/\/allco.tesecom.net\/de\/wp-json\/wp\/v2\/pages\/196","targetHints":{"allow":["GET"]}}],"collection":[{"href":"https:\/\/allco.tesecom.net\/de\/wp-json\/wp\/v2\/pages"}],"about":[{"href":"https:\/\/allco.tesecom.net\/de\/wp-json\/wp\/v2\/types\/page"}],"author":[{"embeddable":true,"href":"https:\/\/allco.tesecom.net\/de\/wp-json\/wp\/v2\/users\/1"}],"replies":[{"embeddable":true,"href":"https:\/\/allco.tesecom.net\/de\/wp-json\/wp\/v2\/comments?post=196"}],"version-history":[{"count":23,"href":"https:\/\/allco.tesecom.net\/de\/wp-json\/wp\/v2\/pages\/196\/revisions"}],"predecessor-version":[{"id":4350,"href":"https:\/\/allco.tesecom.net\/de\/wp-json\/wp\/v2\/pages\/196\/revisions\/4350"}],"up":[{"embeddable":true,"href":"https:\/\/allco.tesecom.net\/de\/wp-json\/wp\/v2\/pages\/9"}],"wp:featuredmedia":[{"embeddable":true,"href":"https:\/\/allco.tesecom.net\/de\/wp-json\/wp\/v2\/media\/1273"}],"wp:attachment":[{"href":"https:\/\/allco.tesecom.net\/de\/wp-json\/wp\/v2\/media?parent=196"}],"curies":[{"name":"wp","href":"https:\/\/api.w.org\/{rel}","templated":true}]}}