{"id":194,"date":"2023-09-21T16:40:27","date_gmt":"2023-09-21T14:40:27","guid":{"rendered":"http:\/\/allco.altervista.org\/?page_id=194"},"modified":"2023-09-21T16:50:29","modified_gmt":"2023-09-21T14:50:29","slug":"estrusione","status":"publish","type":"page","link":"https:\/\/allco.tesecom.net\/de\/allco-group\/produzione\/estrusione\/","title":{"rendered":"Extrusion"},"content":{"rendered":"<p class=\"lead\"><\/p>\n<p style=\"text-align: justify;\">Die Extrusion von Aluprofilen ist das schwierigste und heikelste Produktionsverfahren.<\/p>\n<p style=\"text-align: justify;\">Daf\u00fcr sind die neueste Technologie und das beste Know-How verwendet, die nur ein jahrzehntelanges erfahrenes Unternehmen wie All.co besitz. Das Extrusionverfahren beginnt mit der Eirichtung daf\u00fcr vorgesehener Stahlwerkzeuge, deren Projektierung erfahrenen Technikern mit der Unterst\u00fctzung der modernsten Forschungsprogramme \u00fcbertragt.<\/p>\n<p style=\"text-align: justify;\">Die Werkzeuge \u2013 auch Matrize benannt \u2013 sind die Formen, in denen die vorgeheizte Aluminiumkn\u00fcppel gepresst wurden und mittels der Extrusion in langen profilierten Barren umgeformt wurden. Dank ihrer sieben Strangpressen besitz die All.co eine h\u00f6he Produktionskapazit\u00e4t und herstellt sowohl kleine als auch gro\u00dfe Strangpressprofile \u2013 bis zu 14 m L\u00e4nge und mit 50 kg\/m (hier eine zusammenfassende Tabelle der Extrusionsf\u00e4higkeit der Gruppe LINK) \u2013. Bei der Extrusion werden die strengsten Toleranzen eingehalten, die eine perfekte Komponentenzusammenbau gew\u00e4hrleisten und das Erhalten der Qualit\u00e4tszertifikate erleichtern.<\/p>\n<p style=\"text-align: justify;\">Nach der Extrusion wurden die Profile zur Gew\u00e4hrleistung ihrer Geradlinigkeit gezogen; dann kommt den S\u00e4geschnitt und das Alterungsverfahren, das auf nat\u00fcrlicher Weise oder durch bestimmte \u00d6fen stattfinden kann. Auf dieser Weise verst\u00e4rkt das Metall seine Molek\u00fclwolle und das verleiht der Profile h\u00f6he Festigkeit und Haltbarkeit. Zum Schluss der Produktionslinie befindet sich die Verpackungsanlage, wo wurden die Profile gegen den n\u00e4chsten Lagerungs-, Versands- und Warenumschlagsphasen gesch\u00fctzt.<\/p>\n<p style=\"text-align: justify;\">All.co bietet seinen Kunden eine kostbare und stetige Unterst\u00fctzung zum Zweck einer stetigen Optimierung der Planungs-, Umarbeitungs- und Produktionszeiten. Dadurch ist die Gruppe in der Lage, jeder Anforderung der Kunden schnell und positiv zu erf\u00fcllen.<\/p>\n<img decoding=\"async\" width=\"878\" height=\"560\" class=\"alignnone size-full wp-image-1263\" src=\"https:\/\/allco.tesecom.net\/wp-content\/uploads\/2018\/01\/Allco_Spa_web_site_testata_Estrusione.jpg\" alt=\"\" srcset=\"https:\/\/allco.tesecom.net\/wp-content\/uploads\/2018\/01\/Allco_Spa_web_site_testata_Estrusione.jpg 878w, https:\/\/allco.tesecom.net\/wp-content\/uploads\/2018\/01\/Allco_Spa_web_site_testata_Estrusione-300x191.jpg 300w, https:\/\/allco.tesecom.net\/wp-content\/uploads\/2018\/01\/Allco_Spa_web_site_testata_Estrusione-768x490.jpg 768w\" sizes=\"(max-width: 878px) 100vw, 878px\" \/>\n<p><\/p>","protected":false},"excerpt":{"rendered":"<p>Die Extrusion von Aluprofilen ist das schwierigste und heikelste Produktionsverfahren. Daf\u00fcr sind die neueste Technologie und das beste Know-How verwendet, die nur ein jahrzehntelanges erfahrenes Unternehmen wie All.co besitz. Das Extrusionverfahren beginnt mit der Eirichtung daf\u00fcr vorgesehener Stahlwerkzeuge, deren Projektierung erfahrenen Technikern mit der Unterst\u00fctzung der modernsten Forschungsprogramme \u00fcbertragt. Die Werkzeuge \u2013 auch Matrize benannt&#8230;<\/p>\n","protected":false},"author":1,"featured_media":488,"parent":9,"menu_order":2,"comment_status":"closed","ping_status":"closed","template":"page-left-sidebar.php","meta":{"footnotes":""},"class_list":["post-194","page","type-page","status-publish","has-post-thumbnail","hentry"],"aioseo_notices":[],"_links":{"self":[{"href":"https:\/\/allco.tesecom.net\/de\/wp-json\/wp\/v2\/pages\/194","targetHints":{"allow":["GET"]}}],"collection":[{"href":"https:\/\/allco.tesecom.net\/de\/wp-json\/wp\/v2\/pages"}],"about":[{"href":"https:\/\/allco.tesecom.net\/de\/wp-json\/wp\/v2\/types\/page"}],"author":[{"embeddable":true,"href":"https:\/\/allco.tesecom.net\/de\/wp-json\/wp\/v2\/users\/1"}],"replies":[{"embeddable":true,"href":"https:\/\/allco.tesecom.net\/de\/wp-json\/wp\/v2\/comments?post=194"}],"version-history":[{"count":19,"href":"https:\/\/allco.tesecom.net\/de\/wp-json\/wp\/v2\/pages\/194\/revisions"}],"predecessor-version":[{"id":4465,"href":"https:\/\/allco.tesecom.net\/de\/wp-json\/wp\/v2\/pages\/194\/revisions\/4465"}],"up":[{"embeddable":true,"href":"https:\/\/allco.tesecom.net\/de\/wp-json\/wp\/v2\/pages\/9"}],"wp:featuredmedia":[{"embeddable":true,"href":"https:\/\/allco.tesecom.net\/de\/wp-json\/wp\/v2\/media\/488"}],"wp:attachment":[{"href":"https:\/\/allco.tesecom.net\/de\/wp-json\/wp\/v2\/media?parent=194"}],"curies":[{"name":"wp","href":"https:\/\/api.w.org\/{rel}","templated":true}]}}