{"id":192,"date":"2017-08-11T08:41:16","date_gmt":"2017-08-11T06:41:16","guid":{"rendered":"http:\/\/allco.altervista.org\/?page_id=192"},"modified":"2024-05-22T17:33:42","modified_gmt":"2024-05-22T15:33:42","slug":"fonderia","status":"publish","type":"page","link":"https:\/\/allco.tesecom.net\/de\/allco-group\/produzione\/fonderia\/","title":{"rendered":"Gie\u00dferei"},"content":{"rendered":"<p class=\"lead\"><\/p>\n<p style=\"text-align: justify;\">Wir sortieren das beste Prim\u00e4raluminium der Welt und unterziehen es gr\u00fcndlichen Analysen in unseren Laboren.<\/p>\n<p style=\"text-align: justify;\">Nur das hochwertigste Aluminium und die von unseren Produktionsanlagen wiedergewonnenen Schrotten wurden in den zwei Schmelz\u00f6fen der Gruppe geschmolzen, die das echte Herz unserer Produktion darstellen. Nach dem Schmelzen geht das Metall direkt zu den Guss\u00f6fen und dort wurde filtriert und von<\/p>\n<p style=\"text-align: justify;\">allen m\u00f6glichen Unreinheiten gel\u00f6st. Danach wurde das fl\u00fcssige Aluminium abgek\u00fchlt und wird endlich in Form von Kn\u00fcppeln fest.<\/p>\n<p style=\"text-align: justify;\">Die Kn\u00fcppel wurden dann temperiert, damit das Metall alle die ideale Extrusionseigenschaften erreichen k\u00f6nnen. Zum Schluss wurden die Kn\u00fcppel nochmal qualitativ gepr\u00fcft, sodass nur die Kn\u00fcppel, die ohne Fehler und Defekte sind, extrudiert wurden.<\/p>\n<p style=\"text-align: justify;\">Das Schmelzen- und Produktionsverfahren der Kn\u00fcppel sind mithilfe hochentwickelter Einrichtungen laufend \u00fcbergewacht. Die Testergebnisse wurden zur Gew\u00e4hrleistung der Qualit\u00e4t unserer Produkte notiert und registriert.<\/p>\n<p>&nbsp;<\/p>\n<img decoding=\"async\" class=\"alignnone wp-image-397 size-full\" src=\"http:\/\/allco.altervista.org\/wp-content\/uploads\/2017\/08\/TestataFonderiaBassa.jpg\" alt=\"\" width=\"878\" height=\"290\" srcset=\"https:\/\/allco.tesecom.net\/wp-content\/uploads\/2017\/08\/TestataFonderiaBassa.jpg 878w, https:\/\/allco.tesecom.net\/wp-content\/uploads\/2017\/08\/TestataFonderiaBassa-300x99.jpg 300w, https:\/\/allco.tesecom.net\/wp-content\/uploads\/2017\/08\/TestataFonderiaBassa-768x254.jpg 768w\" sizes=\"(max-width: 878px) 100vw, 878px\" \/>\n<p><\/p>","protected":false},"excerpt":{"rendered":"<p>Wir sortieren das beste Prim\u00e4raluminium der Welt und unterziehen es gr\u00fcndlichen Analysen in unseren Laboren. Nur das hochwertigste Aluminium und die von unseren Produktionsanlagen wiedergewonnenen Schrotten wurden in den zwei Schmelz\u00f6fen der Gruppe geschmolzen, die das echte Herz unserer Produktion darstellen. Nach dem Schmelzen geht das Metall direkt zu den Guss\u00f6fen und dort wurde filtriert&#8230;<\/p>\n","protected":false},"author":1,"featured_media":395,"parent":9,"menu_order":1,"comment_status":"closed","ping_status":"closed","template":"page-left-sidebar.php","meta":{"footnotes":""},"class_list":["post-192","page","type-page","status-publish","has-post-thumbnail","hentry"],"aioseo_notices":[],"_links":{"self":[{"href":"https:\/\/allco.tesecom.net\/de\/wp-json\/wp\/v2\/pages\/192","targetHints":{"allow":["GET"]}}],"collection":[{"href":"https:\/\/allco.tesecom.net\/de\/wp-json\/wp\/v2\/pages"}],"about":[{"href":"https:\/\/allco.tesecom.net\/de\/wp-json\/wp\/v2\/types\/page"}],"author":[{"embeddable":true,"href":"https:\/\/allco.tesecom.net\/de\/wp-json\/wp\/v2\/users\/1"}],"replies":[{"embeddable":true,"href":"https:\/\/allco.tesecom.net\/de\/wp-json\/wp\/v2\/comments?post=192"}],"version-history":[{"count":25,"href":"https:\/\/allco.tesecom.net\/de\/wp-json\/wp\/v2\/pages\/192\/revisions"}],"predecessor-version":[{"id":3443,"href":"https:\/\/allco.tesecom.net\/de\/wp-json\/wp\/v2\/pages\/192\/revisions\/3443"}],"up":[{"embeddable":true,"href":"https:\/\/allco.tesecom.net\/de\/wp-json\/wp\/v2\/pages\/9"}],"wp:featuredmedia":[{"embeddable":true,"href":"https:\/\/allco.tesecom.net\/de\/wp-json\/wp\/v2\/media\/395"}],"wp:attachment":[{"href":"https:\/\/allco.tesecom.net\/de\/wp-json\/wp\/v2\/media?parent=192"}],"curies":[{"name":"wp","href":"https:\/\/api.w.org\/{rel}","templated":true}]}}