{"id":17,"date":"2017-08-08T17:04:41","date_gmt":"2017-08-08T15:04:41","guid":{"rendered":"http:\/\/localhost\/lavori\/allco\/?page_id=17"},"modified":"2023-11-13T16:27:52","modified_gmt":"2023-11-13T15:27:52","slug":"industria","status":"publish","type":"page","link":"https:\/\/allco.tesecom.net\/de\/industrie\/","title":{"rendered":"Industrie"},"content":{"rendered":"<p class=\"lead\"><\/p>\n<p>Die Industrie verl\u00e4sst sich auf unsere Zuverl\u00e4ssigkeit. Unserer Produkte wurde viel gefragt: Dehnbarkeit oder Straffheit, Wetterfestigkeit, Widerstand gegen Meeresumwelt oder h\u00f6hen Druck; Elektrizit\u00e4t zu leiten oder Warme aufzul\u00f6sen. Auf jedem Fall m\u00fcssen sie immer Leichtigkeit mit Strukturfunktionalit\u00e4t verbinden, Sch\u00f6nheit und Festigkeit umsetzten. Ein unendliches Anwendungsgebiet in verschiedenen Sektoren.<\/p>\n<p><\/p>","protected":false},"excerpt":{"rendered":"<p>Die Industrie verl\u00e4sst sich auf unsere Zuverl\u00e4ssigkeit. Unserer Produkte wurde viel gefragt: Dehnbarkeit oder Straffheit, Wetterfestigkeit, Widerstand gegen Meeresumwelt oder h\u00f6hen Druck; Elektrizit\u00e4t zu leiten oder Warme aufzul\u00f6sen. Auf jedem Fall m\u00fcssen sie immer Leichtigkeit mit Strukturfunktionalit\u00e4t verbinden, Sch\u00f6nheit und Festigkeit umsetzten. Ein unendliches Anwendungsgebiet in verschiedenen Sektoren.<\/p>\n","protected":false},"author":1,"featured_media":2199,"parent":0,"menu_order":0,"comment_status":"closed","ping_status":"closed","template":"page-left-sidebar-child .php","meta":{"footnotes":""},"class_list":["post-17","page","type-page","status-publish","has-post-thumbnail","hentry"],"aioseo_notices":[],"_links":{"self":[{"href":"https:\/\/allco.tesecom.net\/de\/wp-json\/wp\/v2\/pages\/17","targetHints":{"allow":["GET"]}}],"collection":[{"href":"https:\/\/allco.tesecom.net\/de\/wp-json\/wp\/v2\/pages"}],"about":[{"href":"https:\/\/allco.tesecom.net\/de\/wp-json\/wp\/v2\/types\/page"}],"author":[{"embeddable":true,"href":"https:\/\/allco.tesecom.net\/de\/wp-json\/wp\/v2\/users\/1"}],"replies":[{"embeddable":true,"href":"https:\/\/allco.tesecom.net\/de\/wp-json\/wp\/v2\/comments?post=17"}],"version-history":[{"count":5,"href":"https:\/\/allco.tesecom.net\/de\/wp-json\/wp\/v2\/pages\/17\/revisions"}],"predecessor-version":[{"id":3071,"href":"https:\/\/allco.tesecom.net\/de\/wp-json\/wp\/v2\/pages\/17\/revisions\/3071"}],"wp:featuredmedia":[{"embeddable":true,"href":"https:\/\/allco.tesecom.net\/de\/wp-json\/wp\/v2\/media\/2199"}],"wp:attachment":[{"href":"https:\/\/allco.tesecom.net\/de\/wp-json\/wp\/v2\/media?parent=17"}],"curies":[{"name":"wp","href":"https:\/\/api.w.org\/{rel}","templated":true}]}}