{"id":153,"date":"2017-08-10T18:05:49","date_gmt":"2017-08-10T16:05:49","guid":{"rendered":"http:\/\/allco.altervista.org\/?page_id=153"},"modified":"2020-04-01T13:37:35","modified_gmt":"2020-04-01T11:37:35","slug":"lavorazioni-meccaniche","status":"publish","type":"page","link":"https:\/\/allco.tesecom.net\/de\/industrie\/technische-spezifikationen\/mechanische-bearbeitungen\/","title":{"rendered":"Mechanische Bearbeitungen"},"content":{"rendered":"<p class=\"lead\"><\/p>\n<p>Sich f\u00fcr All.co als Gesch\u00e4ftspartner zu entschieden bedeutet, sich auf den italienischen Marktf\u00fchrer im Extrusionsbereich zu verlassen, der seinerseits nur auf Spezialisten von mechanischen Bearbeitungen sich wendet, um seinen Kunden Spitzprodukte und Topleistungen zu gew\u00e4hrleisten.<\/p>\n<p>Hier eine Liste der bei uns m\u00f6glichen Bearbeitungen:<\/p>\n<p>&#8211;<strong> S\u00e4geschnitt<\/strong><\/p>\n<p><strong>&#8211; Fr\u00e4sen<\/strong><\/p>\n<p><strong>&#8211; Veredelung<\/strong><\/p>\n<p><strong>&#8211; Biegen<\/strong><\/p>\n<p><strong>&#8211; Lochen<\/strong><\/p>\n<p><strong>&#8211; Schneiden<\/strong><\/p>\n<p><strong>&#8211; Ausrollen<\/strong><\/p>\n<p><strong>&#8211; Abbiegung<\/strong><\/p>\n<p><strong>&#8211; Gewindebohren<\/strong><\/p>\n<p><\/p>","protected":false},"excerpt":{"rendered":"<p>Sich f\u00fcr All.co als Gesch\u00e4ftspartner zu entschieden bedeutet, sich auf den italienischen Marktf\u00fchrer im Extrusionsbereich zu verlassen, der seinerseits nur auf Spezialisten von mechanischen Bearbeitungen sich wendet, um seinen Kunden Spitzprodukte und Topleistungen zu gew\u00e4hrleisten. Hier eine Liste der bei uns m\u00f6glichen Bearbeitungen: &#8211; S\u00e4geschnitt &#8211; Fr\u00e4sen &#8211; Veredelung &#8211; Biegen &#8211; Lochen &#8211; Schneiden&#8230;<\/p>\n","protected":false},"author":1,"featured_media":1139,"parent":84,"menu_order":0,"comment_status":"closed","ping_status":"closed","template":"page-left-sidebar.php","meta":{"footnotes":""},"class_list":["post-153","page","type-page","status-publish","has-post-thumbnail","hentry"],"aioseo_notices":[],"_links":{"self":[{"href":"https:\/\/allco.tesecom.net\/de\/wp-json\/wp\/v2\/pages\/153","targetHints":{"allow":["GET"]}}],"collection":[{"href":"https:\/\/allco.tesecom.net\/de\/wp-json\/wp\/v2\/pages"}],"about":[{"href":"https:\/\/allco.tesecom.net\/de\/wp-json\/wp\/v2\/types\/page"}],"author":[{"embeddable":true,"href":"https:\/\/allco.tesecom.net\/de\/wp-json\/wp\/v2\/users\/1"}],"replies":[{"embeddable":true,"href":"https:\/\/allco.tesecom.net\/de\/wp-json\/wp\/v2\/comments?post=153"}],"version-history":[{"count":9,"href":"https:\/\/allco.tesecom.net\/de\/wp-json\/wp\/v2\/pages\/153\/revisions"}],"predecessor-version":[{"id":3393,"href":"https:\/\/allco.tesecom.net\/de\/wp-json\/wp\/v2\/pages\/153\/revisions\/3393"}],"up":[{"embeddable":true,"href":"https:\/\/allco.tesecom.net\/de\/wp-json\/wp\/v2\/pages\/84"}],"wp:featuredmedia":[{"embeddable":true,"href":"https:\/\/allco.tesecom.net\/de\/wp-json\/wp\/v2\/media\/1139"}],"wp:attachment":[{"href":"https:\/\/allco.tesecom.net\/de\/wp-json\/wp\/v2\/media?parent=153"}],"curies":[{"name":"wp","href":"https:\/\/api.w.org\/{rel}","templated":true}]}}