{"id":15,"date":"2017-08-08T17:04:29","date_gmt":"2017-08-08T15:04:29","guid":{"rendered":"http:\/\/localhost\/lavori\/allco\/?page_id=15"},"modified":"2023-11-13T16:50:12","modified_gmt":"2023-11-13T15:50:12","slug":"architettura-2","status":"publish","type":"page","link":"https:\/\/allco.tesecom.net\/de\/architettura-2\/","title":{"rendered":"Architektur"},"content":{"rendered":"<p class=\"lead\"><\/p>\n<p>Wir halten Profile f\u00fcr s\u00e4mtliche Erfordernisse der zeitgen\u00f6ssischen Architektur bereit: Schiebe-, Fl\u00fcgel- und Verdunklungselemente, mit Zertifizierung f\u00fcr die Bogenschalung, thermisch getrennte Profile, die den strengsten Gesetzesbestimmungen in Sachen Energieeinsparung Rechnung tragen.<\/p>\n<p>Wir halten ein umfassendes Angebot an ansprechenden Finish-L\u00f6sungen mit reicher Zubeh\u00f6rauswahl bereit. Wir f\u00fcgen Aluminium mit unterschiedlichen Materialien wie beispielsweise Holz zusammen. F\u00fcr die G\u00fcte unserer Produkte garantieren internationale Zertifizierungen. Und wir sind Neuem gegen\u00fcber stets aufgeschlossen.<\/p>\n<p><\/p>","protected":false},"excerpt":{"rendered":"<p>Wir halten Profile f\u00fcr s\u00e4mtliche Erfordernisse der zeitgen\u00f6ssischen Architektur bereit: Schiebe-, Fl\u00fcgel- und Verdunklungselemente, mit Zertifizierung f\u00fcr die Bogenschalung, thermisch getrennte Profile, die den strengsten Gesetzesbestimmungen in Sachen Energieeinsparung Rechnung tragen. Wir halten ein umfassendes Angebot an ansprechenden Finish-L\u00f6sungen mit reicher Zubeh\u00f6rauswahl bereit. Wir f\u00fcgen Aluminium mit unterschiedlichen Materialien wie beispielsweise Holz zusammen. F\u00fcr die&#8230;<\/p>\n","protected":false},"author":1,"featured_media":891,"parent":0,"menu_order":0,"comment_status":"closed","ping_status":"closed","template":"page-left-sidebar-child .php","meta":{"footnotes":""},"class_list":["post-15","page","type-page","status-publish","has-post-thumbnail","hentry"],"aioseo_notices":[],"_links":{"self":[{"href":"https:\/\/allco.tesecom.net\/de\/wp-json\/wp\/v2\/pages\/15","targetHints":{"allow":["GET"]}}],"collection":[{"href":"https:\/\/allco.tesecom.net\/de\/wp-json\/wp\/v2\/pages"}],"about":[{"href":"https:\/\/allco.tesecom.net\/de\/wp-json\/wp\/v2\/types\/page"}],"author":[{"embeddable":true,"href":"https:\/\/allco.tesecom.net\/de\/wp-json\/wp\/v2\/users\/1"}],"replies":[{"embeddable":true,"href":"https:\/\/allco.tesecom.net\/de\/wp-json\/wp\/v2\/comments?post=15"}],"version-history":[{"count":7,"href":"https:\/\/allco.tesecom.net\/de\/wp-json\/wp\/v2\/pages\/15\/revisions"}],"predecessor-version":[{"id":1490,"href":"https:\/\/allco.tesecom.net\/de\/wp-json\/wp\/v2\/pages\/15\/revisions\/1490"}],"wp:featuredmedia":[{"embeddable":true,"href":"https:\/\/allco.tesecom.net\/de\/wp-json\/wp\/v2\/media\/891"}],"wp:attachment":[{"href":"https:\/\/allco.tesecom.net\/de\/wp-json\/wp\/v2\/media?parent=15"}],"curies":[{"name":"wp","href":"https:\/\/api.w.org\/{rel}","templated":true}]}}