{"id":147,"date":"2017-08-10T18:05:07","date_gmt":"2017-08-10T16:05:07","guid":{"rendered":"http:\/\/allco.altervista.org\/?page_id=147"},"modified":"2023-11-13T16:38:30","modified_gmt":"2023-11-13T15:38:30","slug":"per-meccanica","status":"publish","type":"page","link":"https:\/\/allco.tesecom.net\/de\/industrie\/profile-nach-kundenzeichnung\/maschinenbau\/","title":{"rendered":"Mechanik"},"content":{"rendered":"<p class=\"lead\"><\/p>\n<p>Profile f\u00fcr Drehenbarren, Antriebs- und Pumpenk\u00f6rper, Strukturelemente f\u00fcr Werkzeugmaschinen.<\/p>\n<p>Diese sind nur einige Beispiele der verschiedenen Anwendungen, die das Aluminium dank seiner Bearbeitbarkeit in Mechanik haben. Mit der Auslastung seiner langj\u00e4hrigen Erfahrung in enger Zusammenarbeit mit den Marktf\u00fchrern der Mechanik verf\u00fcgt die All.co \u00fcber eine Vielfalt an Standardprodukten, die immer im Lager verf\u00fcgbar sind.<\/p>\n<img decoding=\"async\" width=\"878\" height=\"560\" class=\"alignnone size-full wp-image-1325\" src=\"https:\/\/allco.tesecom.net\/wp-content\/uploads\/2018\/01\/Allco_Spa_web_site_testata_permeccanica.jpg\" alt=\"\" srcset=\"https:\/\/allco.tesecom.net\/wp-content\/uploads\/2018\/01\/Allco_Spa_web_site_testata_permeccanica.jpg 878w, https:\/\/allco.tesecom.net\/wp-content\/uploads\/2018\/01\/Allco_Spa_web_site_testata_permeccanica-300x191.jpg 300w, https:\/\/allco.tesecom.net\/wp-content\/uploads\/2018\/01\/Allco_Spa_web_site_testata_permeccanica-768x490.jpg 768w\" sizes=\"(max-width: 878px) 100vw, 878px\" \/>\n<p><\/p>","protected":false},"excerpt":{"rendered":"<p>Profile f\u00fcr Drehenbarren, Antriebs- und Pumpenk\u00f6rper, Strukturelemente f\u00fcr Werkzeugmaschinen. Diese sind nur einige Beispiele der verschiedenen Anwendungen, die das Aluminium dank seiner Bearbeitbarkeit in Mechanik haben. Mit der Auslastung seiner langj\u00e4hrigen Erfahrung in enger Zusammenarbeit mit den Marktf\u00fchrern der Mechanik verf\u00fcgt die All.co \u00fcber eine Vielfalt an Standardprodukten, die immer im Lager verf\u00fcgbar sind.<\/p>\n","protected":false},"author":1,"featured_media":1324,"parent":21,"menu_order":0,"comment_status":"closed","ping_status":"closed","template":"page-left-sidebar.php","meta":{"footnotes":""},"class_list":["post-147","page","type-page","status-publish","has-post-thumbnail","hentry"],"aioseo_notices":[],"_links":{"self":[{"href":"https:\/\/allco.tesecom.net\/de\/wp-json\/wp\/v2\/pages\/147","targetHints":{"allow":["GET"]}}],"collection":[{"href":"https:\/\/allco.tesecom.net\/de\/wp-json\/wp\/v2\/pages"}],"about":[{"href":"https:\/\/allco.tesecom.net\/de\/wp-json\/wp\/v2\/types\/page"}],"author":[{"embeddable":true,"href":"https:\/\/allco.tesecom.net\/de\/wp-json\/wp\/v2\/users\/1"}],"replies":[{"embeddable":true,"href":"https:\/\/allco.tesecom.net\/de\/wp-json\/wp\/v2\/comments?post=147"}],"version-history":[{"count":10,"href":"https:\/\/allco.tesecom.net\/de\/wp-json\/wp\/v2\/pages\/147\/revisions"}],"predecessor-version":[{"id":3395,"href":"https:\/\/allco.tesecom.net\/de\/wp-json\/wp\/v2\/pages\/147\/revisions\/3395"}],"up":[{"embeddable":true,"href":"https:\/\/allco.tesecom.net\/de\/wp-json\/wp\/v2\/pages\/21"}],"wp:featuredmedia":[{"embeddable":true,"href":"https:\/\/allco.tesecom.net\/de\/wp-json\/wp\/v2\/media\/1324"}],"wp:attachment":[{"href":"https:\/\/allco.tesecom.net\/de\/wp-json\/wp\/v2\/media?parent=147"}],"curies":[{"name":"wp","href":"https:\/\/api.w.org\/{rel}","templated":true}]}}