{"id":145,"date":"2017-08-10T18:04:50","date_gmt":"2017-08-10T16:04:50","guid":{"rendered":"http:\/\/allco.altervista.org\/?page_id=145"},"modified":"2023-11-13T16:40:28","modified_gmt":"2023-11-13T15:40:28","slug":"per-autotrasporti","status":"publish","type":"page","link":"https:\/\/allco.tesecom.net\/de\/industrie\/profile-nach-kundenzeichnung\/lkw-transporte\/","title":{"rendered":"Fahrzeugbau"},"content":{"rendered":"<p class=\"lead\"><\/p>\n<p>Leichtigkeit und Belastbarkeit sind die Haupteigenschaften des Aluminiums, die in der Automotive sehr anerkannt sind.<\/p>\n<p>Im PKW-, LKW-, Anh\u00e4nger-, Z\u00fcge- und Schiffbau verwendet man zur Gewichts- und Kostend\u00e4mpfung immer wieder Bauelemente aus Aluminium. In diesem Bereich bevorzugt All.co spezifische Zeichnungsprofile einzusetzen. Auf jedem Fall besitz das Unternehmen auch in diesem Bereich zahlreiche freie Werkzeuge, die zu einer breiten Anwendung im Fahrzeug- und Transportindustrie passen.<\/p>\n<p><\/p>","protected":false},"excerpt":{"rendered":"<p>Leichtigkeit und Belastbarkeit sind die Haupteigenschaften des Aluminiums, die in der Automotive sehr anerkannt sind. Im PKW-, LKW-, Anh\u00e4nger-, Z\u00fcge- und Schiffbau verwendet man zur Gewichts- und Kostend\u00e4mpfung immer wieder Bauelemente aus Aluminium. In diesem Bereich bevorzugt All.co spezifische Zeichnungsprofile einzusetzen. Auf jedem Fall besitz das Unternehmen auch in diesem Bereich zahlreiche freie Werkzeuge, die&#8230;<\/p>\n","protected":false},"author":1,"featured_media":1093,"parent":21,"menu_order":0,"comment_status":"closed","ping_status":"closed","template":"page-left-sidebar.php","meta":{"footnotes":""},"class_list":["post-145","page","type-page","status-publish","has-post-thumbnail","hentry"],"aioseo_notices":[],"_links":{"self":[{"href":"https:\/\/allco.tesecom.net\/de\/wp-json\/wp\/v2\/pages\/145","targetHints":{"allow":["GET"]}}],"collection":[{"href":"https:\/\/allco.tesecom.net\/de\/wp-json\/wp\/v2\/pages"}],"about":[{"href":"https:\/\/allco.tesecom.net\/de\/wp-json\/wp\/v2\/types\/page"}],"author":[{"embeddable":true,"href":"https:\/\/allco.tesecom.net\/de\/wp-json\/wp\/v2\/users\/1"}],"replies":[{"embeddable":true,"href":"https:\/\/allco.tesecom.net\/de\/wp-json\/wp\/v2\/comments?post=145"}],"version-history":[{"count":5,"href":"https:\/\/allco.tesecom.net\/de\/wp-json\/wp\/v2\/pages\/145\/revisions"}],"predecessor-version":[{"id":3396,"href":"https:\/\/allco.tesecom.net\/de\/wp-json\/wp\/v2\/pages\/145\/revisions\/3396"}],"up":[{"embeddable":true,"href":"https:\/\/allco.tesecom.net\/de\/wp-json\/wp\/v2\/pages\/21"}],"wp:featuredmedia":[{"embeddable":true,"href":"https:\/\/allco.tesecom.net\/de\/wp-json\/wp\/v2\/media\/1093"}],"wp:attachment":[{"href":"https:\/\/allco.tesecom.net\/de\/wp-json\/wp\/v2\/media?parent=145"}],"curies":[{"name":"wp","href":"https:\/\/api.w.org\/{rel}","templated":true}]}}