{"id":143,"date":"2017-08-10T18:04:33","date_gmt":"2017-08-10T16:04:33","guid":{"rendered":"http:\/\/allco.altervista.org\/?page_id=143"},"modified":"2023-11-13T16:41:33","modified_gmt":"2023-11-13T15:41:33","slug":"dissipatori","status":"publish","type":"page","link":"https:\/\/allco.tesecom.net\/de\/industrie\/profile-nach-kundenzeichnung\/warmeableiter\/","title":{"rendered":"K\u00fchlk\u00f6rper"},"content":{"rendered":"<p class=\"lead\"><\/p>\n<p>Ein hohes W\u00e4rmeleitverm\u00f6gen spielt eine wichtige Rolle in vielen Industriesektoren f\u00fcr die Legierungswahl, vor allem in einigen Anwendungen, die eine effiziente und genaue Temperatursteuerung ben\u00f6tigen.<\/p>\n<p>All.co hat schon im Hause zahlreiche Werkzeuge f\u00fcr diverse K\u00fchlk\u00f6rpertypologie, die zu verschiedenen Sektoren wie z.B. Elektronik, PV, Automotive, Industrieautomation, Beleuchtung, Heizung usw. passen k\u00f6nnen.<\/p>\n<img decoding=\"async\" width=\"878\" height=\"560\" class=\"alignnone size-full wp-image-1129\" src=\"https:\/\/allco.tesecom.net\/wp-content\/uploads\/2017\/12\/Allco_Spa_web_site_testata_Estrusione_dissipatori-1.jpg\" alt=\"\" srcset=\"https:\/\/allco.tesecom.net\/wp-content\/uploads\/2017\/12\/Allco_Spa_web_site_testata_Estrusione_dissipatori-1.jpg 878w, https:\/\/allco.tesecom.net\/wp-content\/uploads\/2017\/12\/Allco_Spa_web_site_testata_Estrusione_dissipatori-1-300x191.jpg 300w, https:\/\/allco.tesecom.net\/wp-content\/uploads\/2017\/12\/Allco_Spa_web_site_testata_Estrusione_dissipatori-1-768x490.jpg 768w\" sizes=\"(max-width: 878px) 100vw, 878px\" \/>\n<p><\/p>","protected":false},"excerpt":{"rendered":"<p>Ein hohes W\u00e4rmeleitverm\u00f6gen spielt eine wichtige Rolle in vielen Industriesektoren f\u00fcr die Legierungswahl, vor allem in einigen Anwendungen, die eine effiziente und genaue Temperatursteuerung ben\u00f6tigen. All.co hat schon im Hause zahlreiche Werkzeuge f\u00fcr diverse K\u00fchlk\u00f6rpertypologie, die zu verschiedenen Sektoren wie z.B. Elektronik, PV, Automotive, Industrieautomation, Beleuchtung, Heizung usw. passen k\u00f6nnen.<\/p>\n","protected":false},"author":1,"featured_media":1125,"parent":21,"menu_order":0,"comment_status":"closed","ping_status":"closed","template":"page-left-sidebar.php","meta":{"footnotes":""},"class_list":["post-143","page","type-page","status-publish","has-post-thumbnail","hentry"],"aioseo_notices":[],"_links":{"self":[{"href":"https:\/\/allco.tesecom.net\/de\/wp-json\/wp\/v2\/pages\/143","targetHints":{"allow":["GET"]}}],"collection":[{"href":"https:\/\/allco.tesecom.net\/de\/wp-json\/wp\/v2\/pages"}],"about":[{"href":"https:\/\/allco.tesecom.net\/de\/wp-json\/wp\/v2\/types\/page"}],"author":[{"embeddable":true,"href":"https:\/\/allco.tesecom.net\/de\/wp-json\/wp\/v2\/users\/1"}],"replies":[{"embeddable":true,"href":"https:\/\/allco.tesecom.net\/de\/wp-json\/wp\/v2\/comments?post=143"}],"version-history":[{"count":11,"href":"https:\/\/allco.tesecom.net\/de\/wp-json\/wp\/v2\/pages\/143\/revisions"}],"predecessor-version":[{"id":3394,"href":"https:\/\/allco.tesecom.net\/de\/wp-json\/wp\/v2\/pages\/143\/revisions\/3394"}],"up":[{"embeddable":true,"href":"https:\/\/allco.tesecom.net\/de\/wp-json\/wp\/v2\/pages\/21"}],"wp:featuredmedia":[{"embeddable":true,"href":"https:\/\/allco.tesecom.net\/de\/wp-json\/wp\/v2\/media\/1125"}],"wp:attachment":[{"href":"https:\/\/allco.tesecom.net\/de\/wp-json\/wp\/v2\/media?parent=143"}],"curies":[{"name":"wp","href":"https:\/\/api.w.org\/{rel}","templated":true}]}}