{"id":1414,"date":"2018-01-16T20:50:32","date_gmt":"2018-01-16T19:50:32","guid":{"rendered":"http:\/\/allco.altervista.org\/?page_id=1414"},"modified":"2021-06-01T09:39:22","modified_gmt":"2021-06-01T07:39:22","slug":"allco-wood-style-2","status":"publish","type":"page","link":"https:\/\/allco.tesecom.net\/de\/architettura-2\/sistemi-alluminio-legno\/ht-160-s\/","title":{"rendered":"HT 160 S WOOD"},"content":{"rendered":"<p class=\"lead\"><\/p>\n<p>Holz-Alu Hebe-Schiebesystem mit thermischer Trennung<\/p>\n<h4><strong>Technisches Datenblatt<\/strong><\/h4>\n<table class=\"table table-bordered\" style=\"height: 192px; width: 491px;\">\n<tbody>\n<tr style=\"height: 24px;\">\n<td class=\"active\" style=\"height: 24px; width: 287px;\">2-Fl\u00fcgel F\u00fchrungsschien Dichte<\/td>\n<td style=\"height: 24px; width: 188px;\">219,5 mm<\/td>\n<\/tr>\n<tr style=\"height: 24px;\">\n<td class=\"active\" style=\"height: 24px; width: 287px;\">Fl\u00fcgeldichte<\/td>\n<td style=\"height: 24px; width: 188px;\">89,5 mm<\/td>\n<\/tr>\n<tr style=\"height: 24px;\">\n<td class=\"active\" style=\"height: 24px; width: 287px;\">Thermische Trennung<\/td>\n<td style=\"height: 24px; width: 188px;\">30\/32 mm<\/td>\n<\/tr>\n<tr style=\"height: 24px;\">\n<td class=\"active\" style=\"height: 24px; width: 287px;\">Max. Glasdichte<\/td>\n<td style=\"height: 24px; width: 188px;\">54 mm<\/td>\n<\/tr>\n<tr style=\"height: 24px;\">\n<td class=\"active\" style=\"height: 24px; width: 287px;\">Zubeh\u00f6re<\/td>\n<td style=\"height: 24px; width: 188px;\">allgemeine Kammer<\/td>\n<\/tr>\n<tr style=\"height: 24px;\">\n<td class=\"active\" style=\"height: 24px; width: 287px;\">Max. Tragf\u00e4higkeit \u00f6ffenbarer Fl\u00fcgel<\/td>\n<td style=\"height: 24px; width: 188px;\">300\/400 Kg<\/td>\n<\/tr>\n<tr style=\"height: 24px;\">\n<td class=\"active\" style=\"height: 24px; width: 287px;\">Uf nominal<\/td>\n<td style=\"height: 24px; width: 188px;\">2,12 W\/m\u00b2K<\/td>\n<\/tr>\n<tr style=\"height: 24px;\">\n<td class=\"active\" style=\"height: 24px; width: 287px;\">Dichtigkeitsleistungen<\/td>\n<td style=\"height: 24px; width: 188px;\">4 &#8211; E750 &#8211; E1050 &#8211; B4<\/td>\n<\/tr>\n<\/tbody>\n<\/table>\n<hr \/>\n<p><span style=\"color: #7dba27; font-family: 'Century Gothic'; font-size: 15.5pt;\">Systemsvorteile<\/span><\/p>\n<p><strong>Erm\u00f6glicht gro\u00dfes Sichtspiegeln<br \/>\n<\/strong><strong>Leicht Montage<br \/>\n<\/strong><strong>H\u00f6he Witterungsbest\u00e4ndigkeit<br \/>\n<\/strong><strong>Handlungsfreiheit<br \/>\n<\/strong><strong>H\u00f6he W\u00e4rme- und Schalld\u00e4mmung<br \/>\n<\/strong><strong>Reduzierte Arbeitszeit f\u00fcr Durchf\u00fchrung und Installation<br \/>\n<\/strong><strong>Erm\u00e4\u00dfigte T\u00fcrschwelle gem\u00e4\u00df Gesetz gegen bauliche Hindernisse<br \/>\n<\/strong><strong>Personalisierung des Holzrahmens<\/strong><\/p>\n<hr \/>\n<p><span style=\"font-size: 15.5pt; font-family: 'Century Gothic'; color: #7dba27;\">Leistungen<\/span><\/p>\n<p>Luftdurchl\u00e4ssigkeit: <br \/>\n<strong>KLASSE 4<\/strong><br \/>\nWasserdichtigkeit:<br \/>\n<strong>KLASSE E750 &#8211; E1050<\/strong><br \/>\nWindbelastbarkeit: <br \/>\n<strong>KLASSE B4<\/strong><\/p>\n<hr \/>\n<p>&nbsp;<\/p>\n<p><\/p>","protected":false},"excerpt":{"rendered":"<p>Holz-Alu Hebe-Schiebesystem mit thermischer Trennung Technisches Datenblatt 2-Fl\u00fcgel F\u00fchrungsschien Dichte 219,5 mm Fl\u00fcgeldichte 89,5 mm Thermische Trennung 30\/32 mm Max. Glasdichte 54 mm Zubeh\u00f6re allgemeine Kammer Max. Tragf\u00e4higkeit \u00f6ffenbarer Fl\u00fcgel 300\/400 Kg Uf nominal 2,12 W\/m\u00b2K Dichtigkeitsleistungen 4 &#8211; E750 &#8211; E1050 &#8211; B4 Systemsvorteile Erm\u00f6glicht gro\u00dfes Sichtspiegeln Leicht Montage H\u00f6he Witterungsbest\u00e4ndigkeit Handlungsfreiheit H\u00f6he W\u00e4rme-&#8230;<\/p>\n","protected":false},"author":1,"featured_media":0,"parent":111,"menu_order":1,"comment_status":"closed","ping_status":"closed","template":"page-left-right-sidebar.php","meta":{"footnotes":""},"class_list":["post-1414","page","type-page","status-publish","hentry"],"aioseo_notices":[],"_links":{"self":[{"href":"https:\/\/allco.tesecom.net\/de\/wp-json\/wp\/v2\/pages\/1414","targetHints":{"allow":["GET"]}}],"collection":[{"href":"https:\/\/allco.tesecom.net\/de\/wp-json\/wp\/v2\/pages"}],"about":[{"href":"https:\/\/allco.tesecom.net\/de\/wp-json\/wp\/v2\/types\/page"}],"author":[{"embeddable":true,"href":"https:\/\/allco.tesecom.net\/de\/wp-json\/wp\/v2\/users\/1"}],"replies":[{"embeddable":true,"href":"https:\/\/allco.tesecom.net\/de\/wp-json\/wp\/v2\/comments?post=1414"}],"version-history":[{"count":36,"href":"https:\/\/allco.tesecom.net\/de\/wp-json\/wp\/v2\/pages\/1414\/revisions"}],"predecessor-version":[{"id":3343,"href":"https:\/\/allco.tesecom.net\/de\/wp-json\/wp\/v2\/pages\/1414\/revisions\/3343"}],"up":[{"embeddable":true,"href":"https:\/\/allco.tesecom.net\/de\/wp-json\/wp\/v2\/pages\/111"}],"wp:attachment":[{"href":"https:\/\/allco.tesecom.net\/de\/wp-json\/wp\/v2\/media?parent=1414"}],"curies":[{"name":"wp","href":"https:\/\/api.w.org\/{rel}","templated":true}]}}