{"id":141,"date":"2017-08-10T18:04:19","date_gmt":"2017-08-10T16:04:19","guid":{"rendered":"http:\/\/allco.altervista.org\/?page_id=141"},"modified":"2023-11-13T16:41:55","modified_gmt":"2023-11-13T15:41:55","slug":"per-fotovoltaico","status":"publish","type":"page","link":"https:\/\/allco.tesecom.net\/de\/industrie\/profile-nach-kundenzeichnung\/fotovoltaik\/","title":{"rendered":"PV-Serie"},"content":{"rendered":"<p class=\"lead\"><\/p>\n<p>All.co besitz eine spezifische PV-Serie, die von ihrem R&amp;D entwickelte Profile und Tr\u00e4gersysteme einschlie\u00dft: Rahmenprofile und Abspannungen f\u00fcr einzelne PV-Module, Profile und Zubeh\u00f6re zur Integrierung der PV-Paneele in Gew\u00e4chsh\u00e4usern, \u00dcberdachungen, Sonnenschutz und Solarparken in Wohnbereiche oder Gewerbegebiete. Die Profile der PV-Serie wurden in Legierungen der Familie 6000 extrudiert und Silber eloxiert.<\/p>\n<p><a href=\"https:\/\/allco.tesecom.net\/it\/architettura\/prod\/fotovoltaico\/photovoltaic\">Hier das PV-Katalog runterlagen.<\/a><\/p>\n<p><\/p>","protected":false},"excerpt":{"rendered":"<p>All.co besitz eine spezifische PV-Serie, die von ihrem R&amp;D entwickelte Profile und Tr\u00e4gersysteme einschlie\u00dft: Rahmenprofile und Abspannungen f\u00fcr einzelne PV-Module, Profile und Zubeh\u00f6re zur Integrierung der PV-Paneele in Gew\u00e4chsh\u00e4usern, \u00dcberdachungen, Sonnenschutz und Solarparken in Wohnbereiche oder Gewerbegebiete. Die Profile der PV-Serie wurden in Legierungen der Familie 6000 extrudiert und Silber eloxiert. Hier das PV-Katalog runterlagen.<\/p>\n","protected":false},"author":1,"featured_media":884,"parent":21,"menu_order":0,"comment_status":"closed","ping_status":"closed","template":"page-left-sidebar.php","meta":{"footnotes":""},"class_list":["post-141","page","type-page","status-publish","has-post-thumbnail","hentry"],"aioseo_notices":[],"_links":{"self":[{"href":"https:\/\/allco.tesecom.net\/de\/wp-json\/wp\/v2\/pages\/141","targetHints":{"allow":["GET"]}}],"collection":[{"href":"https:\/\/allco.tesecom.net\/de\/wp-json\/wp\/v2\/pages"}],"about":[{"href":"https:\/\/allco.tesecom.net\/de\/wp-json\/wp\/v2\/types\/page"}],"author":[{"embeddable":true,"href":"https:\/\/allco.tesecom.net\/de\/wp-json\/wp\/v2\/users\/1"}],"replies":[{"embeddable":true,"href":"https:\/\/allco.tesecom.net\/de\/wp-json\/wp\/v2\/comments?post=141"}],"version-history":[{"count":6,"href":"https:\/\/allco.tesecom.net\/de\/wp-json\/wp\/v2\/pages\/141\/revisions"}],"predecessor-version":[{"id":3483,"href":"https:\/\/allco.tesecom.net\/de\/wp-json\/wp\/v2\/pages\/141\/revisions\/3483"}],"up":[{"embeddable":true,"href":"https:\/\/allco.tesecom.net\/de\/wp-json\/wp\/v2\/pages\/21"}],"wp:featuredmedia":[{"embeddable":true,"href":"https:\/\/allco.tesecom.net\/de\/wp-json\/wp\/v2\/media\/884"}],"wp:attachment":[{"href":"https:\/\/allco.tesecom.net\/de\/wp-json\/wp\/v2\/media?parent=141"}],"curies":[{"name":"wp","href":"https:\/\/api.w.org\/{rel}","templated":true}]}}