{"id":1405,"date":"2018-01-16T20:43:54","date_gmt":"2018-01-16T19:43:54","guid":{"rendered":"http:\/\/allco.altervista.org\/?page_id=1405"},"modified":"2020-03-31T15:53:26","modified_gmt":"2020-03-31T13:53:26","slug":"allco-wood-style","status":"publish","type":"page","link":"https:\/\/allco.tesecom.net\/de\/architettura-2\/sistemi-alluminio-legno\/allco-wood-style\/","title":{"rendered":"ALL.CO WOOD STYLE"},"content":{"rendered":"<p class=\"lead\"><\/p>\n<p>Holz-Alu Fl\u00fcgelsystem mit \u00f6ffener Fuge.<\/p>\n<h4><strong>Technisches Datenblatt<\/strong><\/h4>\n<table class=\"table table-bordered\" style=\"width: 449px;\">\n<tbody>\n<tr>\n<td class=\"active\" style=\"width: 219px;\">Rahmendichte<\/td>\n<td style=\"width: 214px;\">60 mm<\/td>\n<\/tr>\n<tr>\n<td class=\"active\" style=\"width: 219px;\">Fl\u00fcgeldichte<\/td>\n<td style=\"width: 214px;\">80 mm<\/td>\n<\/tr>\n<tr>\n<td class=\"active\" style=\"width: 219px;\">Thermische Trennung<\/td>\n<td style=\"width: 214px;\">14 mm<\/td>\n<\/tr>\n<tr>\n<td class=\"active\" style=\"width: 219px;\">Max. Glasdichte<\/td>\n<td style=\"width: 214px;\">32 mm<\/td>\n<\/tr>\n<tr>\n<td class=\"active\" style=\"width: 219px;\">Zubeh\u00f6re<\/td>\n<td style=\"width: 214px;\">Aria 12 int. 13 mm<\/td>\n<\/tr>\n<tr>\n<td class=\"active\" style=\"width: 219px;\">Max. Tragf\u00e4higkeit Fl\u00fcgel<\/td>\n<td style=\"width: 214px;\">150 Kg<\/td>\n<\/tr>\n<tr>\n<td class=\"active\" style=\"width: 219px;\">UF nominal<\/td>\n<td style=\"width: 214px;\">1,9 W\/m\u00b2K<\/td>\n<\/tr>\n<tr>\n<td class=\"active\" style=\"width: 219px;\">Dichtigkeitsleistungen<\/td>\n<td style=\"width: 214px;\">4 &#8211; E1050 &#8211; C5<\/td>\n<\/tr>\n<\/tbody>\n<\/table>\n<hr \/>\n<p>&nbsp;<\/p>\n<p><\/p>","protected":false},"excerpt":{"rendered":"<p>Holz-Alu Fl\u00fcgelsystem mit \u00f6ffener Fuge. Technisches Datenblatt Rahmendichte 60 mm Fl\u00fcgeldichte 80 mm Thermische Trennung 14 mm Max. Glasdichte 32 mm Zubeh\u00f6re Aria 12 int. 13 mm Max. Tragf\u00e4higkeit Fl\u00fcgel 150 Kg UF nominal 1,9 W\/m\u00b2K Dichtigkeitsleistungen 4 &#8211; E1050 &#8211; C5 &nbsp;<\/p>\n","protected":false},"author":1,"featured_media":0,"parent":111,"menu_order":3,"comment_status":"closed","ping_status":"closed","template":"page-left-right-sidebar.php","meta":{"footnotes":""},"class_list":["post-1405","page","type-page","status-publish","hentry"],"aioseo_notices":[],"_links":{"self":[{"href":"https:\/\/allco.tesecom.net\/de\/wp-json\/wp\/v2\/pages\/1405","targetHints":{"allow":["GET"]}}],"collection":[{"href":"https:\/\/allco.tesecom.net\/de\/wp-json\/wp\/v2\/pages"}],"about":[{"href":"https:\/\/allco.tesecom.net\/de\/wp-json\/wp\/v2\/types\/page"}],"author":[{"embeddable":true,"href":"https:\/\/allco.tesecom.net\/de\/wp-json\/wp\/v2\/users\/1"}],"replies":[{"embeddable":true,"href":"https:\/\/allco.tesecom.net\/de\/wp-json\/wp\/v2\/comments?post=1405"}],"version-history":[{"count":19,"href":"https:\/\/allco.tesecom.net\/de\/wp-json\/wp\/v2\/pages\/1405\/revisions"}],"predecessor-version":[{"id":3385,"href":"https:\/\/allco.tesecom.net\/de\/wp-json\/wp\/v2\/pages\/1405\/revisions\/3385"}],"up":[{"embeddable":true,"href":"https:\/\/allco.tesecom.net\/de\/wp-json\/wp\/v2\/pages\/111"}],"wp:attachment":[{"href":"https:\/\/allco.tesecom.net\/de\/wp-json\/wp\/v2\/media?parent=1405"}],"curies":[{"name":"wp","href":"https:\/\/api.w.org\/{rel}","templated":true}]}}