{"id":1364,"date":"2018-01-15T14:04:23","date_gmt":"2018-01-15T13:04:23","guid":{"rendered":"http:\/\/allco.altervista.org\/?page_id=1364"},"modified":"2023-09-22T17:12:07","modified_gmt":"2023-09-22T15:12:07","slug":"ht-160","status":"publish","type":"page","link":"https:\/\/allco.tesecom.net\/de\/architettura-2\/sistemi-scorrevoli\/ht160s\/","title":{"rendered":"ALL.CO HT 160 S"},"content":{"rendered":"<p class=\"lead\"><\/p>\n<p>Hebe-Schiebe Systeme mit thermischer Trennung. Komplette Brosch\u00fcre runterladen.<\/p>\n<h4><strong>Technisches Datenblatt<\/strong><\/h4>\n<table class=\"table table-bordered\" style=\"height: 192px;\">\n<tbody>\n<tr style=\"height: 24px;\">\n<td class=\"active\" style=\"height: 24px; width: 260px;\">Rahmendichte<\/td>\n<td style=\"height: 24px; width: 155px;\">160 mm<\/td>\n<\/tr>\n<tr style=\"height: 24px;\">\n<td class=\"active\" style=\"height: 24px; width: 260px;\">Fl\u00fcgeldichte<\/td>\n<td style=\"height: 24px; width: 155px;\">70 mm<\/td>\n<\/tr>\n<tr style=\"height: 24px;\">\n<td class=\"active\" style=\"height: 24px; width: 260px;\">Thermische Trennung<\/td>\n<td style=\"height: 24px; width: 155px;\">30\/32 mm<\/td>\n<\/tr>\n<tr style=\"height: 24px;\">\n<td class=\"active\" style=\"height: 24px; width: 260px;\">Max. Glasdichte<\/td>\n<td style=\"height: 24px; width: 155px;\">54 mm<\/td>\n<\/tr>\n<tr style=\"height: 24px;\">\n<td class=\"active\" style=\"height: 24px; width: 260px;\">Zubeh\u00f6re<\/td>\n<td style=\"height: 24px; width: 155px;\">allgemein<\/td>\n<\/tr>\n<tr style=\"height: 24px;\">\n<td class=\"active\" style=\"height: 24px; width: 260px;\">Max. Tragf\u00e4higkeit \u00f6ffenbarer Fl\u00fcgel<\/td>\n<td style=\"height: 24px; width: 155px;\">300\/400 Kg<\/td>\n<\/tr>\n<tr style=\"height: 24px;\">\n<td class=\"active\" style=\"height: 24px; width: 260px;\">UF nominal<\/td>\n<td style=\"height: 24px; width: 155px;\">2,7 W\/m\u00b2K<\/td>\n<\/tr>\n<tr style=\"height: 24px;\">\n<td class=\"active\" style=\"height: 24px; width: 260px;\">Dichtigkeitsleistungen<\/td>\n<td style=\"height: 24px; width: 155px;\">4 &#8211; E900 &#8211; E1050 &#8211; C4<\/td>\n<\/tr>\n<\/tbody>\n<\/table>\n<hr \/>\n<p><span style=\"color: #7dba27; font-family: 'Century Gothic'; font-size: 15.5pt;\">Systemsvorteile<\/span><\/p>\n<p><strong>Erm\u00f6glicht gro\u00dfes Sichtspiegeln<br \/>\n<\/strong><strong>Leicht Montage<br \/>\n<\/strong><strong>H\u00f6he Witterungsbest\u00e4ndigkeit<br \/>\n<\/strong><strong>Handlungsfreiheit<br \/>\n<\/strong><strong>H\u00f6he W\u00e4rme- und Schalld\u00e4mmung<br \/>\n<\/strong><strong>Reduzierte Arbeitszeit f\u00fcr Durchf\u00fchrung und Installation<br \/>\n<\/strong><strong>Erm\u00e4\u00dfigte T\u00fcrschwelle<br \/>\n<\/strong><strong>Profiloptimierung zwecks Schrottreduzierung<br \/>\n<\/strong><strong>Lineares und elegantes Design<\/strong><\/p>\n<hr \/>\n<p><span style=\"font-size: 15.5pt; font-family: 'Century Gothic'; color: #7dba27;\">Leistungen<\/span><\/p>\n<p>Luftdurchl\u00e4ssigkeit: <br \/>\n<strong>KLASSE 4<\/strong><br \/>\nWasserdichtigkeit:<br \/>\n<strong>KLASSE E750 &#8211; E1050<\/strong><br \/>\nWindbelastbarkeit: <br \/>\n<strong>KLASSE C4<\/strong><\/p>\n<hr \/>\n<p>&nbsp;<\/p>\n<p><\/p>","protected":false},"excerpt":{"rendered":"<p>Hebe-Schiebe Systeme mit thermischer Trennung. Komplette Brosch\u00fcre runterladen. Technisches Datenblatt Rahmendichte 160 mm Fl\u00fcgeldichte 70 mm Thermische Trennung 30\/32 mm Max. Glasdichte 54 mm Zubeh\u00f6re allgemein Max. Tragf\u00e4higkeit \u00f6ffenbarer Fl\u00fcgel 300\/400 Kg UF nominal 2,7 W\/m\u00b2K Dichtigkeitsleistungen 4 &#8211; E900 &#8211; E1050 &#8211; C4 Systemsvorteile Erm\u00f6glicht gro\u00dfes Sichtspiegeln Leicht Montage H\u00f6he Witterungsbest\u00e4ndigkeit Handlungsfreiheit H\u00f6he W\u00e4rme-&#8230;<\/p>\n","protected":false},"author":1,"featured_media":1953,"parent":109,"menu_order":1,"comment_status":"closed","ping_status":"closed","template":"page-left-right-sidebar.php","meta":{"footnotes":""},"class_list":["post-1364","page","type-page","status-publish","has-post-thumbnail","hentry"],"aioseo_notices":[],"_links":{"self":[{"href":"https:\/\/allco.tesecom.net\/de\/wp-json\/wp\/v2\/pages\/1364","targetHints":{"allow":["GET"]}}],"collection":[{"href":"https:\/\/allco.tesecom.net\/de\/wp-json\/wp\/v2\/pages"}],"about":[{"href":"https:\/\/allco.tesecom.net\/de\/wp-json\/wp\/v2\/types\/page"}],"author":[{"embeddable":true,"href":"https:\/\/allco.tesecom.net\/de\/wp-json\/wp\/v2\/users\/1"}],"replies":[{"embeddable":true,"href":"https:\/\/allco.tesecom.net\/de\/wp-json\/wp\/v2\/comments?post=1364"}],"version-history":[{"count":66,"href":"https:\/\/allco.tesecom.net\/de\/wp-json\/wp\/v2\/pages\/1364\/revisions"}],"predecessor-version":[{"id":4472,"href":"https:\/\/allco.tesecom.net\/de\/wp-json\/wp\/v2\/pages\/1364\/revisions\/4472"}],"up":[{"embeddable":true,"href":"https:\/\/allco.tesecom.net\/de\/wp-json\/wp\/v2\/pages\/109"}],"wp:featuredmedia":[{"embeddable":true,"href":"https:\/\/allco.tesecom.net\/de\/wp-json\/wp\/v2\/media\/1953"}],"wp:attachment":[{"href":"https:\/\/allco.tesecom.net\/de\/wp-json\/wp\/v2\/media?parent=1364"}],"curies":[{"name":"wp","href":"https:\/\/api.w.org\/{rel}","templated":true}]}}