{"id":1354,"date":"2018-01-15T12:48:11","date_gmt":"2018-01-15T11:48:11","guid":{"rendered":"http:\/\/allco.altervista.org\/?page_id=1354"},"modified":"2020-03-26T09:53:44","modified_gmt":"2020-03-26T08:53:44","slug":"export-68tt-2-2-2-2-2-2-2","status":"publish","type":"page","link":"https:\/\/allco.tesecom.net\/de\/architettura-2\/sistemi-a-battente\/veranda-a-libro\/","title":{"rendered":"ALL.CO SPACE"},"content":{"rendered":"<p class=\"lead\"><\/p>\n<p>Aluminium Fl\u00fcgelsystem f\u00fcr T\u00fcren und Fenster.<\/p>\n<p><strong>Technisches Datenblatt<\/strong><\/p>\n<table class=\"table table-bordered\" style=\"height: 98px; width: 378px;\">\n<tbody>\n<tr style=\"height: 24px;\">\n<td class=\"active\" style=\"width: 193px; height: 24px;\">Rahmendichte<\/td>\n<td style=\"width: 169px; height: 24px;\">40 mm<\/td>\n<\/tr>\n<tr style=\"height: 24px;\">\n<td class=\"active\" style=\"width: 193px; height: 24px;\">Fl\u00fcgeldichte<\/td>\n<td style=\"width: 169px; height: 24px;\">30 mm<\/td>\n<\/tr>\n<tr style=\"height: 26px;\">\n<td class=\"active\" style=\"width: 193px; height: 26px;\">Max. Glasdichte<\/td>\n<td style=\"width: 169px; height: 26px;\">18 mm<\/td>\n<\/tr>\n<tr style=\"height: 24px;\">\n<td class=\"active\" style=\"width: 193px; height: 24px;\">Zubeh\u00f6re<\/td>\n<td style=\"width: 169px; height: 24px;\">gewidmete Kammer<\/td>\n<\/tr>\n<\/tbody>\n<\/table>\n<hr \/>\n<p>&nbsp;<\/p>\n<p><\/p>","protected":false},"excerpt":{"rendered":"<p>Aluminium Fl\u00fcgelsystem f\u00fcr T\u00fcren und Fenster. Technisches Datenblatt Rahmendichte 40 mm Fl\u00fcgeldichte 30 mm Max. Glasdichte 18 mm Zubeh\u00f6re gewidmete Kammer &nbsp;<\/p>\n","protected":false},"author":1,"featured_media":0,"parent":19,"menu_order":16,"comment_status":"closed","ping_status":"closed","template":"page-left-right-sidebar.php","meta":{"footnotes":""},"class_list":["post-1354","page","type-page","status-publish","hentry"],"aioseo_notices":[],"_links":{"self":[{"href":"https:\/\/allco.tesecom.net\/de\/wp-json\/wp\/v2\/pages\/1354","targetHints":{"allow":["GET"]}}],"collection":[{"href":"https:\/\/allco.tesecom.net\/de\/wp-json\/wp\/v2\/pages"}],"about":[{"href":"https:\/\/allco.tesecom.net\/de\/wp-json\/wp\/v2\/types\/page"}],"author":[{"embeddable":true,"href":"https:\/\/allco.tesecom.net\/de\/wp-json\/wp\/v2\/users\/1"}],"replies":[{"embeddable":true,"href":"https:\/\/allco.tesecom.net\/de\/wp-json\/wp\/v2\/comments?post=1354"}],"version-history":[{"count":16,"href":"https:\/\/allco.tesecom.net\/de\/wp-json\/wp\/v2\/pages\/1354\/revisions"}],"predecessor-version":[{"id":3328,"href":"https:\/\/allco.tesecom.net\/de\/wp-json\/wp\/v2\/pages\/1354\/revisions\/3328"}],"up":[{"embeddable":true,"href":"https:\/\/allco.tesecom.net\/de\/wp-json\/wp\/v2\/pages\/19"}],"wp:attachment":[{"href":"https:\/\/allco.tesecom.net\/de\/wp-json\/wp\/v2\/media?parent=1354"}],"curies":[{"name":"wp","href":"https:\/\/api.w.org\/{rel}","templated":true}]}}