{"id":1352,"date":"2018-01-15T12:47:53","date_gmt":"2018-01-15T11:47:53","guid":{"rendered":"http:\/\/allco.altervista.org\/?page_id=1352"},"modified":"2020-03-26T09:45:40","modified_gmt":"2020-03-26T08:45:40","slug":"export-68tt-2-2-2-2-2-2","status":"publish","type":"page","link":"https:\/\/allco.tesecom.net\/de\/architettura-2\/sistemi-a-battente\/sicurblin-65\/","title":{"rendered":"SICURBLIN 65"},"content":{"rendered":"<p class=\"lead\"><\/p>\n<p>Panzersystem f\u00fcr Fenster und T\u00fcren.<\/p>\n<p><strong>Technisches Datenblatt<\/strong><\/p>\n<table class=\"table table-bordered\" style=\"width: 595px; height: 166px;\">\n<tbody>\n<tr style=\"height: 24px;\">\n<td class=\"active\" style=\"width: 292px; height: 24px;\">Rahmendichte<\/td>\n<td style=\"width: 287px; height: 24px;\">65 mm<\/td>\n<\/tr>\n<tr style=\"height: 24px;\">\n<td class=\"active\" style=\"width: 292px; height: 24px;\">Fl\u00fcgeldichte<\/td>\n<td style=\"width: 287px; height: 24px;\">65\/72 mm<\/td>\n<\/tr>\n<tr style=\"height: 24px;\">\n<td class=\"active\" style=\"width: 292px; height: 24px;\">Beratene Glasdichte<\/td>\n<td style=\"width: 287px; height: 24px;\">min 41 mm<\/td>\n<\/tr>\n<tr style=\"height: 24px;\">\n<td class=\"active\" style=\"width: 292px; height: 24px;\">Zubeh\u00f6re<\/td>\n<td style=\"width: 287px; height: 24px;\">europ\u00e4ische oder gewidmete Kammer<\/td>\n<\/tr>\n<tr style=\"height: 24px;\">\n<td class=\"active\" style=\"width: 292px; height: 24px;\">Max. Tragf\u00e4higkeit \u00f6ffenbarer Fl\u00fcgel<\/td>\n<td style=\"width: 287px; height: 24px;\">180 Kg<\/td>\n<\/tr>\n<tr style=\"height: 48px;\">\n<td class=\"active\" style=\"width: 292px; height: 22px;\">Stahl f\u00fcr Panzerung<\/td>\n<td style=\"width: 287px; height: 22px;\">WEV K700 (HB210)<\/td>\n<\/tr>\n<tr style=\"height: 24px;\">\n<td class=\"active\" style=\"width: 292px; height: 24px;\">Klassifikation<\/td>\n<td style=\"width: 287px; height: 24px;\">Klasse C (1500 J)<\/td>\n<\/tr>\n<\/tbody>\n<\/table>\n<hr \/>\n<p><span style=\"font-size: 15.5pt; font-family: 'Century Gothic'; color: #7dba27;\">Systemsvorteile<\/span><\/p>\n<p class=\"p1\"><strong><span class=\"s1\">Zertifizierter Scutz gegen Schusswaffen<br \/>\nVielseitigkeit von Bautypologien<br \/>\nGewidmete Zubeh\u00f6rekammer<br \/>\nBestimmte Zubeh\u00f6ren<br \/>\nIndividuelle Gestaltung der Endbearbeitungen<\/span><\/strong><\/p>\n<hr \/>\n<p><span style=\"font-size: 15.5pt; font-family: 'Century Gothic'; color: #7dba27;\">Leistungen<\/span><\/p>\n<p>Waffenwiderstand:<br \/>\n<strong>Klasse C (1500 J)<br \/>\n<\/strong>Urspr\u00fcnglicher Test wurde gem\u00e4\u00df UNCSAAL Empfehlungen f\u00fcr Panzersysteme durchgef\u00fchrt. Diese wurden dann mit der neuen UNI EN1522 abgel\u00f6st. Laut den geschafften m\/s Abmessungen und gem\u00e4\u00df der UNJ EN1522 kann in der <strong>Klasse FB4<\/strong> eingeschlossen sein.<\/p>\n<hr \/>\n<p>&nbsp;<\/p>\n<p><\/p>","protected":false},"excerpt":{"rendered":"<p>Panzersystem f\u00fcr Fenster und T\u00fcren. Technisches Datenblatt Rahmendichte 65 mm Fl\u00fcgeldichte 65\/72 mm Beratene Glasdichte min 41 mm Zubeh\u00f6re europ\u00e4ische oder gewidmete Kammer Max. Tragf\u00e4higkeit \u00f6ffenbarer Fl\u00fcgel 180 Kg Stahl f\u00fcr Panzerung WEV K700 (HB210) Klassifikation Klasse C (1500 J) Systemsvorteile Zertifizierter Scutz gegen Schusswaffen Vielseitigkeit von Bautypologien Gewidmete Zubeh\u00f6rekammer Bestimmte Zubeh\u00f6ren Individuelle Gestaltung der&#8230;<\/p>\n","protected":false},"author":1,"featured_media":0,"parent":19,"menu_order":15,"comment_status":"closed","ping_status":"closed","template":"page-left-right-sidebar.php","meta":{"footnotes":""},"class_list":["post-1352","page","type-page","status-publish","hentry"],"aioseo_notices":[],"_links":{"self":[{"href":"https:\/\/allco.tesecom.net\/de\/wp-json\/wp\/v2\/pages\/1352","targetHints":{"allow":["GET"]}}],"collection":[{"href":"https:\/\/allco.tesecom.net\/de\/wp-json\/wp\/v2\/pages"}],"about":[{"href":"https:\/\/allco.tesecom.net\/de\/wp-json\/wp\/v2\/types\/page"}],"author":[{"embeddable":true,"href":"https:\/\/allco.tesecom.net\/de\/wp-json\/wp\/v2\/users\/1"}],"replies":[{"embeddable":true,"href":"https:\/\/allco.tesecom.net\/de\/wp-json\/wp\/v2\/comments?post=1352"}],"version-history":[{"count":42,"href":"https:\/\/allco.tesecom.net\/de\/wp-json\/wp\/v2\/pages\/1352\/revisions"}],"predecessor-version":[{"id":3327,"href":"https:\/\/allco.tesecom.net\/de\/wp-json\/wp\/v2\/pages\/1352\/revisions\/3327"}],"up":[{"embeddable":true,"href":"https:\/\/allco.tesecom.net\/de\/wp-json\/wp\/v2\/pages\/19"}],"wp:attachment":[{"href":"https:\/\/allco.tesecom.net\/de\/wp-json\/wp\/v2\/media?parent=1352"}],"curies":[{"name":"wp","href":"https:\/\/api.w.org\/{rel}","templated":true}]}}