{"id":1350,"date":"2018-01-15T12:47:32","date_gmt":"2018-01-15T11:47:32","guid":{"rendered":"http:\/\/allco.altervista.org\/?page_id=1350"},"modified":"2020-03-26T09:45:15","modified_gmt":"2020-03-26T08:45:15","slug":"export-68tt-2-2-2-2-2","status":"publish","type":"page","link":"https:\/\/allco.tesecom.net\/de\/architettura-2\/sistemi-a-battente\/small-30\/","title":{"rendered":"SMALL 30"},"content":{"rendered":"<p class=\"lead\"><\/p>\n<p>Baukastensystem f\u00fcr Schaufenster, Glasschr\u00e4nke, B\u00fcroschalter, Insektenschutz und Fliegengitter, Jalousien<br \/>\nund Schauk\u00e4sten.<\/p>\n<p><strong>Technisches Datenblatt<br \/>\n<\/strong><\/p>\n<table class=\"table table-bordered\" style=\"width: 523px;\">\n<tbody>\n<tr>\n<td class=\"active\" style=\"width: 276px;\">Rahmendichte<\/td>\n<td style=\"width: 231px;\">28\/35,5 mm<\/td>\n<\/tr>\n<tr>\n<td class=\"active\" style=\"width: 276px;\">Fl\u00fcgeldichte<\/td>\n<td style=\"width: 231px;\">28\/35,5 mm<\/td>\n<\/tr>\n<tr>\n<td class=\"active\" style=\"width: 276px;\">Glas- \/ Plattendichte<\/td>\n<td style=\"width: 231px;\">9\/22 mm<\/td>\n<\/tr>\n<tr>\n<td class=\"active\" style=\"width: 276px;\">Zubeh\u00f6re<\/td>\n<td style=\"width: 231px;\">europ\u00e4ische Kammer<\/td>\n<\/tr>\n<tr>\n<td class=\"active\" style=\"width: 276px;\">Max. Tragf\u00e4higkeit \u00f6ffenbarer Fl\u00fcgel<\/td>\n<td style=\"width: 231px;\">30 Kg<\/td>\n<\/tr>\n<\/tbody>\n<\/table>\n<hr \/>\n<p><span style=\"font-size: 15.5pt; font-family: 'Century Gothic'; color: #7dba27;\">Systemsvorteile<\/span><\/p>\n<p class=\"p1\"><strong><span class=\"s1\">Vielseitigkeit mit verschiedenen \u00d6ffnungstypologien<br \/>\nLeicht Montage und Bearbeitung<br \/>\nZahlreichen \u00e4sthetischen und funktionalen Variaten<br \/>\nEurop\u00e4ische Zubeh\u00f6renkammer<br \/>\nIndividuelle Gestaltung der Endbearbeitungen<\/span><\/strong><\/p>\n<hr \/>\n<p>&nbsp;<\/p>\n<p><\/p>","protected":false},"excerpt":{"rendered":"<p>Baukastensystem f\u00fcr Schaufenster, Glasschr\u00e4nke, B\u00fcroschalter, Insektenschutz und Fliegengitter, Jalousien und Schauk\u00e4sten. Technisches Datenblatt Rahmendichte 28\/35,5 mm Fl\u00fcgeldichte 28\/35,5 mm Glas- \/ Plattendichte 9\/22 mm Zubeh\u00f6re europ\u00e4ische Kammer Max. Tragf\u00e4higkeit \u00f6ffenbarer Fl\u00fcgel 30 Kg Systemsvorteile Vielseitigkeit mit verschiedenen \u00d6ffnungstypologien Leicht Montage und Bearbeitung Zahlreichen \u00e4sthetischen und funktionalen Variaten Europ\u00e4ische Zubeh\u00f6renkammer Individuelle Gestaltung der Endbearbeitungen &nbsp;<\/p>\n","protected":false},"author":1,"featured_media":0,"parent":19,"menu_order":14,"comment_status":"closed","ping_status":"closed","template":"page-left-right-sidebar.php","meta":{"footnotes":""},"class_list":["post-1350","page","type-page","status-publish","hentry"],"aioseo_notices":[],"_links":{"self":[{"href":"https:\/\/allco.tesecom.net\/de\/wp-json\/wp\/v2\/pages\/1350","targetHints":{"allow":["GET"]}}],"collection":[{"href":"https:\/\/allco.tesecom.net\/de\/wp-json\/wp\/v2\/pages"}],"about":[{"href":"https:\/\/allco.tesecom.net\/de\/wp-json\/wp\/v2\/types\/page"}],"author":[{"embeddable":true,"href":"https:\/\/allco.tesecom.net\/de\/wp-json\/wp\/v2\/users\/1"}],"replies":[{"embeddable":true,"href":"https:\/\/allco.tesecom.net\/de\/wp-json\/wp\/v2\/comments?post=1350"}],"version-history":[{"count":42,"href":"https:\/\/allco.tesecom.net\/de\/wp-json\/wp\/v2\/pages\/1350\/revisions"}],"predecessor-version":[{"id":3326,"href":"https:\/\/allco.tesecom.net\/de\/wp-json\/wp\/v2\/pages\/1350\/revisions\/3326"}],"up":[{"embeddable":true,"href":"https:\/\/allco.tesecom.net\/de\/wp-json\/wp\/v2\/pages\/19"}],"wp:attachment":[{"href":"https:\/\/allco.tesecom.net\/de\/wp-json\/wp\/v2\/media?parent=1350"}],"curies":[{"name":"wp","href":"https:\/\/api.w.org\/{rel}","templated":true}]}}