{"id":1346,"date":"2018-01-15T12:46:39","date_gmt":"2018-01-15T11:46:39","guid":{"rendered":"http:\/\/allco.altervista.org\/?page_id=1346"},"modified":"2020-03-26T09:44:03","modified_gmt":"2020-03-26T08:44:03","slug":"export-68tt-2-2-2","status":"publish","type":"page","link":"https:\/\/allco.tesecom.net\/de\/architettura-2\/sistemi-a-battente\/allco-5\/","title":{"rendered":"ALL.CO 5"},"content":{"rendered":"<p class=\"lead\"><\/p>\n<p>Alufl\u00fcgelsystem f\u00fcr Fenster und T\u00fcren mit \u00f6ffener Kammer.<\/p>\n<h4>Technisches Datenblatt<\/h4>\n<table class=\"table table-bordered\" style=\"height: 191px; width: 570px;\">\n<tbody>\n<tr style=\"height: 24px;\">\n<td class=\"active\" style=\"height: 24px; width: 253px;\">Dichte des Festrahmen<\/td>\n<td style=\"height: 24px; width: 301px;\">45 mm<\/td>\n<\/tr>\n<tr style=\"height: 24px;\">\n<td class=\"active\" style=\"height: 24px; width: 253px;\">Fl\u00fcgeldichte<\/td>\n<td style=\"height: 24px; width: 301px;\">52 mm<\/td>\n<\/tr>\n<tr style=\"height: 24px;\">\n<td class=\"active\" style=\"height: 24px; width: 253px;\">Breite des Mittelknoten<\/td>\n<td style=\"height: 24px; width: 301px;\">136\/191 mm<\/td>\n<\/tr>\n<tr style=\"height: 24px;\">\n<td class=\"active\" style=\"height: 24px; width: 253px;\">Fluge zwischen den Profilen<\/td>\n<td style=\"height: 24px; width: 301px;\">5 mm<\/td>\n<\/tr>\n<tr style=\"height: 24px;\">\n<td class=\"active\" style=\"height: 24px; width: 253px;\">Max. Glasdichte<\/td>\n<td style=\"height: 24px; width: 301px;\">36 mm<\/td>\n<\/tr>\n<tr style=\"height: 23px;\">\n<td class=\"active\" style=\"height: 23px; width: 253px;\">Max. Tragf\u00e4higkeit Beschl\u00e4ge (Paar)<\/td>\n<td style=\"height: 23px; width: 301px;\">75\/140 Kg<\/td>\n<\/tr>\n<tr style=\"height: 24px;\">\n<td class=\"active\" style=\"height: 24px; width: 253px;\">Montage<\/td>\n<td style=\"height: 24px; width: 301px;\">45\u00b0<\/td>\n<\/tr>\n<tr style=\"height: 24px;\">\n<td class=\"active\" style=\"height: 24px; width: 253px;\">Zubeh\u00f6re<\/td>\n<td style=\"height: 24px; width: 301px;\">all.co<\/td>\n<\/tr>\n<\/tbody>\n<\/table>\n<table class=\"table table-bordered\" style=\"width: 571px;\">\n<tbody>\n<tr>\n<td class=\"active\" style=\"width: 254px;\">Dichtigkeitssystem<\/td>\n<td style=\"width: 301px;\">\u00f6ffene Fuge\/ doppel Anschlag<\/td>\n<\/tr>\n<tr>\n<td class=\"active\" style=\"width: 254px;\">Schlie\u00dfsystem<\/td>\n<td style=\"width: 301px;\">Vielflaches<\/td>\n<\/tr>\n<\/tbody>\n<\/table>\n<p>&nbsp;<\/p>\n<p><\/p>","protected":false},"excerpt":{"rendered":"<p>Alufl\u00fcgelsystem f\u00fcr Fenster und T\u00fcren mit \u00f6ffener Kammer. Technisches Datenblatt Dichte des Festrahmen 45 mm Fl\u00fcgeldichte 52 mm Breite des Mittelknoten 136\/191 mm Fluge zwischen den Profilen 5 mm Max. Glasdichte 36 mm Max. Tragf\u00e4higkeit Beschl\u00e4ge (Paar) 75\/140 Kg Montage 45\u00b0 Zubeh\u00f6re all.co Dichtigkeitssystem \u00f6ffene Fuge\/ doppel Anschlag Schlie\u00dfsystem Vielflaches &nbsp;<\/p>\n","protected":false},"author":1,"featured_media":0,"parent":19,"menu_order":10,"comment_status":"closed","ping_status":"closed","template":"page-left-right-sidebar.php","meta":{"footnotes":""},"class_list":["post-1346","page","type-page","status-publish","hentry"],"aioseo_notices":[],"_links":{"self":[{"href":"https:\/\/allco.tesecom.net\/de\/wp-json\/wp\/v2\/pages\/1346","targetHints":{"allow":["GET"]}}],"collection":[{"href":"https:\/\/allco.tesecom.net\/de\/wp-json\/wp\/v2\/pages"}],"about":[{"href":"https:\/\/allco.tesecom.net\/de\/wp-json\/wp\/v2\/types\/page"}],"author":[{"embeddable":true,"href":"https:\/\/allco.tesecom.net\/de\/wp-json\/wp\/v2\/users\/1"}],"replies":[{"embeddable":true,"href":"https:\/\/allco.tesecom.net\/de\/wp-json\/wp\/v2\/comments?post=1346"}],"version-history":[{"count":28,"href":"https:\/\/allco.tesecom.net\/de\/wp-json\/wp\/v2\/pages\/1346\/revisions"}],"predecessor-version":[{"id":3323,"href":"https:\/\/allco.tesecom.net\/de\/wp-json\/wp\/v2\/pages\/1346\/revisions\/3323"}],"up":[{"embeddable":true,"href":"https:\/\/allco.tesecom.net\/de\/wp-json\/wp\/v2\/pages\/19"}],"wp:attachment":[{"href":"https:\/\/allco.tesecom.net\/de\/wp-json\/wp\/v2\/media?parent=1346"}],"curies":[{"name":"wp","href":"https:\/\/api.w.org\/{rel}","templated":true}]}}