{"id":1343,"date":"2018-01-15T12:45:53","date_gmt":"2018-01-15T11:45:53","guid":{"rendered":"http:\/\/allco.altervista.org\/?page_id=1343"},"modified":"2023-11-13T16:50:49","modified_gmt":"2023-11-13T15:50:49","slug":"export-68tt-2-2","status":"publish","type":"page","link":"https:\/\/allco.tesecom.net\/de\/architettura-2\/sistemi-a-battente\/new-export-56tt\/","title":{"rendered":"EXPORT 56TT"},"content":{"rendered":"<p class=\"lead\"><\/p>\n<p>Fenster- und T\u00fcren Fl\u00fcgelsystem mit \u00f6ffener Fuge und europ\u00e4ischer Kammer.<\/p>\n<h4>Technisches Datenblatt<\/h4>\n<table class=\"table table-bordered\" style=\"width: 491px;\">\n<tbody>\n<tr>\n<td class=\"active\" style=\"width: 265px;\">Rahmendichte<\/td>\n<td style=\"width: 210px;\">56 mm<\/td>\n<\/tr>\n<tr>\n<td class=\"active\" style=\"width: 265px;\">Fl\u00fcgeldichte<\/td>\n<td style=\"width: 210px;\">63 mm<\/td>\n<\/tr>\n<tr>\n<td class=\"active\" style=\"width: 265px;\">Thermische Trennung<\/td>\n<td style=\"width: 210px;\">25 mm<\/td>\n<\/tr>\n<tr>\n<td class=\"active\" style=\"width: 265px;\">Max. Glasdichte<\/td>\n<td style=\"width: 210px;\">44 mm<\/td>\n<\/tr>\n<tr>\n<td class=\"active\" style=\"width: 265px;\">Zubeh\u00f6re<\/td>\n<td style=\"width: 210px;\">europ\u00e4ische Kammer<\/td>\n<\/tr>\n<tr>\n<td class=\"active\" style=\"width: 265px;\">Max. Tragf\u00e4higkeit Fensterfl\u00fcgel<\/td>\n<td style=\"width: 210px;\">170 Kg<\/td>\n<\/tr>\n<tr>\n<td class=\"active\" style=\"width: 265px;\">Uf nominal<\/td>\n<td style=\"width: 210px;\">1,99 W\/m\u00b2K<\/td>\n<\/tr>\n<tr>\n<td class=\"active\" style=\"width: 265px;\">Dichtigkeit<\/td>\n<td style=\"width: 210px;\">4 &#8211; E900 &#8211; C5<\/td>\n<\/tr>\n<\/tbody>\n<\/table>\n<hr \/>\n<p><span style=\"font-size: 15.5pt; font-family: 'Century Gothic'; color: #7dba27;\">Systemsvorteile<\/span><\/p>\n<p><strong>Optimalen thermischen Leistungen<br \/>\nKleiner Raumbedarf<br \/>\nBreite Typologienpalette<br \/>\nLeicht Montage und Bearbeitung<br \/>\nBreite Vielfalt an Zubeh\u00f6ren<br \/>\nPerfekt zur Geb\u00e4udenrenovierung<br \/>\nLeichte Wartung <br \/>\n<\/strong><\/p>\n<hr \/>\n<p><span style=\"font-size: 15.5pt; font-family: 'Century Gothic'; color: #7dba27;\">Leistungen<\/span><\/p>\n<p>Luftdurchl\u00e4ssigkeit: <br \/>\n<strong>KLASSE 4<\/strong><br \/>\nWasserdichtigkeit:<br \/>\n<strong>KLASSE E900<\/strong><br \/>\nWindbelastbarkeit: <br \/>\n<strong>KLASSE C5<\/strong><\/p>\n<hr \/>\n<p>&nbsp;<\/p>\n<p><\/p>","protected":false},"excerpt":{"rendered":"<p>Fenster- und T\u00fcren Fl\u00fcgelsystem mit \u00f6ffener Fuge und europ\u00e4ischer Kammer. Technisches Datenblatt Rahmendichte 56 mm Fl\u00fcgeldichte 63 mm Thermische Trennung 25 mm Max. Glasdichte 44 mm Zubeh\u00f6re europ\u00e4ische Kammer Max. Tragf\u00e4higkeit Fensterfl\u00fcgel 170 Kg Uf nominal 1,99 W\/m\u00b2K Dichtigkeit 4 &#8211; E900 &#8211; C5 Systemsvorteile Optimalen thermischen Leistungen Kleiner Raumbedarf Breite Typologienpalette Leicht Montage und&#8230;<\/p>\n","protected":false},"author":1,"featured_media":0,"parent":19,"menu_order":5,"comment_status":"closed","ping_status":"closed","template":"page-left-right-sidebar.php","meta":{"footnotes":""},"class_list":["post-1343","page","type-page","status-publish","hentry"],"aioseo_notices":[],"_links":{"self":[{"href":"https:\/\/allco.tesecom.net\/de\/wp-json\/wp\/v2\/pages\/1343","targetHints":{"allow":["GET"]}}],"collection":[{"href":"https:\/\/allco.tesecom.net\/de\/wp-json\/wp\/v2\/pages"}],"about":[{"href":"https:\/\/allco.tesecom.net\/de\/wp-json\/wp\/v2\/types\/page"}],"author":[{"embeddable":true,"href":"https:\/\/allco.tesecom.net\/de\/wp-json\/wp\/v2\/users\/1"}],"replies":[{"embeddable":true,"href":"https:\/\/allco.tesecom.net\/de\/wp-json\/wp\/v2\/comments?post=1343"}],"version-history":[{"count":58,"href":"https:\/\/allco.tesecom.net\/de\/wp-json\/wp\/v2\/pages\/1343\/revisions"}],"predecessor-version":[{"id":4119,"href":"https:\/\/allco.tesecom.net\/de\/wp-json\/wp\/v2\/pages\/1343\/revisions\/4119"}],"up":[{"embeddable":true,"href":"https:\/\/allco.tesecom.net\/de\/wp-json\/wp\/v2\/pages\/19"}],"wp:attachment":[{"href":"https:\/\/allco.tesecom.net\/de\/wp-json\/wp\/v2\/media?parent=1343"}],"curies":[{"name":"wp","href":"https:\/\/api.w.org\/{rel}","templated":true}]}}