{"id":1339,"date":"2018-01-11T09:57:21","date_gmt":"2018-01-11T08:57:21","guid":{"rendered":"http:\/\/allco.altervista.org\/?page_id=1339"},"modified":"2020-03-23T17:53:15","modified_gmt":"2020-03-23T16:53:15","slug":"export-68tt-2","status":"publish","type":"page","link":"https:\/\/allco.tesecom.net\/de\/architettura-2\/sistemi-a-battente\/ht-80\/","title":{"rendered":"HT 80"},"content":{"rendered":"<p class=\"lead\"><\/p>\n<p>T\u00fcr- und Fensterfl\u00fcgelsystem mit thermischer Trennung, offener Fuge und europ\u00e4ischer Kammer.<\/p>\n<h4>Datenblatt<\/h4>\n<table class=\"table table-bordered\" style=\"height: 192px;\">\n<tbody>\n<tr style=\"height: 24px;\">\n<td class=\"active\" style=\"width: 263px; height: 24px;\">Rahmendichte<\/td>\n<td style=\"width: 189px; height: 24px;\">80 mm<\/td>\n<\/tr>\n<tr style=\"height: 24px;\">\n<td class=\"active\" style=\"width: 263px; height: 24px;\">Fl\u00fcgeldichte<\/td>\n<td style=\"width: 189px; height: 24px;\">86 mm<\/td>\n<\/tr>\n<tr style=\"height: 24px;\">\n<td class=\"active\" style=\"width: 263px; height: 24px;\">Thermische Trennung<\/td>\n<td style=\"width: 189px; height: 24px;\">41 mm<\/td>\n<\/tr>\n<tr style=\"height: 24px;\">\n<td class=\"active\" style=\"width: 263px; height: 24px;\">Max. Glas<\/td>\n<td style=\"width: 189px; height: 24px;\">62 mm<\/td>\n<\/tr>\n<tr style=\"height: 24px;\">\n<td class=\"active\" style=\"width: 263px; height: 24px;\">Zubeh\u00f6re<\/td>\n<td style=\"width: 189px; height: 24px;\">Europ\u00e4ische Kammer<\/td>\n<\/tr>\n<tr style=\"height: 24px;\">\n<td class=\"active\" style=\"width: 263px; height: 24px;\">Max. Tragf\u00e4higkeit Fensterfl\u00fcgel<\/td>\n<td style=\"width: 189px; height: 24px;\">170 Kg<\/td>\n<\/tr>\n<tr style=\"height: 24px;\">\n<td class=\"active\" style=\"width: 263px; height: 24px;\">UF nominal<\/td>\n<td style=\"width: 189px; height: 24px;\">1,34 W\/m\u00b2K<\/td>\n<\/tr>\n<tr style=\"height: 24px;\">\n<td class=\"active\" style=\"width: 263px; height: 24px;\">Andauernleistung<\/td>\n<td style=\"width: 189px; height: 24px;\">4 &#8211; 1050 &#8211; C5<\/td>\n<\/tr>\n<\/tbody>\n<\/table>\n<hr \/>\n<p><span style=\"font-size: 15.5pt; font-family: 'Century Gothic'; color: #7dba27;\">Systemsvorteile<\/span><\/p>\n<p class=\"p1\"><strong><span class=\"s1\">Ausgezeichnete thermische Leistung<br \/>\nRundes und elegantes Design<br \/>\nLeichte Montage und Bearbeitung<br \/>\nVerschiedene \u00d6ffnungstypologien<br \/>\nH\u00f6chste Schalld\u00e4mmung<br \/>\nZeitfestigkeit<br \/>\nLeichte Wartung<br \/>\nErm\u00f6glicht gr\u00f6\u00dfer Sichspiegelnbau <\/span><\/strong><\/p>\n<hr \/>\n<p><span style=\"font-size: 15.5pt; font-family: 'Century Gothic'; color: #7dba27;\">Leistungen<\/span><\/p>\n<p>Luftdurchl\u00e4ssigkeit<br \/>\n<strong>KLASSE 4<br \/>\n<\/strong>Wasserdichtigkeit<br \/>\n<strong>KLASSE E1050<br \/>\n<\/strong>Windbelastbarkeit<strong> <br \/>\n<\/strong><strong>KLASSE C5<\/strong><\/p>\n<hr \/>\n<p>&nbsp;<\/p>\n<p><\/p>","protected":false},"excerpt":{"rendered":"<p>T\u00fcr- und Fensterfl\u00fcgelsystem mit thermischer Trennung, offener Fuge und europ\u00e4ischer Kammer. Datenblatt Rahmendichte 80 mm Fl\u00fcgeldichte 86 mm Thermische Trennung 41 mm Max. Glas 62 mm Zubeh\u00f6re Europ\u00e4ische Kammer Max. Tragf\u00e4higkeit Fensterfl\u00fcgel 170 Kg UF nominal 1,34 W\/m\u00b2K Andauernleistung 4 &#8211; 1050 &#8211; C5 Systemsvorteile Ausgezeichnete thermische Leistung Rundes und elegantes Design Leichte Montage und&#8230;<\/p>\n","protected":false},"author":1,"featured_media":0,"parent":19,"menu_order":0,"comment_status":"closed","ping_status":"closed","template":"page-left-right-sidebar.php","meta":{"footnotes":""},"class_list":["post-1339","page","type-page","status-publish","hentry"],"aioseo_notices":[],"_links":{"self":[{"href":"https:\/\/allco.tesecom.net\/de\/wp-json\/wp\/v2\/pages\/1339","targetHints":{"allow":["GET"]}}],"collection":[{"href":"https:\/\/allco.tesecom.net\/de\/wp-json\/wp\/v2\/pages"}],"about":[{"href":"https:\/\/allco.tesecom.net\/de\/wp-json\/wp\/v2\/types\/page"}],"author":[{"embeddable":true,"href":"https:\/\/allco.tesecom.net\/de\/wp-json\/wp\/v2\/users\/1"}],"replies":[{"embeddable":true,"href":"https:\/\/allco.tesecom.net\/de\/wp-json\/wp\/v2\/comments?post=1339"}],"version-history":[{"count":59,"href":"https:\/\/allco.tesecom.net\/de\/wp-json\/wp\/v2\/pages\/1339\/revisions"}],"predecessor-version":[{"id":3296,"href":"https:\/\/allco.tesecom.net\/de\/wp-json\/wp\/v2\/pages\/1339\/revisions\/3296"}],"up":[{"embeddable":true,"href":"https:\/\/allco.tesecom.net\/de\/wp-json\/wp\/v2\/pages\/19"}],"wp:attachment":[{"href":"https:\/\/allco.tesecom.net\/de\/wp-json\/wp\/v2\/media?parent=1339"}],"curies":[{"name":"wp","href":"https:\/\/api.w.org\/{rel}","templated":true}]}}