{"id":13,"date":"2017-08-08T17:01:02","date_gmt":"2017-08-08T15:01:02","guid":{"rendered":"http:\/\/localhost\/lavori\/allco\/?page_id=13"},"modified":"2024-01-03T15:04:01","modified_gmt":"2024-01-03T14:04:01","slug":"ambienti","status":"publish","type":"page","link":"https:\/\/allco.tesecom.net\/de\/allco-group\/ambienti\/","title":{"rendered":"UmweltschutZ"},"content":{"rendered":"<p class=\"lead\"><\/p>\n<p>Umweltschutz ist unser Leitmotiv.<\/p>\n<p>Umweltliebe und Nachhaltigkeit. Die Umweltbewahrung liegt uns am Herzen.<\/p>\n<p>Aluminium ist schlechthin das \u00d6kometall. Ein umweltfreundliches Material, dass immer wieder benutz werden kann und bei dessen Produktion wenig Energie verbraucht wird. Das erm\u00f6glicht uns, die Welt, die Menschen und alle Lebensformen zu respektieren. Sich f\u00fcr unsere Produkte zu entscheiden hei\u00dft, unserem Engagement mitzuteilen: im neuen Jahrtausend Industrie und Umwelt in Einklang zu bringen, um eine heile Zukunft den neuen Generationen abzugeben.<\/p>\n<p>All.co ist nach UNI EN ISO 14001:2004 zertifiziert.<\/p>\n<img decoding=\"async\" class=\"wp-image-1217 aligncenter\" src=\"https:\/\/allco.tesecom.net\/wp-content\/uploads\/2017\/12\/Allco_Spa_web_site_testata_AmbienteRiciclo.jpg\" alt=\"\" width=\"549\" height=\"350\" srcset=\"https:\/\/allco.tesecom.net\/wp-content\/uploads\/2017\/12\/Allco_Spa_web_site_testata_AmbienteRiciclo.jpg 878w, https:\/\/allco.tesecom.net\/wp-content\/uploads\/2017\/12\/Allco_Spa_web_site_testata_AmbienteRiciclo-300x191.jpg 300w, https:\/\/allco.tesecom.net\/wp-content\/uploads\/2017\/12\/Allco_Spa_web_site_testata_AmbienteRiciclo-768x490.jpg 768w\" sizes=\"(max-width: 549px) 100vw, 549px\" \/>\n<p><\/p>","protected":false},"excerpt":{"rendered":"<p>Umweltschutz ist unser Leitmotiv. Umweltliebe und Nachhaltigkeit. Die Umweltbewahrung liegt uns am Herzen. Aluminium ist schlechthin das \u00d6kometall. Ein umweltfreundliches Material, dass immer wieder benutz werden kann und bei dessen Produktion wenig Energie verbraucht wird. Das erm\u00f6glicht uns, die Welt, die Menschen und alle Lebensformen zu respektieren. Sich f\u00fcr unsere Produkte zu entscheiden hei\u00dft, unserem&#8230;<\/p>\n","protected":false},"author":1,"featured_media":4006,"parent":5,"menu_order":0,"comment_status":"closed","ping_status":"closed","template":"page-left-sidebar.php","meta":{"footnotes":""},"class_list":["post-13","page","type-page","status-publish","has-post-thumbnail","hentry"],"aioseo_notices":[],"_links":{"self":[{"href":"https:\/\/allco.tesecom.net\/de\/wp-json\/wp\/v2\/pages\/13","targetHints":{"allow":["GET"]}}],"collection":[{"href":"https:\/\/allco.tesecom.net\/de\/wp-json\/wp\/v2\/pages"}],"about":[{"href":"https:\/\/allco.tesecom.net\/de\/wp-json\/wp\/v2\/types\/page"}],"author":[{"embeddable":true,"href":"https:\/\/allco.tesecom.net\/de\/wp-json\/wp\/v2\/users\/1"}],"replies":[{"embeddable":true,"href":"https:\/\/allco.tesecom.net\/de\/wp-json\/wp\/v2\/comments?post=13"}],"version-history":[{"count":16,"href":"https:\/\/allco.tesecom.net\/de\/wp-json\/wp\/v2\/pages\/13\/revisions"}],"predecessor-version":[{"id":4557,"href":"https:\/\/allco.tesecom.net\/de\/wp-json\/wp\/v2\/pages\/13\/revisions\/4557"}],"up":[{"embeddable":true,"href":"https:\/\/allco.tesecom.net\/de\/wp-json\/wp\/v2\/pages\/5"}],"wp:featuredmedia":[{"embeddable":true,"href":"https:\/\/allco.tesecom.net\/de\/wp-json\/wp\/v2\/media\/4006"}],"wp:attachment":[{"href":"https:\/\/allco.tesecom.net\/de\/wp-json\/wp\/v2\/media?parent=13"}],"curies":[{"name":"wp","href":"https:\/\/api.w.org\/{rel}","templated":true}]}}