{"id":125,"date":"2017-08-10T17:58:32","date_gmt":"2017-08-10T15:58:32","guid":{"rendered":"http:\/\/allco.altervista.org\/?page_id=125"},"modified":"2020-04-01T13:48:29","modified_gmt":"2020-04-01T11:48:29","slug":"trasmittanza-termica","status":"publish","type":"page","link":"https:\/\/allco.tesecom.net\/de\/architettura-2\/trasmittanza-termica\/","title":{"rendered":"W\u00e4rmedurchgangskoeffizient"},"content":{"rendered":"<p class=\"lead\"><\/p>\n<p style=\"text-align: justify;\">Der W\u00e4rmedurchgangskoeffizient, der sog. U-Wert, bestimmt den Verlust der W\u00e4rme, die durch Bauelemente eines Geb\u00e4udes nach au\u00dfen dringt. Da diese \u2013 wie z.B. Fenster \u2013 meist selbst aus mehreren Teilen bestehen, existiert f\u00fcr jedes Teil ein eigener U-Wert, z.B. Uf f\u00fcr den Rahmen und Ug f\u00fcr die Verglasung. Erst nach der Berechnung aller anderen Werte kann der U-Wert f\u00fcr das gesamte Bauteil bestimmt werden, in diesem Fall also Uw f\u00fcr &#8218;window&#8216;. Je geringer der Wert, desto effizienter ist das Bauteil gegen W\u00e4rmeverlust gesch\u00fctzt, womit Sie auf Dauer erhebliche Kosten sparen k\u00f6nnen.<\/p>\n<p style=\"text-align: justify;\">Die Berechnung<\/p>\n<p style=\"text-align: justify;\">Der W\u00e4rmedurchgangskoeffizient Uw von Fenstern wird bestimmt durch:<\/p>\n<p style=\"text-align: justify;\"><img decoding=\"async\" src=\"\/wp-content\/uploads\/2017\/09\/formula_tr.png\" alt=\"\" \/><\/p>\n<p style=\"text-align: justify;\">Der W\u00e4rmedurchgangskoeffizient Uw von Fenstern wird bestimmt durch den W\u00e4rmedurchgangskoeffizienten des Rahmens (Uf), den der Verglasung (Ug) und durch Fl\u00e4chenanteile der beiden Elemente. Durch einen thermisch getrennten, schwach w\u00e4rmeleitenden Abstandhalter im Scheibenzwischenraum (auch Warme Kante genannt) kann er noch weiter verringert werden. Energiesparfenster werden dann als Passivhaus-Fenster qualifiziert, wenn ihr U-Wert kleiner gleich 0,8 W\/m2K ist.<\/p>\n<p style=\"text-align: justify;\"><img decoding=\"async\" src=\"\/wp-content\/uploads\/2017\/09\/formula_tr_2.png\" alt=\"\" \/><\/p>\n<p style=\"text-align: justify;\">Mit der Messung des U-Wertes wird der W\u00e4rmeverlust von innen nach au\u00dfen bestimmt, und zwar pro m2 und pro Stunde bei 1\u00b0 Temperaturunterschied. Leitf\u00e4hige Werkstoffe (Metalle) haben einen ung\u00fcnstigeren, d.h. h\u00f6heren U-Wert als isolierende. Die Ma\u00dfeinheit des U-Wertes ist W\/(m2K).<\/p>\n<p style=\"text-align: justify;\">In anderen Worten:<\/p>\n<p style=\"text-align: justify;\">&#8211; Je niedriger der U-Wert ist, umso geringer ist der W\u00e4rmeverlust.<\/p>\n<p style=\"text-align: justify;\">&#8211; Je kleiner der U-Wert, desto besser die D\u00e4mmung.<\/p>\n<p style=\"text-align: justify;\">&#8211; Je besser die Fenster, desto weniger Geld wird verheizt.<\/p>\n<p style=\"text-align: justify;\">Fenster und W\u00e4nde bestehen heute aus verschiedenen Materialien. So sind Fensterrahmen in den g\u00e4ngigen Werkstoffen Holz, Kunststoff und Aluminium erh\u00e4ltlich. Auch eine Holz-Alu-Kombination ist verf\u00fcgbar, welche die w\u00e4rmed\u00e4mmenden Eigenschaften sowie die weiche Optik von Holz mit der Robustheit des leichten und modernen Aluminiums verbindet.<\/p>\n<p style=\"text-align: justify;\">Holz galt lange Zeit als un\u00fcbertroffen in puncto W\u00e4rmeschutz, allerdings ist Aluminium durch die Entwicklung spezieller Systeme und Verfahren zwischenzeitlich mindestens ebenb\u00fcrtig, wenn man den U-Wert betrachtet. So erreichen Aluminiumrahmen mittlerweile problemlos einen U-Wert von unter 0,9 W\/(m2K). Die betreffende Norme ist die ISO 9869.<\/p>\n<p><\/p>","protected":false},"excerpt":{"rendered":"<p>Der W\u00e4rmedurchgangskoeffizient, der sog. U-Wert, bestimmt den Verlust der W\u00e4rme, die durch Bauelemente eines Geb\u00e4udes nach au\u00dfen dringt. Da diese \u2013 wie z.B. Fenster \u2013 meist selbst aus mehreren Teilen bestehen, existiert f\u00fcr jedes Teil ein eigener U-Wert, z.B. Uf f\u00fcr den Rahmen und Ug f\u00fcr die Verglasung. Erst nach der Berechnung aller anderen Werte&#8230;<\/p>\n","protected":false},"author":1,"featured_media":0,"parent":15,"menu_order":13,"comment_status":"closed","ping_status":"closed","template":"page-left-sidebar.php","meta":{"footnotes":""},"class_list":["post-125","page","type-page","status-publish","hentry"],"aioseo_notices":[],"_links":{"self":[{"href":"https:\/\/allco.tesecom.net\/de\/wp-json\/wp\/v2\/pages\/125","targetHints":{"allow":["GET"]}}],"collection":[{"href":"https:\/\/allco.tesecom.net\/de\/wp-json\/wp\/v2\/pages"}],"about":[{"href":"https:\/\/allco.tesecom.net\/de\/wp-json\/wp\/v2\/types\/page"}],"author":[{"embeddable":true,"href":"https:\/\/allco.tesecom.net\/de\/wp-json\/wp\/v2\/users\/1"}],"replies":[{"embeddable":true,"href":"https:\/\/allco.tesecom.net\/de\/wp-json\/wp\/v2\/comments?post=125"}],"version-history":[{"count":10,"href":"https:\/\/allco.tesecom.net\/de\/wp-json\/wp\/v2\/pages\/125\/revisions"}],"predecessor-version":[{"id":3401,"href":"https:\/\/allco.tesecom.net\/de\/wp-json\/wp\/v2\/pages\/125\/revisions\/3401"}],"up":[{"embeddable":true,"href":"https:\/\/allco.tesecom.net\/de\/wp-json\/wp\/v2\/pages\/15"}],"wp:attachment":[{"href":"https:\/\/allco.tesecom.net\/de\/wp-json\/wp\/v2\/media?parent=125"}],"curies":[{"name":"wp","href":"https:\/\/api.w.org\/{rel}","templated":true}]}}